{"id":743983,"date":"2025-03-03T18:48:54","date_gmt":"2025-03-03T17:48:54","guid":{"rendered":"https:\/\/stoic-curie.212-227-153-4.plesk.page\/producto\/kit-pramcani-potisnik-vetus-55kgf\/"},"modified":"2026-02-25T00:01:11","modified_gmt":"2026-02-25T00:01:11","slug":"kit-pramcani-potisnik-vetus-55kgf","status":"publish","type":"product","link":"https:\/\/stoic-curie.212-227-153-4.plesk.page\/hr\/product\/kit-pramcani-potisnik-vetus-55kgf\/","title":{"rendered":"Kit pram\u010dani potisnik Vetus 55kgf"},"content":{"rendered":"<p>Kit pram\u010dani potisnik Vetus 55kgf &#8211; <\/p>\n<p style=\"color: rgb(34, 34, 34); font-family: Arial, Helvetica, sans-serif; font-size: small;\">Predstavljamo Vetus 55 Kgf kit propulzora, dizajniran za plovila s pomakom do 8,5 metara i za planinske \u010damce veli\u010dine do 12,5 metara. Ovaj sveobuhvatan kit uklju\u010duje:<\/p>\n<ul style=\"color: rgb(34, 34, 34); font-family: Arial, Helvetica, sans-serif; font-size: small;\">\n<li>Motor s propelerom<\/li>\n<li>Bug tunnel promjera 150 mm i duljine 100 cm<\/li>\n<li>BPJE2 joystick upravlja\u010dka plo\u010da<\/li>\n<li>6 metara 4-pole \u017eice<\/li>\n<li>250A\/12V osigura\u010d ili 125A\/24V osigura\u010d s dr\u017ea\u010dem<\/li>\n<\/ul>\n<p style=\"color: rgb(34, 34, 34); font-family: Arial, Helvetica, sans-serif; font-size: small;\">Vetus propulzor, s kapacitetom potiska od 55 kgf, pomno je razvijan tijekom mnogih godina i pogodan je za rekreativne \u010damce od 8 do 12 metara (26 do 39 stopa) du\u017eine.<\/p>\n<p style=\"color: rgb(34, 34, 34); font-family: Arial, Helvetica, sans-serif; font-size: small;\">Ovaj kit dolazi kompletan s propulsorom, GFR tunelom, prekida\u010dem za vrijeme, osigura\u010dem i dr\u017ea\u010dem osigura\u010da.<\/p>\n<p style=\"color: rgb(34, 34, 34); font-family: Arial, Helvetica, sans-serif; font-size: small;\">Klju\u010dne zna\u010dajke:<\/p>\n<ul style=\"color: rgb(34, 34, 34); font-family: Arial, Helvetica, sans-serif; font-size: small;\">\n<li>12 Volt DC verzija<\/li>\n<li>Jednostavna procedura instalacije<\/li>\n<li>Jednostavan dizajn propeleri smanjuje poreme\u0107aje u tunelu<\/li>\n<li>Jedinstveni dizajn lopatica propellera minimizira buku kavitatione<\/li>\n<li>\u0160piralni zup\u010danici smanjuju buku prijenosa<\/li>\n<li>Fleksibilna spojka smanjuje vibration<\/li>\n<li>Stri\u017eni kraj osigurava optimalni tok<\/li>\n<\/ul>\n<p style=\"color: rgb(34, 34, 34); font-family: Arial, Helvetica, sans-serif; font-size: small;\">Dodatne opcije dostupne su za razli\u010dite duljine tunela i joystick kontrole, ako su potrebne.<\/p>\n<p style=\"color: rgb(34, 34, 34); font-family: Arial, Helvetica, sans-serif; font-size: small;\">Komponente seta:<\/p>\n<ul style=\"color: rgb(34, 34, 34); font-family: Arial, Helvetica, sans-serif; font-size: small;\">\n<li>BOW5512D 55Kgf Propulzor<\/li>\n<li>BP150G75 Tunnela<\/li>\n<li>BPSE2 Kontrola<\/li>\n<li>Osigura\u010d i dr\u017ea\u010d<\/li>\n<\/ul>\n<p style=\"color: rgb(34, 34, 34); font-family: Arial, Helvetica, sans-serif; font-size: small;\">Vetus BOW5512D propulzor je izra\u0111en od visokokvalitetnih materijala, \u0161to osigurava sna\u017ean izlaz i dug vijek trajanja. To je izravna zamjena za modele Vetus BOW5512B i Vetus BOW5512C.<\/p>\n<p style=\"color: rgb(34, 34, 34); font-family: Arial, Helvetica, sans-serif; font-size: small;\">Tehni\u010dke specifikacije:<\/p>\n<ul style=\"color: rgb(34, 34, 34); font-family: Arial, Helvetica, sans-serif; font-size: small;\">\n<li>Potiska: 550N (55kgf)<\/li>\n<li>Napon: 12V<\/li>\n<li>Snaga: 3kW (4hp)<\/li>\n<li>Povratni DC motor: Da<\/li>\n<li>Unutarnji promjer tunela: 150 mm<\/li>\n<li>Peso (bez tunela): 20kg<\/li>\n<li>Potro\u0161nja struje: 350A<\/li>\n<li>Maksimalno vrijeme rada po satu: 4 minute<\/li>\n<li>Glavna osigura\u010d (&#8220;slow blow&#8221;): 250A<\/li>\n<li>Zahtjevi za baterije (min. Ah \/ max. Ah): 1 x 108 \/ 1 x 200<\/li>\n<li>Pogodno za plovila od 8,5 m do 12,5 m duljine<\/li>\n<\/ul>\n<p style=\"color: rgb(34, 34, 34); font-family: Arial, Helvetica, sans-serif; font-size: small;\">Ova kit propulzora je izvrstan odabir za vlasnike \u010damaca koji tra\u017ee pouzdanu i u\u010dinkovitu opremu za pobolj\u0161anje plovila.<\/p>\n","protected":false},"excerpt":{"rendered":"<p>Kit pram\u010dani potisnik Vetus 55kgf &#8211; Predstavljamo Vetus 55 Kgf kit propulzora, dizajniran za plovila s pomakom do 8,5 metara<\/p>\n","protected":false},"featured_media":5942179,"comment_status":"open","ping_status":"closed","template":"","meta":[],"product_brand":[3521],"product_cat":[1609],"product_tag":[],"class_list":{"0":"post-743983","1":"product","2":"type-product","3":"status-publish","4":"has-post-thumbnail","6":"product_brand-vetus-hr","7":"product_cat-pramcani-potisnici-vetus","9":"first","10":"instock","11":"shipping-taxable","12":"purchasable","13":"product-type-simple"},"_links":{"self":[{"href":"https:\/\/stoic-curie.212-227-153-4.plesk.page\/hr\/wp-json\/wp\/v2\/product\/743983","targetHints":{"allow":["GET"]}}],"collection":[{"href":"https:\/\/stoic-curie.212-227-153-4.plesk.page\/hr\/wp-json\/wp\/v2\/product"}],"about":[{"href":"https:\/\/stoic-curie.212-227-153-4.plesk.page\/hr\/wp-json\/wp\/v2\/types\/product"}],"replies":[{"embeddable":true,"href":"https:\/\/stoic-curie.212-227-153-4.plesk.page\/hr\/wp-json\/wp\/v2\/comments?post=743983"}],"version-history":[{"count":0,"href":"https:\/\/stoic-curie.212-227-153-4.plesk.page\/hr\/wp-json\/wp\/v2\/product\/743983\/revisions"}],"wp:featuredmedia":[{"embeddable":true,"href":"https:\/\/stoic-curie.212-227-153-4.plesk.page\/hr\/wp-json\/wp\/v2\/media\/5942179"}],"wp:attachment":[{"href":"https:\/\/stoic-curie.212-227-153-4.plesk.page\/hr\/wp-json\/wp\/v2\/media?parent=743983"}],"wp:term":[{"taxonomy":"product_brand","embeddable":true,"href":"https:\/\/stoic-curie.212-227-153-4.plesk.page\/hr\/wp-json\/wp\/v2\/product_brand?post=743983"},{"taxonomy":"product_cat","embeddable":true,"href":"https:\/\/stoic-curie.212-227-153-4.plesk.page\/hr\/wp-json\/wp\/v2\/product_cat?post=743983"},{"taxonomy":"product_tag","embeddable":true,"href":"https:\/\/stoic-curie.212-227-153-4.plesk.page\/hr\/wp-json\/wp\/v2\/product_tag?post=743983"}],"curies":[{"name":"wp","href":"https:\/\/api.w.org\/{rel}","templated":true}]}}