{"id":743984,"date":"2025-03-03T18:48:54","date_gmt":"2025-03-03T17:48:54","guid":{"rendered":"https:\/\/stoic-curie.212-227-153-4.plesk.page\/producto\/elektricni-kabel-za-upravljacke-ploce-vetus-10-metara\/"},"modified":"2026-02-25T00:01:11","modified_gmt":"2026-02-25T00:01:11","slug":"elektricni-kabel-za-upravljacke-ploce-vetus-10-metara","status":"publish","type":"product","link":"https:\/\/stoic-curie.212-227-153-4.plesk.page\/hr\/product\/elektricni-kabel-za-upravljacke-ploce-vetus-10-metara\/","title":{"rendered":"Elektricni kabel za upravlja\u010dke plo\u010de Vetus, 10 metara"},"content":{"rendered":"<p>Elektricni kabel za upravlja\u010dke plo\u010de Vetus, 10 metara &#8211; <\/p>\n<p>IP65 vodootporni dualni upravlja\u010dki paneli koji kombiniraju funkcije dva joysticka u jednu lako upravljivu tipku. BPDJE2: opremljen s dva joysticka, tajmerom i vizualnom alarmom. EZDOCK2: s tipkom za sinkronizirano upravljanje dvjema propelerima (pram\u010dana i krmena). Dimenzije: 85 x 138 mm.<\/p>\n","protected":false},"excerpt":{"rendered":"<p>Elektricni kabel za upravlja\u010dke plo\u010de Vetus, 10 metara &#8211; IP65 vodootporni dualni upravlja\u010dki paneli koji kombiniraju funkcije dva joysticka u<\/p>\n","protected":false},"featured_media":5937165,"comment_status":"open","ping_status":"closed","template":"","meta":[],"product_brand":[3521],"product_cat":[1609],"product_tag":[],"class_list":{"0":"post-743984","1":"product","2":"type-product","3":"status-publish","4":"has-post-thumbnail","6":"product_brand-vetus-hr","7":"product_cat-pramcani-potisnici-vetus","9":"first","10":"instock","11":"shipping-taxable","12":"purchasable","13":"product-type-simple"},"_links":{"self":[{"href":"https:\/\/stoic-curie.212-227-153-4.plesk.page\/hr\/wp-json\/wp\/v2\/product\/743984","targetHints":{"allow":["GET"]}}],"collection":[{"href":"https:\/\/stoic-curie.212-227-153-4.plesk.page\/hr\/wp-json\/wp\/v2\/product"}],"about":[{"href":"https:\/\/stoic-curie.212-227-153-4.plesk.page\/hr\/wp-json\/wp\/v2\/types\/product"}],"replies":[{"embeddable":true,"href":"https:\/\/stoic-curie.212-227-153-4.plesk.page\/hr\/wp-json\/wp\/v2\/comments?post=743984"}],"version-history":[{"count":0,"href":"https:\/\/stoic-curie.212-227-153-4.plesk.page\/hr\/wp-json\/wp\/v2\/product\/743984\/revisions"}],"wp:featuredmedia":[{"embeddable":true,"href":"https:\/\/stoic-curie.212-227-153-4.plesk.page\/hr\/wp-json\/wp\/v2\/media\/5937165"}],"wp:attachment":[{"href":"https:\/\/stoic-curie.212-227-153-4.plesk.page\/hr\/wp-json\/wp\/v2\/media?parent=743984"}],"wp:term":[{"taxonomy":"product_brand","embeddable":true,"href":"https:\/\/stoic-curie.212-227-153-4.plesk.page\/hr\/wp-json\/wp\/v2\/product_brand?post=743984"},{"taxonomy":"product_cat","embeddable":true,"href":"https:\/\/stoic-curie.212-227-153-4.plesk.page\/hr\/wp-json\/wp\/v2\/product_cat?post=743984"},{"taxonomy":"product_tag","embeddable":true,"href":"https:\/\/stoic-curie.212-227-153-4.plesk.page\/hr\/wp-json\/wp\/v2\/product_tag?post=743984"}],"curies":[{"name":"wp","href":"https:\/\/api.w.org\/{rel}","templated":true}]}}