{"id":743989,"date":"2025-03-03T18:48:56","date_gmt":"2025-03-03T17:48:56","guid":{"rendered":"https:\/\/stoic-curie.212-227-153-4.plesk.page\/producto\/rezervni-prijenos-za-vetus-55\/"},"modified":"2026-02-25T00:01:11","modified_gmt":"2026-02-25T00:01:11","slug":"rezervni-prijenos-za-vetus-55","status":"publish","type":"product","link":"https:\/\/stoic-curie.212-227-153-4.plesk.page\/hr\/product\/rezervni-prijenos-za-vetus-55\/","title":{"rendered":"Rezervni prijenos za Vetus 55kgf"},"content":{"rendered":"<p>Rezervni prijenos za Vetus 55kgf &#8211; <\/p>\n<p>Vetus SET0078 donja jedinica je kompletnik zamjenski set specijalno dizajniran za Vetus BOW5512 i BOW5524 B i C modele. Ovaj pa\u017eljivo izra\u0111eni set uklju\u010duje sve klju\u010dne komponente potrebne za jednostavan postupak instalacije, osiguravaju\u0107i da mo\u017eete posti\u0107i pouzdanu izvedbu uz minimalne pote\u0161ko\u0107e. Koriste\u0107i ovaj set, mo\u017eete biti sigurni da \u0107e va\u0161 morski pogonski sustav raditi glatko i u\u010dinkovito, pobolj\u0161avaju\u0107i va\u0161e ukupno iskustvo plovidbe.<\/p>\n<p>U setu se nalaze nekoliko klju\u010dnih komponenti: cjeloviti donji dio koji sadr\u017ei spline pogon za optimalnu funkcionalnost, brtva tunela koja osigurava \u010dvrsto prianjanje, te klin za donji dio uz brtve za dodatnu stabilnost. Osim toga, set dolazi s pri\u010dvr\u0161\u0107iva\u010dima koji su opremljeni opru\u017enim podlo\u0161cima za pobolj\u0161anu izdr\u017eljivost, pogonskom iglom za pouzdanu vezu i anodom koja je prakti\u010dno unaprijed postavljena za za\u0161titu od korozije.<\/p>\n","protected":false},"excerpt":{"rendered":"<p>Rezervni prijenos za Vetus 55kgf &#8211; Vetus SET0078 donja jedinica je kompletnik zamjenski set specijalno dizajniran za Vetus BOW5512 i<\/p>\n","protected":false},"featured_media":5945846,"comment_status":"open","ping_status":"closed","template":"","meta":[],"product_brand":[3521],"product_cat":[1609],"product_tag":[],"class_list":{"0":"post-743989","1":"product","2":"type-product","3":"status-publish","4":"has-post-thumbnail","6":"product_brand-vetus-hr","7":"product_cat-pramcani-potisnici-vetus","9":"first","10":"instock","11":"shipping-taxable","12":"purchasable","13":"product-type-simple"},"_links":{"self":[{"href":"https:\/\/stoic-curie.212-227-153-4.plesk.page\/hr\/wp-json\/wp\/v2\/product\/743989","targetHints":{"allow":["GET"]}}],"collection":[{"href":"https:\/\/stoic-curie.212-227-153-4.plesk.page\/hr\/wp-json\/wp\/v2\/product"}],"about":[{"href":"https:\/\/stoic-curie.212-227-153-4.plesk.page\/hr\/wp-json\/wp\/v2\/types\/product"}],"replies":[{"embeddable":true,"href":"https:\/\/stoic-curie.212-227-153-4.plesk.page\/hr\/wp-json\/wp\/v2\/comments?post=743989"}],"version-history":[{"count":0,"href":"https:\/\/stoic-curie.212-227-153-4.plesk.page\/hr\/wp-json\/wp\/v2\/product\/743989\/revisions"}],"wp:featuredmedia":[{"embeddable":true,"href":"https:\/\/stoic-curie.212-227-153-4.plesk.page\/hr\/wp-json\/wp\/v2\/media\/5945846"}],"wp:attachment":[{"href":"https:\/\/stoic-curie.212-227-153-4.plesk.page\/hr\/wp-json\/wp\/v2\/media?parent=743989"}],"wp:term":[{"taxonomy":"product_brand","embeddable":true,"href":"https:\/\/stoic-curie.212-227-153-4.plesk.page\/hr\/wp-json\/wp\/v2\/product_brand?post=743989"},{"taxonomy":"product_cat","embeddable":true,"href":"https:\/\/stoic-curie.212-227-153-4.plesk.page\/hr\/wp-json\/wp\/v2\/product_cat?post=743989"},{"taxonomy":"product_tag","embeddable":true,"href":"https:\/\/stoic-curie.212-227-153-4.plesk.page\/hr\/wp-json\/wp\/v2\/product_tag?post=743989"}],"curies":[{"name":"wp","href":"https:\/\/api.w.org\/{rel}","templated":true}]}}