{"id":743992,"date":"2025-03-03T18:48:57","date_gmt":"2025-03-03T17:48:57","guid":{"rendered":"https:\/\/stoic-curie.212-227-153-4.plesk.page\/producto\/rezervni-mjenjac-za-vetus-125\/"},"modified":"2026-02-25T00:01:11","modified_gmt":"2026-02-25T00:01:11","slug":"rezervni-mjenjac-za-vetus-125","status":"publish","type":"product","link":"https:\/\/stoic-curie.212-227-153-4.plesk.page\/hr\/product\/rezervni-mjenjac-za-vetus-125\/","title":{"rendered":"Rezervni mjenjac za Vetus 125"},"content":{"rendered":"<p>Rezervni mjenjac za Vetus 125 &#8211; <\/p>\n<p>Ovaj proizvod je originalni rezervni deo Vetus, posebno dizajniran kao prenos za Vetus 125 kgf model. Pored prenosa, dolazi sa potezom koji je kompatibilan sa propelerima od pramca, poznatim i kao thrusteri od pramca, koje proizvodi Vetus. Ako posedujete model koji je proizveden pre 2019. godine, va\u017eno je proveriti kompatibilnost ovog dela sa va\u0161im sistemom. Da biste to uradili, molimo vas da proverite oznaku motora na va\u0161oj opremi kako biste osigurali da odgovara specifikacijama potrebnim za pravilnu instalaciju i funkcionalnost.<\/p>\n","protected":false},"excerpt":{"rendered":"<p>Rezervni mjenjac za Vetus 125 &#8211; Ovaj proizvod je originalni rezervni deo Vetus, posebno dizajniran kao prenos za Vetus 125<\/p>\n","protected":false},"featured_media":5945846,"comment_status":"open","ping_status":"closed","template":"","meta":[],"product_brand":[3521],"product_cat":[1609],"product_tag":[],"class_list":{"0":"post-743992","1":"product","2":"type-product","3":"status-publish","4":"has-post-thumbnail","6":"product_brand-vetus-hr","7":"product_cat-pramcani-potisnici-vetus","9":"first","10":"instock","11":"shipping-taxable","12":"purchasable","13":"product-type-simple"},"_links":{"self":[{"href":"https:\/\/stoic-curie.212-227-153-4.plesk.page\/hr\/wp-json\/wp\/v2\/product\/743992","targetHints":{"allow":["GET"]}}],"collection":[{"href":"https:\/\/stoic-curie.212-227-153-4.plesk.page\/hr\/wp-json\/wp\/v2\/product"}],"about":[{"href":"https:\/\/stoic-curie.212-227-153-4.plesk.page\/hr\/wp-json\/wp\/v2\/types\/product"}],"replies":[{"embeddable":true,"href":"https:\/\/stoic-curie.212-227-153-4.plesk.page\/hr\/wp-json\/wp\/v2\/comments?post=743992"}],"version-history":[{"count":0,"href":"https:\/\/stoic-curie.212-227-153-4.plesk.page\/hr\/wp-json\/wp\/v2\/product\/743992\/revisions"}],"wp:featuredmedia":[{"embeddable":true,"href":"https:\/\/stoic-curie.212-227-153-4.plesk.page\/hr\/wp-json\/wp\/v2\/media\/5945846"}],"wp:attachment":[{"href":"https:\/\/stoic-curie.212-227-153-4.plesk.page\/hr\/wp-json\/wp\/v2\/media?parent=743992"}],"wp:term":[{"taxonomy":"product_brand","embeddable":true,"href":"https:\/\/stoic-curie.212-227-153-4.plesk.page\/hr\/wp-json\/wp\/v2\/product_brand?post=743992"},{"taxonomy":"product_cat","embeddable":true,"href":"https:\/\/stoic-curie.212-227-153-4.plesk.page\/hr\/wp-json\/wp\/v2\/product_cat?post=743992"},{"taxonomy":"product_tag","embeddable":true,"href":"https:\/\/stoic-curie.212-227-153-4.plesk.page\/hr\/wp-json\/wp\/v2\/product_tag?post=743992"}],"curies":[{"name":"wp","href":"https:\/\/api.w.org\/{rel}","templated":true}]}}