{"id":743994,"date":"2025-03-03T18:48:57","date_gmt":"2025-03-03T17:48:57","guid":{"rendered":"https:\/\/stoic-curie.212-227-153-4.plesk.page\/producto\/tunel-od-stakloplastike-za-quick-btq-125-125mm-x-75cm\/"},"modified":"2026-02-25T00:01:11","modified_gmt":"2026-02-25T00:01:11","slug":"tunel-od-stakloplastike-za-quick-btq-125-125mm-x-75cm","status":"publish","type":"product","link":"https:\/\/stoic-curie.212-227-153-4.plesk.page\/hr\/product\/tunel-od-stakloplastike-za-quick-btq-125-125mm-x-75cm\/","title":{"rendered":"Tunel od stakloplastike 125mm x 75cm"},"content":{"rendered":"<p>Tunel od stakloplastike 125mm x 75cm &#8211; <\/p>\n<p>Ovaj fiberglasni tunel posebno je dizajniran za instalaciju potisnika, osiguravaju\u0107i kompatibilnost s markama Quick i Vetus. S duljinom od 75 cm i promjerom od 125 mm, ovaj tunel je izvrstan izbor za pobolj\u0161anje va\u0161eg iskustva plovidbe. Njegov robusni dizajn \u010dini ga pouzdanim rje\u0161enjem za razli\u010dite pomorske primjene, pru\u017eaju\u0107i potrebnu podr\u0161ku i funkcionalnost za va\u0161 potisnik.<\/p>\n<p><strong>Tehni\u010dki podaci:<\/strong><\/p>\n<ul>\n<li><strong>Materijal:<\/strong> GRP (stakloplastika) \u2013 poznata po svojoj snazi i izdr\u017eljivosti<\/li>\n<li><strong>Marka:<\/strong> Quick \u2013 pouzdano ime u pomorskoj opremi<\/li>\n<li><strong>Duljina:<\/strong> 750 mm \u2013 pru\u017ea dovoljno prostora za instalaciju<\/li>\n<li><strong>Promjer:<\/strong> 125 mm \u2013 prikladan za standardne priklju\u010dke potisnika<\/li>\n<li><strong>Debljina:<\/strong> 5.5 mm \u2013 osigurava strukturnu \u010dvrsto\u0107u i dugotrajnost u pomorskim uvjetima<\/li>\n<\/ul>\n","protected":false},"excerpt":{"rendered":"<p>Tunel od stakloplastike 125mm x 75cm &#8211; Ovaj fiberglasni tunel posebno je dizajniran za instalaciju potisnika, osiguravaju\u0107i kompatibilnost s markama<\/p>\n","protected":false},"featured_media":5942044,"comment_status":"open","ping_status":"closed","template":"","meta":[],"product_brand":[3281],"product_cat":[1610,1609],"product_tag":[],"class_list":{"0":"post-743994","1":"product","2":"type-product","3":"status-publish","4":"has-post-thumbnail","6":"product_brand-quick-hr","7":"product_cat-pramcani-potisnici-quick","8":"product_cat-pramcani-potisnici-vetus","10":"first","11":"instock","12":"shipping-taxable","13":"purchasable","14":"product-type-simple"},"_links":{"self":[{"href":"https:\/\/stoic-curie.212-227-153-4.plesk.page\/hr\/wp-json\/wp\/v2\/product\/743994","targetHints":{"allow":["GET"]}}],"collection":[{"href":"https:\/\/stoic-curie.212-227-153-4.plesk.page\/hr\/wp-json\/wp\/v2\/product"}],"about":[{"href":"https:\/\/stoic-curie.212-227-153-4.plesk.page\/hr\/wp-json\/wp\/v2\/types\/product"}],"replies":[{"embeddable":true,"href":"https:\/\/stoic-curie.212-227-153-4.plesk.page\/hr\/wp-json\/wp\/v2\/comments?post=743994"}],"version-history":[{"count":0,"href":"https:\/\/stoic-curie.212-227-153-4.plesk.page\/hr\/wp-json\/wp\/v2\/product\/743994\/revisions"}],"wp:featuredmedia":[{"embeddable":true,"href":"https:\/\/stoic-curie.212-227-153-4.plesk.page\/hr\/wp-json\/wp\/v2\/media\/5942044"}],"wp:attachment":[{"href":"https:\/\/stoic-curie.212-227-153-4.plesk.page\/hr\/wp-json\/wp\/v2\/media?parent=743994"}],"wp:term":[{"taxonomy":"product_brand","embeddable":true,"href":"https:\/\/stoic-curie.212-227-153-4.plesk.page\/hr\/wp-json\/wp\/v2\/product_brand?post=743994"},{"taxonomy":"product_cat","embeddable":true,"href":"https:\/\/stoic-curie.212-227-153-4.plesk.page\/hr\/wp-json\/wp\/v2\/product_cat?post=743994"},{"taxonomy":"product_tag","embeddable":true,"href":"https:\/\/stoic-curie.212-227-153-4.plesk.page\/hr\/wp-json\/wp\/v2\/product_tag?post=743994"}],"curies":[{"name":"wp","href":"https:\/\/api.w.org\/{rel}","templated":true}]}}