{"id":743997,"date":"2025-03-03T18:48:58","date_gmt":"2025-03-03T17:48:58","guid":{"rendered":"https:\/\/stoic-curie.212-227-153-4.plesk.page\/producto\/tunel-od-stakloplastike-za-vetus-60-75-95-185-mm-x-75-cm\/"},"modified":"2026-02-25T00:01:11","modified_gmt":"2026-02-25T00:01:11","slug":"tunel-od-stakloplastike-za-vetus-60-75-95-185-mm-x-75-cm","status":"publish","type":"product","link":"https:\/\/stoic-curie.212-227-153-4.plesk.page\/hr\/product\/tunel-od-stakloplastike-za-vetus-60-75-95-185-mm-x-75-cm\/","title":{"rendered":"Tunel od stakloplastike 185 mm x 75 cm"},"content":{"rendered":"<p>Tunel od stakloplastike 185 mm x 75 cm &#8211; <\/p>\n<p>Ovaj tunel od stakloplastike pa\u017eljivo je dizajniran za instalaciju sustava za pomo\u0107 pri vo\u017enji, \u0161to ga \u010dini idealnim izborom za ljubitelje brodova. Kompatibilan je s markama Quick i Vetus, pru\u017eaju\u0107i fleksibilnost za razli\u010dite konfiguracije brodova. Sa du\u017einom od 75 cm i promjerom od 185 mm, ovaj tunel predstavlja izvrsnu opciju za ispunjavanje va\u0161ih specifi\u010dnih zahtjeva za plovidbu i pobolj\u0161anje manevarskih sposobnosti va\u0161eg plovila.<\/p>\n<p><strong>Specifikacije:<\/strong><\/p>\n<ul>\n<li><strong>Materijal:<\/strong> GRP (stakloplastika), poznata po svojoj izdr\u017eljivosti i snazi<\/li>\n<li><strong>Marka:<\/strong> Quick, pouzdan naziv u opremi za more<\/li>\n<li><strong>Du\u017eina:<\/strong> 750 mm, koja pru\u017ea dovoljno prostora za instalaciju<\/li>\n<li><strong>Promjer:<\/strong> 185 mm, prikladan za niz modela sustava za pomo\u0107 pri vo\u017enji<\/li>\n<li><strong>Debljina:<\/strong> 5,5 mm, osiguravaju\u0107i robusnu konstrukciju za dugotrajne performanse<\/li>\n<\/ul>\n","protected":false},"excerpt":{"rendered":"<p>Tunel od stakloplastike 185 mm x 75 cm &#8211; Ovaj tunel od stakloplastike pa\u017eljivo je dizajniran za instalaciju sustava za<\/p>\n","protected":false},"featured_media":5942044,"comment_status":"open","ping_status":"closed","template":"","meta":[],"product_brand":[3281],"product_cat":[1610,1609],"product_tag":[],"class_list":{"0":"post-743997","1":"product","2":"type-product","3":"status-publish","4":"has-post-thumbnail","6":"product_brand-quick-hr","7":"product_cat-pramcani-potisnici-quick","8":"product_cat-pramcani-potisnici-vetus","10":"first","11":"instock","12":"shipping-taxable","13":"purchasable","14":"product-type-simple"},"_links":{"self":[{"href":"https:\/\/stoic-curie.212-227-153-4.plesk.page\/hr\/wp-json\/wp\/v2\/product\/743997","targetHints":{"allow":["GET"]}}],"collection":[{"href":"https:\/\/stoic-curie.212-227-153-4.plesk.page\/hr\/wp-json\/wp\/v2\/product"}],"about":[{"href":"https:\/\/stoic-curie.212-227-153-4.plesk.page\/hr\/wp-json\/wp\/v2\/types\/product"}],"replies":[{"embeddable":true,"href":"https:\/\/stoic-curie.212-227-153-4.plesk.page\/hr\/wp-json\/wp\/v2\/comments?post=743997"}],"version-history":[{"count":0,"href":"https:\/\/stoic-curie.212-227-153-4.plesk.page\/hr\/wp-json\/wp\/v2\/product\/743997\/revisions"}],"wp:featuredmedia":[{"embeddable":true,"href":"https:\/\/stoic-curie.212-227-153-4.plesk.page\/hr\/wp-json\/wp\/v2\/media\/5942044"}],"wp:attachment":[{"href":"https:\/\/stoic-curie.212-227-153-4.plesk.page\/hr\/wp-json\/wp\/v2\/media?parent=743997"}],"wp:term":[{"taxonomy":"product_brand","embeddable":true,"href":"https:\/\/stoic-curie.212-227-153-4.plesk.page\/hr\/wp-json\/wp\/v2\/product_brand?post=743997"},{"taxonomy":"product_cat","embeddable":true,"href":"https:\/\/stoic-curie.212-227-153-4.plesk.page\/hr\/wp-json\/wp\/v2\/product_cat?post=743997"},{"taxonomy":"product_tag","embeddable":true,"href":"https:\/\/stoic-curie.212-227-153-4.plesk.page\/hr\/wp-json\/wp\/v2\/product_tag?post=743997"}],"curies":[{"name":"wp","href":"https:\/\/api.w.org\/{rel}","templated":true}]}}