{"id":743998,"date":"2025-03-03T18:48:58","date_gmt":"2025-03-03T17:48:58","guid":{"rendered":"https:\/\/stoic-curie.212-227-153-4.plesk.page\/producto\/tunel-od-stakloplastike-185-mm-x-100-cm-za-quick-btq185\/"},"modified":"2026-02-25T00:01:11","modified_gmt":"2026-02-25T00:01:11","slug":"tunel-od-stakloplastike-185-mm-x-100-cm-za-quick-btq185","status":"publish","type":"product","link":"https:\/\/stoic-curie.212-227-153-4.plesk.page\/hr\/product\/tunel-od-stakloplastike-185-mm-x-100-cm-za-quick-btq185\/","title":{"rendered":"Tunel od stakloplastike 185 mm x 100 cm"},"content":{"rendered":"<p>Tunel od stakloplastike 185 mm x 100 cm &#8211; <\/p>\n<p>Ovaj stakloplasti\u010dni tunel je pomno dizajniran za besprijekornu instalaciju propulzora, \u0161to ga \u010dini izvrstan izbor za ljubitelje brodova. Kompatibilan je s markama Quick i Vetus, osiguravaju\u0107i svestranost za razli\u010dite brodske postavke. S duljinom od 1 metra i promjerom od 185 mm, ovaj tunel predstavlja idealno rje\u0161enje za va\u0161e specifi\u010dne brodske potrebe, pru\u017eaju\u0107i funkcionalnost i pouzdanost.<\/p>\n<p><strong>Specifikacije:<\/strong><\/p>\n<ul>\n<li><strong>Materijal:<\/strong> GRP (plasti\u010dni kompozit oja\u010dan staklenim vlaknima), poznat po svojoj \u010dvrsto\u0107i i izdr\u017eljivosti<\/li>\n<li><strong>Brand:<\/strong> Quick, pouzdano ime u pomorskoj opremi<\/li>\n<li><strong>Duljina:<\/strong> 1000 mm, pru\u017eaju\u0107i dovoljno prostora za instalaciju<\/li>\n<li><strong>Promjer:<\/strong> 185 mm, dizajniran za standardne veli\u010dine propulzora<\/li>\n<li><strong>Debljina:<\/strong> 5,5 mm, osiguravaju\u0107i \u010dvrstu konstrukciju za dugotrajne performanse<\/li>\n<\/ul>\n<p>Ovaj proizvod je vrijedan dodatak za pobolj\u0161anje va\u0161eg iskustva plovidbe.<\/p>\n","protected":false},"excerpt":{"rendered":"<p>Tunel od stakloplastike 185 mm x 100 cm &#8211; Ovaj stakloplasti\u010dni tunel je pomno dizajniran za besprijekornu instalaciju propulzora, \u0161to<\/p>\n","protected":false},"featured_media":5942044,"comment_status":"open","ping_status":"closed","template":"","meta":[],"product_brand":[3281],"product_cat":[1610,1609],"product_tag":[],"class_list":{"0":"post-743998","1":"product","2":"type-product","3":"status-publish","4":"has-post-thumbnail","6":"product_brand-quick-hr","7":"product_cat-pramcani-potisnici-quick","8":"product_cat-pramcani-potisnici-vetus","10":"first","11":"instock","12":"shipping-taxable","13":"purchasable","14":"product-type-simple"},"_links":{"self":[{"href":"https:\/\/stoic-curie.212-227-153-4.plesk.page\/hr\/wp-json\/wp\/v2\/product\/743998","targetHints":{"allow":["GET"]}}],"collection":[{"href":"https:\/\/stoic-curie.212-227-153-4.plesk.page\/hr\/wp-json\/wp\/v2\/product"}],"about":[{"href":"https:\/\/stoic-curie.212-227-153-4.plesk.page\/hr\/wp-json\/wp\/v2\/types\/product"}],"replies":[{"embeddable":true,"href":"https:\/\/stoic-curie.212-227-153-4.plesk.page\/hr\/wp-json\/wp\/v2\/comments?post=743998"}],"version-history":[{"count":0,"href":"https:\/\/stoic-curie.212-227-153-4.plesk.page\/hr\/wp-json\/wp\/v2\/product\/743998\/revisions"}],"wp:featuredmedia":[{"embeddable":true,"href":"https:\/\/stoic-curie.212-227-153-4.plesk.page\/hr\/wp-json\/wp\/v2\/media\/5942044"}],"wp:attachment":[{"href":"https:\/\/stoic-curie.212-227-153-4.plesk.page\/hr\/wp-json\/wp\/v2\/media?parent=743998"}],"wp:term":[{"taxonomy":"product_brand","embeddable":true,"href":"https:\/\/stoic-curie.212-227-153-4.plesk.page\/hr\/wp-json\/wp\/v2\/product_brand?post=743998"},{"taxonomy":"product_cat","embeddable":true,"href":"https:\/\/stoic-curie.212-227-153-4.plesk.page\/hr\/wp-json\/wp\/v2\/product_cat?post=743998"},{"taxonomy":"product_tag","embeddable":true,"href":"https:\/\/stoic-curie.212-227-153-4.plesk.page\/hr\/wp-json\/wp\/v2\/product_tag?post=743998"}],"curies":[{"name":"wp","href":"https:\/\/api.w.org\/{rel}","templated":true}]}}