{"id":743999,"date":"2025-03-03T18:48:58","date_gmt":"2025-03-03T17:48:58","guid":{"rendered":"https:\/\/stoic-curie.212-227-153-4.plesk.page\/producto\/tunel-od-stakloplastike-za-quick-btq185-185mm-x-150cm\/"},"modified":"2026-02-25T00:01:11","modified_gmt":"2026-02-25T00:01:11","slug":"tunel-od-stakloplastike-za-quick-btq185-185mm-x-150cm","status":"publish","type":"product","link":"https:\/\/stoic-curie.212-227-153-4.plesk.page\/hr\/product\/tunel-od-stakloplastike-za-quick-btq185-185mm-x-150cm\/","title":{"rendered":"Tunel od stakloplastike 185mm x 150cm"},"content":{"rendered":"<p>Tunel od stakloplastike 185mm x 150cm &#8211; <\/p>\n<p>Ovaj fiberglasni tunel pa\u017eljivo je dizajniran za besprijekornu instalaciju propellera, osiguravaju\u0107i kompatibilnost s brendovima Quick i Vetus. S du\u017einom od 1,5 metra i promjerom od 185 mm, ovaj tunel je klju\u010dna komponenta za pobolj\u0161anje manevriranja va\u0161eg plovila.<\/p>\n<p><strong>Specifikacije:<\/strong><\/p>\n<ul>\n<li><strong>Materijal:<\/strong> Izra\u0111en od visokokvalitetnog GRP-a (stakloplastike), koji nudi izvrsnu izdr\u017eljivost i otpornost na te\u0161ke pomorske uvjete.<\/li>\n<li><strong>Marka:<\/strong> Quick, poznat po pouzdanim i inovativnim pomorskim proizvodima.<\/li>\n<li><strong>Du\u017eina:<\/strong> 1500 mm, pru\u017eaju\u0107i dovoljno prostora za u\u010dinkovitu instalaciju.<\/li>\n<li><strong>Promjer:<\/strong> 185 mm, osiguravaju\u0107i savr\u0161eno prianjanje za va\u0161 propeler.<\/li>\n<li><strong>Debljina:<\/strong> 5,5 mm, \u0161to pru\u017ea robusnu strukturalnu cjelovitost za dugotrajnu izvedbu.<\/li>\n<\/ul>\n","protected":false},"excerpt":{"rendered":"<p>Tunel od stakloplastike 185mm x 150cm &#8211; Ovaj fiberglasni tunel pa\u017eljivo je dizajniran za besprijekornu instalaciju propellera, osiguravaju\u0107i kompatibilnost s<\/p>\n","protected":false},"featured_media":5942044,"comment_status":"open","ping_status":"closed","template":"","meta":[],"product_brand":[3281],"product_cat":[1610,1609],"product_tag":[],"class_list":{"0":"post-743999","1":"product","2":"type-product","3":"status-publish","4":"has-post-thumbnail","6":"product_brand-quick-hr","7":"product_cat-pramcani-potisnici-quick","8":"product_cat-pramcani-potisnici-vetus","10":"first","11":"instock","12":"shipping-taxable","13":"purchasable","14":"product-type-simple"},"_links":{"self":[{"href":"https:\/\/stoic-curie.212-227-153-4.plesk.page\/hr\/wp-json\/wp\/v2\/product\/743999","targetHints":{"allow":["GET"]}}],"collection":[{"href":"https:\/\/stoic-curie.212-227-153-4.plesk.page\/hr\/wp-json\/wp\/v2\/product"}],"about":[{"href":"https:\/\/stoic-curie.212-227-153-4.plesk.page\/hr\/wp-json\/wp\/v2\/types\/product"}],"replies":[{"embeddable":true,"href":"https:\/\/stoic-curie.212-227-153-4.plesk.page\/hr\/wp-json\/wp\/v2\/comments?post=743999"}],"version-history":[{"count":0,"href":"https:\/\/stoic-curie.212-227-153-4.plesk.page\/hr\/wp-json\/wp\/v2\/product\/743999\/revisions"}],"wp:featuredmedia":[{"embeddable":true,"href":"https:\/\/stoic-curie.212-227-153-4.plesk.page\/hr\/wp-json\/wp\/v2\/media\/5942044"}],"wp:attachment":[{"href":"https:\/\/stoic-curie.212-227-153-4.plesk.page\/hr\/wp-json\/wp\/v2\/media?parent=743999"}],"wp:term":[{"taxonomy":"product_brand","embeddable":true,"href":"https:\/\/stoic-curie.212-227-153-4.plesk.page\/hr\/wp-json\/wp\/v2\/product_brand?post=743999"},{"taxonomy":"product_cat","embeddable":true,"href":"https:\/\/stoic-curie.212-227-153-4.plesk.page\/hr\/wp-json\/wp\/v2\/product_cat?post=743999"},{"taxonomy":"product_tag","embeddable":true,"href":"https:\/\/stoic-curie.212-227-153-4.plesk.page\/hr\/wp-json\/wp\/v2\/product_tag?post=743999"}],"curies":[{"name":"wp","href":"https:\/\/api.w.org\/{rel}","templated":true}]}}