{"id":744000,"date":"2025-03-03T18:48:59","date_gmt":"2025-03-03T17:48:59","guid":{"rendered":"https:\/\/stoic-curie.212-227-153-4.plesk.page\/producto\/pramcani-potisnik-quick-btq-250-140-24v\/"},"modified":"2026-02-25T00:01:11","modified_gmt":"2026-02-25T00:01:11","slug":"pramcani-potisnik-quick-btq-250-140-24v","status":"publish","type":"product","link":"https:\/\/stoic-curie.212-227-153-4.plesk.page\/hr\/product\/pramcani-potisnik-quick-btq-250-140-24v\/","title":{"rendered":"Pram\u010dani potisnik Quick BTQ 250-140 24v"},"content":{"rendered":"<p>Pram\u010dani potisnik Quick BTQ 250-140 24v &#8211; <\/p>\n<p>Quick BTQ250 propeler za pramac s 2 suprotno rotiraju\u0107e propeller. &#8211; Dvostruki propeler napravljen od \u010dvrstog kompozitnog materijala &#8211; Bron\u010dana prijenosna kutija &#8211; Za\u0161titna kapsula za solenoide u \u010dvrstom kompozitnom materijalu &#8211; Cinkova anoda neovisna od prijenosne kutije i stoga lako zamjenjiva &#8211; Opremljen elasti\u010dnom spojkom &#8211; Preporu\u010dena du\u017eina plovila od 14-21 m (45-69 ft)<\/p>\n<p><strong>MODEL BTQ 250-140 Sustav pogona<\/strong><\/p>\n<ul>\n<li><strong>Vrsta propellera:<\/strong> Dvostruki propeler<\/li>\n<li><strong>Promjer tunela:<\/strong> 250 mm (9 in\u010da 27\/32)<\/li>\n<li><strong>Snaga motora:<\/strong> 8 kW<\/li>\n<li><strong>Napon:<\/strong> 24 V<\/li>\n<li><strong>Potisak:<\/strong> 140 Kgf (309 lb)<\/li>\n<li><strong>Te\u017eina:<\/strong> 34.2 kg (75.4 lb)<\/li>\n<li><strong>Preporu\u010dena veli\u010dina plovila:<\/strong> 12 &#8211; 19 m (39 &#8211; 62 ft)<\/li>\n<\/ul>\n<p>Quick BTQ 250 je propeler za pramac koji ima dvostruki suprotno rotiraju\u0107i propeler, izra\u0111en od izdr\u017eljivog kompozitnog materijala. Klju\u010dne osobine ovog modela uklju\u010duju solenoid za\u0161ti\u0107en \u010dvrstim kompozitnim materijalom, bron\u010danu prijenosnu kutiju i neovisnu cinkovu anodnu za lak\u0161u zamjenu. Uz to, uklju\u010duje elasti\u010dnu spojku. Ova jedinica dolazi s kompletnim propelerskim sustavom i korisni\u010dkim priru\u010dnikom.<\/p>\n<p><strong>Specifikacije modela:<\/strong><\/p>\n<table>\n<thead>\n<tr>\n<th>Model<\/th>\n<th>BTQ 250-120<\/th>\n<th>BTQ 250-140<\/th>\n<th>BTQ 250-240<\/th>\n<\/tr>\n<\/thead>\n<tbody>\n<tr>\n<td><strong>Sustav pogona<\/strong><\/td>\n<td>Dvostruki propeler<\/td>\n<td>Dvostruki propeler<\/td>\n<td>Dvostruki propeler<\/td>\n<\/tr>\n<tr>\n<td><strong>Promjer tunela<\/strong><\/td>\n<td>9.85&#8243;<\/td>\n<td>9.85&#8243;<\/td>\n<td>9.85&#8243;<\/td>\n<\/tr>\n<tr>\n<td><strong>Snaga motora<\/strong><\/td>\n<td>6.5 kW<\/td>\n<td>8 kW<\/td>\n<td>10 kW<\/td>\n<\/tr>\n<tr>\n<td><strong>Napon<\/strong><\/td>\n<td>12\/24 V<\/td>\n<td>24 V<\/td>\n<td>24 V<\/td>\n<\/tr>\n<tr>\n<td><strong>Presjek \u017eice<\/strong><\/td>\n<td>2 x 95 mm\u00b2 (2 x AWG 3\/0) \/ 120 mm\u00b2 (AWG 4\/0)<\/td>\n<td>120 mm\u00b2 (AWG 4\/0)<\/td>\n<td>185 mm\u00b2 (AWG 350 MCM)<\/td>\n<\/tr>\n<tr>\n<td><strong>Osigura\u010d<\/strong><\/td>\n<td>2 x 355 A \/ 400 A<\/td>\n<td>400 A<\/td>\n<td>2 x 300 A<\/td>\n<\/tr>\n<tr>\n<td><strong>Potisak<\/strong><\/td>\n<td>120 Kgf (308 lb)<\/td>\n<td>140 Kgf (309 lb)<\/td>\n<td>240 Kgf (529 lb)<\/td>\n<\/tr>\n<tr>\n<td><strong>Te\u017eina<\/strong><\/td>\n<td>87 lb<\/td>\n<td>80.4 lb<\/td>\n<td>77.2 lb<\/td>\n<\/tr>\n<tr>\n<td><strong>Granice debljine cijevi<\/strong><\/td>\n<td>Min. 9\/32&#8243; \u2013 Max. 15\/32&#8243;<\/td>\n<td>Min. 9\/32&#8243; \u2013 Max. 15\/32&#8243;<\/td>\n<td>Min. 9\/32&#8243; \u2013 Max. 15\/32&#8243;<\/td>\n<\/tr>\n<tr>\n<td><strong>Preporu\u010dena veli\u010dina plovila<\/strong><\/td>\n<td>42 \u2013 55 ft<\/td>\n<td>45 \u2013 59 ft<\/td>\n<td>52 \u2013 69 ft<\/td>\n<\/tr>\n<\/tbody>\n<\/table>\n<p>Ovaj detaljan pregled pru\u017ea va\u017ene informacije vlasnicima brodova koji tra\u017ee pouzdane sustave pogona, osiguravaju\u0107i jasno\u0107u u specifikacijama i zna\u010dajkama.<\/p>\n","protected":false},"excerpt":{"rendered":"<p>Pram\u010dani potisnik Quick BTQ 250-140 24v &#8211; Quick BTQ250 propeler za pramac s 2 suprotno rotiraju\u0107e propeller. &#8211; Dvostruki propeler<\/p>\n","protected":false},"featured_media":5943458,"comment_status":"open","ping_status":"closed","template":"","meta":[],"product_brand":[3281],"product_cat":[1610],"product_tag":[],"class_list":{"0":"post-744000","1":"product","2":"type-product","3":"status-publish","4":"has-post-thumbnail","6":"product_brand-quick-hr","7":"product_cat-pramcani-potisnici-quick","9":"first","10":"instock","11":"shipping-taxable","12":"purchasable","13":"product-type-simple"},"_links":{"self":[{"href":"https:\/\/stoic-curie.212-227-153-4.plesk.page\/hr\/wp-json\/wp\/v2\/product\/744000","targetHints":{"allow":["GET"]}}],"collection":[{"href":"https:\/\/stoic-curie.212-227-153-4.plesk.page\/hr\/wp-json\/wp\/v2\/product"}],"about":[{"href":"https:\/\/stoic-curie.212-227-153-4.plesk.page\/hr\/wp-json\/wp\/v2\/types\/product"}],"replies":[{"embeddable":true,"href":"https:\/\/stoic-curie.212-227-153-4.plesk.page\/hr\/wp-json\/wp\/v2\/comments?post=744000"}],"version-history":[{"count":0,"href":"https:\/\/stoic-curie.212-227-153-4.plesk.page\/hr\/wp-json\/wp\/v2\/product\/744000\/revisions"}],"wp:featuredmedia":[{"embeddable":true,"href":"https:\/\/stoic-curie.212-227-153-4.plesk.page\/hr\/wp-json\/wp\/v2\/media\/5943458"}],"wp:attachment":[{"href":"https:\/\/stoic-curie.212-227-153-4.plesk.page\/hr\/wp-json\/wp\/v2\/media?parent=744000"}],"wp:term":[{"taxonomy":"product_brand","embeddable":true,"href":"https:\/\/stoic-curie.212-227-153-4.plesk.page\/hr\/wp-json\/wp\/v2\/product_brand?post=744000"},{"taxonomy":"product_cat","embeddable":true,"href":"https:\/\/stoic-curie.212-227-153-4.plesk.page\/hr\/wp-json\/wp\/v2\/product_cat?post=744000"},{"taxonomy":"product_tag","embeddable":true,"href":"https:\/\/stoic-curie.212-227-153-4.plesk.page\/hr\/wp-json\/wp\/v2\/product_tag?post=744000"}],"curies":[{"name":"wp","href":"https:\/\/api.w.org\/{rel}","templated":true}]}}