{"id":744001,"date":"2025-03-03T18:48:59","date_gmt":"2025-03-03T17:48:59","guid":{"rendered":"https:\/\/stoic-curie.212-227-153-4.plesk.page\/producto\/joystick-quick-tcd-1062-ploca-za-zaustavljanje-u-nuzdi\/"},"modified":"2026-02-25T00:01:11","modified_gmt":"2026-02-25T00:01:11","slug":"joystick-quick-tcd-1062-ploca-za-zaustavljanje-u-nuzdi","status":"publish","type":"product","link":"https:\/\/stoic-curie.212-227-153-4.plesk.page\/hr\/product\/joystick-quick-tcd-1062-ploca-za-zaustavljanje-u-nuzdi\/","title":{"rendered":"Joystick + Quick TCD 1062 ploca za zaustavljanje u nu\u017edi"},"content":{"rendered":"<p>Joystick + Quick TCD 1062 ploca za zaustavljanje u nu\u017edi &#8211; <\/p>\n<p>TCD brza kontrolna panela s gumbima ili joystickom za upravljanje propelerima potisnika na pramcu. Jednostavno i intuitivno korisni\u010dko su\u010delje. Univerzalno napajanje 8-30 Vdc. Mogu\u0107nost povezivanja vi\u0161e TCD kontrola paralelno. Lako za instalirati zahvaljuju\u0107i 2-\u017ei\u010dnom konektoru (opcionalne ekstenzije). Automatski prioritetni sustav i onemogu\u0107avanje. Za\u0161tita od obrnute polariteta, kratkog spoja izlaza, dugotrajnog rada motora i prekida u o\u017ei\u010denju upravlja\u010da potisnika.<\/p>\n","protected":false},"excerpt":{"rendered":"<p>Joystick + Quick TCD 1062 ploca za zaustavljanje u nu\u017edi &#8211; TCD brza kontrolna panela s gumbima ili joystickom za<\/p>\n","protected":false},"featured_media":5945852,"comment_status":"open","ping_status":"closed","template":"","meta":[],"product_brand":[3281],"product_cat":[1610],"product_tag":[],"class_list":{"0":"post-744001","1":"product","2":"type-product","3":"status-publish","4":"has-post-thumbnail","6":"product_brand-quick-hr","7":"product_cat-pramcani-potisnici-quick","9":"first","10":"instock","11":"shipping-taxable","12":"purchasable","13":"product-type-simple"},"_links":{"self":[{"href":"https:\/\/stoic-curie.212-227-153-4.plesk.page\/hr\/wp-json\/wp\/v2\/product\/744001","targetHints":{"allow":["GET"]}}],"collection":[{"href":"https:\/\/stoic-curie.212-227-153-4.plesk.page\/hr\/wp-json\/wp\/v2\/product"}],"about":[{"href":"https:\/\/stoic-curie.212-227-153-4.plesk.page\/hr\/wp-json\/wp\/v2\/types\/product"}],"replies":[{"embeddable":true,"href":"https:\/\/stoic-curie.212-227-153-4.plesk.page\/hr\/wp-json\/wp\/v2\/comments?post=744001"}],"version-history":[{"count":0,"href":"https:\/\/stoic-curie.212-227-153-4.plesk.page\/hr\/wp-json\/wp\/v2\/product\/744001\/revisions"}],"wp:featuredmedia":[{"embeddable":true,"href":"https:\/\/stoic-curie.212-227-153-4.plesk.page\/hr\/wp-json\/wp\/v2\/media\/5945852"}],"wp:attachment":[{"href":"https:\/\/stoic-curie.212-227-153-4.plesk.page\/hr\/wp-json\/wp\/v2\/media?parent=744001"}],"wp:term":[{"taxonomy":"product_brand","embeddable":true,"href":"https:\/\/stoic-curie.212-227-153-4.plesk.page\/hr\/wp-json\/wp\/v2\/product_brand?post=744001"},{"taxonomy":"product_cat","embeddable":true,"href":"https:\/\/stoic-curie.212-227-153-4.plesk.page\/hr\/wp-json\/wp\/v2\/product_cat?post=744001"},{"taxonomy":"product_tag","embeddable":true,"href":"https:\/\/stoic-curie.212-227-153-4.plesk.page\/hr\/wp-json\/wp\/v2\/product_tag?post=744001"}],"curies":[{"name":"wp","href":"https:\/\/api.w.org\/{rel}","templated":true}]}}