{"id":744002,"date":"2025-03-03T18:48:59","date_gmt":"2025-03-03T17:48:59","guid":{"rendered":"https:\/\/stoic-curie.212-227-153-4.plesk.page\/producto\/18-mt-elektricni-kabel-za-tcd-quick-kontrolnu-plocu\/"},"modified":"2026-02-25T00:01:11","modified_gmt":"2026-02-25T00:01:11","slug":"18-mt-elektricni-kabel-za-tcd-quick-kontrolnu-plocu","status":"publish","type":"product","link":"https:\/\/stoic-curie.212-227-153-4.plesk.page\/hr\/product\/18-mt-elektricni-kabel-za-tcd-quick-kontrolnu-plocu\/","title":{"rendered":"18 mt elektricni kabel za TCD Quick kontrolnu plo\u010du"},"content":{"rendered":"<p>18 mt elektricni kabel za TCD Quick kontrolnu plo\u010du &#8211; <\/p>\n<p>TCD brza kontrolna plo\u010da s tipkama ili joystickima za upravljanje propelerima za krmu. Jednostavno i intuitivno korisni\u010dko su\u010delje. Univerzalno napajanje 8-30 Vdc. Mogu\u0107nost povezivanja vi\u0161e TCD kontrola paralelno. Lako za instalaciju zahvaljuju\u0107i 2-\u017ei\u010dnom konektoru (opcionalna pro\u0161irenja). Automatski prioritetni sustav i onemogu\u0107avanje. Za\u0161tita od obrnute polariteta, kratkog spoja, dugotrajne aktivnosti motora i prekida \u017eice za upravljanje propelerom.<\/p>\n","protected":false},"excerpt":{"rendered":"<p>18 mt elektricni kabel za TCD Quick kontrolnu plo\u010du &#8211; TCD brza kontrolna plo\u010da s tipkama ili joystickima za upravljanje<\/p>\n","protected":false},"featured_media":5940409,"comment_status":"open","ping_status":"closed","template":"","meta":[],"product_brand":[3281],"product_cat":[1610],"product_tag":[],"class_list":{"0":"post-744002","1":"product","2":"type-product","3":"status-publish","4":"has-post-thumbnail","6":"product_brand-quick-hr","7":"product_cat-pramcani-potisnici-quick","9":"first","10":"instock","11":"shipping-taxable","12":"purchasable","13":"product-type-simple"},"_links":{"self":[{"href":"https:\/\/stoic-curie.212-227-153-4.plesk.page\/hr\/wp-json\/wp\/v2\/product\/744002","targetHints":{"allow":["GET"]}}],"collection":[{"href":"https:\/\/stoic-curie.212-227-153-4.plesk.page\/hr\/wp-json\/wp\/v2\/product"}],"about":[{"href":"https:\/\/stoic-curie.212-227-153-4.plesk.page\/hr\/wp-json\/wp\/v2\/types\/product"}],"replies":[{"embeddable":true,"href":"https:\/\/stoic-curie.212-227-153-4.plesk.page\/hr\/wp-json\/wp\/v2\/comments?post=744002"}],"version-history":[{"count":0,"href":"https:\/\/stoic-curie.212-227-153-4.plesk.page\/hr\/wp-json\/wp\/v2\/product\/744002\/revisions"}],"wp:featuredmedia":[{"embeddable":true,"href":"https:\/\/stoic-curie.212-227-153-4.plesk.page\/hr\/wp-json\/wp\/v2\/media\/5940409"}],"wp:attachment":[{"href":"https:\/\/stoic-curie.212-227-153-4.plesk.page\/hr\/wp-json\/wp\/v2\/media?parent=744002"}],"wp:term":[{"taxonomy":"product_brand","embeddable":true,"href":"https:\/\/stoic-curie.212-227-153-4.plesk.page\/hr\/wp-json\/wp\/v2\/product_brand?post=744002"},{"taxonomy":"product_cat","embeddable":true,"href":"https:\/\/stoic-curie.212-227-153-4.plesk.page\/hr\/wp-json\/wp\/v2\/product_cat?post=744002"},{"taxonomy":"product_tag","embeddable":true,"href":"https:\/\/stoic-curie.212-227-153-4.plesk.page\/hr\/wp-json\/wp\/v2\/product_tag?post=744002"}],"curies":[{"name":"wp","href":"https:\/\/api.w.org\/{rel}","templated":true}]}}