{"id":744007,"date":"2025-03-03T18:49:01","date_gmt":"2025-03-03T17:49:01","guid":{"rendered":"https:\/\/stoic-curie.212-227-153-4.plesk.page\/producto\/cetka-za-ciscenje-vodne-linije\/"},"modified":"2026-02-25T00:01:11","modified_gmt":"2026-02-25T00:01:11","slug":"cetka-za-ciscenje-vodne-linije","status":"publish","type":"product","link":"https:\/\/stoic-curie.212-227-153-4.plesk.page\/hr\/product\/cetka-za-ciscenje-vodne-linije\/","title":{"rendered":"\u010cetka za \u010di\u0161\u0107enje vodne linije"},"content":{"rendered":"<p>\u010cetka za \u010di\u0161\u0107enje vodne linije &#8211; <\/p>\n<p>Inovativni i jednostavni Scrubbis Waterline System set za \u010di\u0161\u0107enje koji vam omogu\u0107ava da o\u010distite vodenu liniju dok je \u010damac u vodi. Koristi uzgon \u010detke (1 kg) kako bi primenio pritisak kroz struga\u010de i sun\u0111er na bo\u010dnim stranama \u010damca. Mo\u017eete lako ukloniti tragove, mrlje, alge i naslage jednostavnim pokretom ruke. \u010cetka ima dvije strane, jednu sa struga\u010dima i drugu sa grubo sun\u0111erom. Dr\u0161ka se mo\u017ee produ\u017eiti do 210 cm. Dr\u0161ka i \u010detka se prodaju odvojeno.<\/p>\n","protected":false},"excerpt":{"rendered":"<p>\u010cetka za \u010di\u0161\u0107enje vodne linije &#8211; Inovativni i jednostavni Scrubbis Waterline System set za \u010di\u0161\u0107enje koji vam omogu\u0107ava da o\u010distite<\/p>\n","protected":false},"featured_media":5944173,"comment_status":"open","ping_status":"closed","template":"","meta":[],"product_brand":[3341],"product_cat":[1633],"product_tag":[],"class_list":{"0":"post-744007","1":"product","2":"type-product","3":"status-publish","4":"has-post-thumbnail","6":"product_brand-scrubbis-hr","7":"product_cat-cetke-za-ciscenje","9":"first","10":"instock","11":"shipping-taxable","12":"purchasable","13":"product-type-simple"},"_links":{"self":[{"href":"https:\/\/stoic-curie.212-227-153-4.plesk.page\/hr\/wp-json\/wp\/v2\/product\/744007","targetHints":{"allow":["GET"]}}],"collection":[{"href":"https:\/\/stoic-curie.212-227-153-4.plesk.page\/hr\/wp-json\/wp\/v2\/product"}],"about":[{"href":"https:\/\/stoic-curie.212-227-153-4.plesk.page\/hr\/wp-json\/wp\/v2\/types\/product"}],"replies":[{"embeddable":true,"href":"https:\/\/stoic-curie.212-227-153-4.plesk.page\/hr\/wp-json\/wp\/v2\/comments?post=744007"}],"version-history":[{"count":0,"href":"https:\/\/stoic-curie.212-227-153-4.plesk.page\/hr\/wp-json\/wp\/v2\/product\/744007\/revisions"}],"wp:featuredmedia":[{"embeddable":true,"href":"https:\/\/stoic-curie.212-227-153-4.plesk.page\/hr\/wp-json\/wp\/v2\/media\/5944173"}],"wp:attachment":[{"href":"https:\/\/stoic-curie.212-227-153-4.plesk.page\/hr\/wp-json\/wp\/v2\/media?parent=744007"}],"wp:term":[{"taxonomy":"product_brand","embeddable":true,"href":"https:\/\/stoic-curie.212-227-153-4.plesk.page\/hr\/wp-json\/wp\/v2\/product_brand?post=744007"},{"taxonomy":"product_cat","embeddable":true,"href":"https:\/\/stoic-curie.212-227-153-4.plesk.page\/hr\/wp-json\/wp\/v2\/product_cat?post=744007"},{"taxonomy":"product_tag","embeddable":true,"href":"https:\/\/stoic-curie.212-227-153-4.plesk.page\/hr\/wp-json\/wp\/v2\/product_tag?post=744007"}],"curies":[{"name":"wp","href":"https:\/\/api.w.org\/{rel}","templated":true}]}}