{"id":744019,"date":"2025-03-03T18:51:12","date_gmt":"2025-03-03T17:51:12","guid":{"rendered":"https:\/\/stoic-curie.212-227-153-4.plesk.page\/producto\/sivi-plasticni-poklopci-can-marine-458-x-513-mm\/"},"modified":"2026-02-25T00:01:11","modified_gmt":"2026-02-25T00:01:11","slug":"sivi-plasticni-poklopci-can-marine-458-x-513-mm","status":"publish","type":"product","link":"https:\/\/stoic-curie.212-227-153-4.plesk.page\/hr\/product\/sivi-plasticni-poklopci-can-marine-458-x-513-mm\/","title":{"rendered":"Sivi plasti\u010dni poklopci Can Marine 458 x 513 mm"},"content":{"rendered":"<p>Sivi plasti\u010dni poklopci Can Marine 458 x 513 mm &#8211; <\/p>\n<p>UV-otporni ABS ASA 180\u00b0 otvaraju\u0107i prohodni vodonepropusni pristupni otvor. Poklopac s dvostrukim sustavom otvaranja: klasi\u010dnim i izvla\u010dnim. Izvla\u010dni sustav omogu\u0107uje otvaranje poklopca u uskim prostorima. Monta\u017ea na palubi ili pregradi.<\/p>\n","protected":false},"excerpt":{"rendered":"<p>Sivi plasti\u010dni poklopci Can Marine 458 x 513 mm &#8211; UV-otporni ABS ASA 180\u00b0 otvaraju\u0107i prohodni vodonepropusni pristupni otvor. Poklopac<\/p>\n","protected":false},"featured_media":5942803,"comment_status":"open","ping_status":"closed","template":"","meta":[],"product_brand":[2856],"product_cat":[1695],"product_tag":[],"class_list":{"0":"post-744019","1":"product","2":"type-product","3":"status-publish","4":"has-post-thumbnail","6":"product_brand-can-marine-hr","7":"product_cat-brodski-plasticni-otvori","9":"first","10":"instock","11":"shipping-taxable","12":"purchasable","13":"product-type-simple"},"_links":{"self":[{"href":"https:\/\/stoic-curie.212-227-153-4.plesk.page\/hr\/wp-json\/wp\/v2\/product\/744019","targetHints":{"allow":["GET"]}}],"collection":[{"href":"https:\/\/stoic-curie.212-227-153-4.plesk.page\/hr\/wp-json\/wp\/v2\/product"}],"about":[{"href":"https:\/\/stoic-curie.212-227-153-4.plesk.page\/hr\/wp-json\/wp\/v2\/types\/product"}],"replies":[{"embeddable":true,"href":"https:\/\/stoic-curie.212-227-153-4.plesk.page\/hr\/wp-json\/wp\/v2\/comments?post=744019"}],"version-history":[{"count":0,"href":"https:\/\/stoic-curie.212-227-153-4.plesk.page\/hr\/wp-json\/wp\/v2\/product\/744019\/revisions"}],"wp:featuredmedia":[{"embeddable":true,"href":"https:\/\/stoic-curie.212-227-153-4.plesk.page\/hr\/wp-json\/wp\/v2\/media\/5942803"}],"wp:attachment":[{"href":"https:\/\/stoic-curie.212-227-153-4.plesk.page\/hr\/wp-json\/wp\/v2\/media?parent=744019"}],"wp:term":[{"taxonomy":"product_brand","embeddable":true,"href":"https:\/\/stoic-curie.212-227-153-4.plesk.page\/hr\/wp-json\/wp\/v2\/product_brand?post=744019"},{"taxonomy":"product_cat","embeddable":true,"href":"https:\/\/stoic-curie.212-227-153-4.plesk.page\/hr\/wp-json\/wp\/v2\/product_cat?post=744019"},{"taxonomy":"product_tag","embeddable":true,"href":"https:\/\/stoic-curie.212-227-153-4.plesk.page\/hr\/wp-json\/wp\/v2\/product_tag?post=744019"}],"curies":[{"name":"wp","href":"https:\/\/api.w.org\/{rel}","templated":true}]}}