{"id":744033,"date":"2025-03-03T18:51:15","date_gmt":"2025-03-03T17:51:15","guid":{"rendered":"https:\/\/stoic-curie.212-227-153-4.plesk.page\/producto\/impulsor-jabsco-17937-0003-nitril\/"},"modified":"2026-02-25T00:01:11","modified_gmt":"2026-02-25T00:01:11","slug":"impulsor-jabsco-17937-0003-nitril","status":"publish","type":"product","link":"https:\/\/stoic-curie.212-227-153-4.plesk.page\/hr\/product\/impulsor-jabsco-17937-0003-nitril\/","title":{"rendered":"Impulsor Jabsco 17937-0003 Nitril"},"content":{"rendered":"<p>Impulsor Jabsco 17937-0003 Nitril &#8211; <\/p>\n<div class=\"col-24 col-md-15\">\n<p>Ovaj fleksibilni impeler pumpe je za sljede\u0107e pumpe:<\/p>\n<p>50080-2003, 50080-2103, 50080-2203, 50080-2303, 50080-2903, 51080-2003, 52080-2003, 6520-2003, 6520-237.<\/p>\n<p>Fleksibilni nitrilni impeler Jabsco 17937-0003 zamjenjuje sljede\u0107e impelere:<\/p>\n<p>Jabsco impeler: 920-0003<\/p>\n<p>Johnson impeler: 09-1028B-9<\/p>\n<p>Fleksibilni nitrilni impeler Jabsco 17937-0003 ima 10 krakova impelera i spline pogon.<\/p>\n<p>Fleksibilni nitrilni impeler pumpe Jabsco prikladan je za pumpanje goriva ili vode koja je jako kontaminirana uljem ili dizelom. Fleksibilni impeleri Jabsco prolaze rigorozne procese kvalitete kako bi osigurali pouzdanu, u\u010dinkovitu i dugotrajnu izvedbu.<\/p>\n<p>Trebali biste zamijeniti svoje fleksibilne impelere pumpe barem jednom godi\u0161nje ili ranije, ovisno o kori\u0161tenju. Kada je instalacija ispravna, impeler mo\u017ee trajati nekoliko godina, ali uvijek je preporu\u010dljivo pridr\u017eavati se rasporeda preventivnog umjesto korektivnog odr\u017eavanja.<\/p>\n<p>Ovaj impeler ima Y profil.<\/p>\n<\/div>\n<p><\/p>\n<table class=\"table\">\n<tbody>\n<tr>\n<td><strong>Marka<\/strong><\/td>\n<td>Jabsco<\/td>\n<\/tr>\n<tr>\n<td><strong>Promjer osovine impelera<\/strong><\/td>\n<td>16mm<\/td>\n<\/tr>\n<tr>\n<td><strong>Broj krakova impelera<\/strong><\/td>\n<td>10<\/td>\n<\/tr>\n<tr>\n<td><strong>Profil<\/strong><\/td>\n<td>Y<\/td>\n<\/tr>\n<tr>\n<td><strong>Izrada<\/strong><\/td>\n<td>Nitrilni impeler s mjedenom vlo\u017ekom<\/td>\n<\/tr>\n<tr>\n<td><strong>Promjer<\/strong><\/td>\n<td>65mm (2-9\/16&#8243;), osovina 16mm (5\/8&#8243;)<\/td>\n<\/tr>\n<tr>\n<td><strong>Vrsta pogona<\/strong><\/td>\n<td>Spline pogon<\/td>\n<\/tr>\n<tr>\n<td><strong>Model<\/strong><\/td>\n<td>17937-0003<\/td>\n<\/tr>\n<tr>\n<td><strong>Zamjenjuje<\/strong><\/td>\n<td>Johnson 09-1028B-9, Jabsco 920-0003<\/td>\n<\/tr>\n<tr>\n<td><strong>Prikladnost<\/strong><\/td>\n<td>Vidi opis<\/td>\n<\/tr>\n<tr>\n<td><strong>Dubina<\/strong><\/td>\n<td>51mm (2&#8243;)<\/td>\n<\/tr>\n<\/tbody>\n<\/table>\n","protected":false},"excerpt":{"rendered":"<p>Impulsor Jabsco 17937-0003 Nitril &#8211; Ovaj fleksibilni impeler pumpe je za sljede\u0107e pumpe: 50080-2003, 50080-2103, 50080-2203, 50080-2303, 50080-2903, 51080-2003, 52080-2003,<\/p>\n","protected":false},"featured_media":5945923,"comment_status":"open","ping_status":"closed","template":"","meta":[],"product_brand":[3031],"product_cat":[1809],"product_tag":[],"class_list":{"0":"post-744033","1":"product","2":"type-product","3":"status-publish","4":"has-post-thumbnail","6":"product_brand-jabsco-marine-hr","7":"product_cat-pumpe-za-hladenje-motora","9":"first","10":"instock","11":"shipping-taxable","12":"purchasable","13":"product-type-simple"},"_links":{"self":[{"href":"https:\/\/stoic-curie.212-227-153-4.plesk.page\/hr\/wp-json\/wp\/v2\/product\/744033","targetHints":{"allow":["GET"]}}],"collection":[{"href":"https:\/\/stoic-curie.212-227-153-4.plesk.page\/hr\/wp-json\/wp\/v2\/product"}],"about":[{"href":"https:\/\/stoic-curie.212-227-153-4.plesk.page\/hr\/wp-json\/wp\/v2\/types\/product"}],"replies":[{"embeddable":true,"href":"https:\/\/stoic-curie.212-227-153-4.plesk.page\/hr\/wp-json\/wp\/v2\/comments?post=744033"}],"version-history":[{"count":0,"href":"https:\/\/stoic-curie.212-227-153-4.plesk.page\/hr\/wp-json\/wp\/v2\/product\/744033\/revisions"}],"wp:featuredmedia":[{"embeddable":true,"href":"https:\/\/stoic-curie.212-227-153-4.plesk.page\/hr\/wp-json\/wp\/v2\/media\/5945923"}],"wp:attachment":[{"href":"https:\/\/stoic-curie.212-227-153-4.plesk.page\/hr\/wp-json\/wp\/v2\/media?parent=744033"}],"wp:term":[{"taxonomy":"product_brand","embeddable":true,"href":"https:\/\/stoic-curie.212-227-153-4.plesk.page\/hr\/wp-json\/wp\/v2\/product_brand?post=744033"},{"taxonomy":"product_cat","embeddable":true,"href":"https:\/\/stoic-curie.212-227-153-4.plesk.page\/hr\/wp-json\/wp\/v2\/product_cat?post=744033"},{"taxonomy":"product_tag","embeddable":true,"href":"https:\/\/stoic-curie.212-227-153-4.plesk.page\/hr\/wp-json\/wp\/v2\/product_tag?post=744033"}],"curies":[{"name":"wp","href":"https:\/\/api.w.org\/{rel}","templated":true}]}}