{"id":744046,"date":"2025-03-03T18:51:19","date_gmt":"2025-03-03T17:51:19","guid":{"rendered":"https:\/\/stoic-curie.212-227-153-4.plesk.page\/producto\/brodski-wc-ocean-standard-12-u-h455-mm\/"},"modified":"2026-02-25T00:01:11","modified_gmt":"2026-02-25T00:01:11","slug":"brodski-wc-ocean-standard-12-u-h455-mm","status":"publish","type":"product","link":"https:\/\/stoic-curie.212-227-153-4.plesk.page\/hr\/product\/brodski-wc-ocean-standard-12-u-h455-mm\/","title":{"rendered":"WC Ocean Luxury Standard 12v H455mm"},"content":{"rendered":"<p>WC Ocean Luxury Standard 12v H455mm &#8211; <\/p>\n<p style=\"color: rgb(34, 34, 34); font-family: Arial, Helvetica, sans-serif; font-size: small;\">Elektri\u010dni WC Ocean Luxury Standard 12v H455mm. S ponosom predstavljamo Ocean Luxury Standard WC, iznimnu fuziju elegancije i prakti\u010dnosti za va\u0161 dom. Ovaj elektri\u010dni WC nudi sljede\u0107e zna\u010dajke:<\/p>\n<ul style=\"color: rgb(34, 34, 34); font-family: Arial, Helvetica, sans-serif; font-size: small;\">\n<li>Neusporediva udobnost koja replicira atmosferu doma<\/li>\n<li>Minimalna potro\u0161nja vode<\/li>\n<li>Automatska kontrola unosa i ispu\u0161tanja vode<\/li>\n<li>Integrirana pumpna jedinica za u\u010dinkovito uklanjanje otpada<\/li>\n<li>Jednostavan digitalni kontrolni panel<\/li>\n<li>Trajno sjedalo od duropolasta opremljeno s mekim zatvaranjem<\/li>\n<li>Otpornim na udarce i koroziju<\/li>\n<li>Protok nevratnog ventila za pobolj\u0161anje u\u010dinkovitosti<\/li>\n<li>Samoprimaju\u0107i kapacitet do 1,5 metara<\/li>\n<li>Vi\u0161enamjenska opcija ugradnje, pogodna za iznad ili ispod razine vode<\/li>\n<\/ul>\n<p style=\"color: rgb(34, 34, 34); font-family: Arial, Helvetica, sans-serif; font-size: small;\">Ovaj WC dizajniran je za rad s automatskim sustavom vode ili s pumpom za odvodnju instaliranom na plovilu za unos vode. Uklju\u010duje elektroni\u010dki prekida\u010d koji regulira protok vode u dvije razli\u010dite faze: prvo punjenje \u0161koljke \u010distom vodom, a zatim u\u010dinkovito ispu\u0161tanje otpada, osiguravaju\u0107i da \u0161koljka ostane \u010dista i prazna.<\/p>\n<p style=\"color: rgb(34, 34, 34); font-family: Arial, Helvetica, sans-serif; font-size: small;\">Za instalacije koje sadr\u017ee vi\u0161e WC-a, jedna pumpa za vodu mo\u017ee u\u010dinkovito opslu\u017eiti sve jedinice, uz elektroventil za svaku pojedinu \u0161koljku.<\/p>\n<p style=\"color: rgb(34, 34, 34); font-family: Arial, Helvetica, sans-serif; font-size: small;\">Specifikacije:<\/p>\n<ul style=\"color: rgb(34, 34, 34); font-family: Arial, Helvetica, sans-serif; font-size: small;\">\n<li>Ulaz: 19 mm (3\/4&#8243;)<\/li>\n<li>Izlaz: 25\/38 mm (1&#8243;-1 1\/2&#8243;)<\/li>\n<li>Potro\u0161nja energije: 30A pri 12V<\/li>\n<\/ul>\n<p style=\"color: rgb(34, 34, 34); font-family: Arial, Helvetica, sans-serif; font-size: small;\">Klju\u010dne zna\u010dajke:<\/p>\n<ul style=\"color: rgb(34, 34, 34); font-family: Arial, Helvetica, sans-serif; font-size: small;\">\n<li>P pojednostavljen proces instalacije<\/li>\n<li>Poklopac s mekim zatvaranjem za ve\u0107u prakti\u010dnost<\/li>\n<li>Potpuno zatvoren dizajn za optimalnu higijenu<\/li>\n<\/ul>\n<p style=\"color: rgb(34, 34, 34); font-family: Arial, Helvetica, sans-serif; font-size: small;\">Dodatne specifikacije:<\/p>\n<ul style=\"color: rgb(34, 34, 34); font-family: Arial, Helvetica, sans-serif; font-size: small;\">\n<li>Potro\u0161nja vode: 1,5 \u2013 5 litara<\/li>\n<li>Napon: 12\/24V<\/li>\n<li>Struja: 18A \u2013 10A<\/li>\n<li>Izlazna spojka: 38mm (1 1\/2&#8243;) i 25mm (1&#8243;)<\/li>\n<li>Ulazna spojka: 19mm (3\/4&#8243;)<\/li>\n<\/ul>\n<p style=\"color: rgb(34, 34, 34); font-family: Arial, Helvetica, sans-serif; font-size: small;\">Unaprijedite svoje iskustvo u kupaonici s Ocean Luxury Standard WC-om s mekim zatvaranjem<\/p>\n","protected":false},"excerpt":{"rendered":"<p>WC Ocean Luxury Standard 12v H455mm &#8211; Elektri\u010dni WC Ocean Luxury Standard 12v H455mm. S ponosom predstavljamo Ocean Luxury Standard<\/p>\n","protected":false},"featured_media":5935992,"comment_status":"open","ping_status":"closed","template":"","meta":[],"product_brand":[3141],"product_cat":[1675],"product_tag":[],"class_list":{"0":"post-744046","1":"product","2":"type-product","3":"status-publish","4":"has-post-thumbnail","6":"product_brand-matromarine-hr","7":"product_cat-brodski-wc","9":"first","10":"instock","11":"shipping-taxable","12":"purchasable","13":"product-type-simple"},"_links":{"self":[{"href":"https:\/\/stoic-curie.212-227-153-4.plesk.page\/hr\/wp-json\/wp\/v2\/product\/744046","targetHints":{"allow":["GET"]}}],"collection":[{"href":"https:\/\/stoic-curie.212-227-153-4.plesk.page\/hr\/wp-json\/wp\/v2\/product"}],"about":[{"href":"https:\/\/stoic-curie.212-227-153-4.plesk.page\/hr\/wp-json\/wp\/v2\/types\/product"}],"replies":[{"embeddable":true,"href":"https:\/\/stoic-curie.212-227-153-4.plesk.page\/hr\/wp-json\/wp\/v2\/comments?post=744046"}],"version-history":[{"count":0,"href":"https:\/\/stoic-curie.212-227-153-4.plesk.page\/hr\/wp-json\/wp\/v2\/product\/744046\/revisions"}],"wp:featuredmedia":[{"embeddable":true,"href":"https:\/\/stoic-curie.212-227-153-4.plesk.page\/hr\/wp-json\/wp\/v2\/media\/5935992"}],"wp:attachment":[{"href":"https:\/\/stoic-curie.212-227-153-4.plesk.page\/hr\/wp-json\/wp\/v2\/media?parent=744046"}],"wp:term":[{"taxonomy":"product_brand","embeddable":true,"href":"https:\/\/stoic-curie.212-227-153-4.plesk.page\/hr\/wp-json\/wp\/v2\/product_brand?post=744046"},{"taxonomy":"product_cat","embeddable":true,"href":"https:\/\/stoic-curie.212-227-153-4.plesk.page\/hr\/wp-json\/wp\/v2\/product_cat?post=744046"},{"taxonomy":"product_tag","embeddable":true,"href":"https:\/\/stoic-curie.212-227-153-4.plesk.page\/hr\/wp-json\/wp\/v2\/product_tag?post=744046"}],"curies":[{"name":"wp","href":"https:\/\/api.w.org\/{rel}","templated":true}]}}