{"id":744047,"date":"2025-03-03T18:51:19","date_gmt":"2025-03-03T17:51:19","guid":{"rendered":"https:\/\/stoic-curie.212-227-153-4.plesk.page\/producto\/brodski-wc-ocean-standard-24-u-h455-mm\/"},"modified":"2026-02-25T00:01:11","modified_gmt":"2026-02-25T00:01:11","slug":"brodski-wc-ocean-standard-24-u-h455-mm","status":"publish","type":"product","link":"https:\/\/stoic-curie.212-227-153-4.plesk.page\/hr\/product\/brodski-wc-ocean-standard-24-u-h455-mm\/","title":{"rendered":"WC Ocean Luxury Standard 24v H455mm"},"content":{"rendered":"<p>WC Ocean Luxury Standard 24v H455mm &#8211; <\/p>\n<p style=\"color: rgb(34, 34, 34); font-family: Arial, Helvetica, sans-serif; font-size: small;\">Elektri\u010dni WC Ocean Luxury Standard 24v H455mm. Predstavljamo Ocean Luxury Standard WC, savr\u0161enu kombinaciju stila i funkcionalnosti za va\u0161 dom. Ovaj elektri\u010dni WC nudi:<\/p>\n<ul style=\"color: rgb(34, 34, 34); font-family: Arial, Helvetica, sans-serif; font-size: small;\">\n<li>Izvrsnu udobnost koja se osje\u0107a kao kod ku\u0107e<\/li>\n<li>Minimalnu potro\u0161nju vode<\/li>\n<li>Automatsku kontrolu za dovod i odvod vode<\/li>\n<li>Integriranu pumpu za uklanjanje otpadnih tvari<\/li>\n<li>Jednostavan digitalni kontrolni panel<\/li>\n<li>Trajno Duroplast sjedalo s mekim zatvaranjem<\/li>\n<li>Otpornost na udarce i koroziju<\/li>\n<li>Ventil bez povratnog toka za dodatnu u\u010dinkovitost<\/li>\n<li>Samopodizanje do 1,5 metra<\/li>\n<li>Vi\u0161enamjenske opcije instalacije iznad ili ispod razine vode<\/li>\n<\/ul>\n<p style=\"color: rgb(34, 34, 34); font-family: Arial, Helvetica, sans-serif; font-size: small;\">Ovaj WC mo\u017ee raditi s automatskim sustavom za dovod vode ili pumpom za odvod instaliranom na brodu za dovod vode. Ima elektri\u010dni prekida\u010d koji upravlja protokom vode u dva stupnja: prvo puni \u0161koljku \u010distom vodom, a zatim u\u010dinkovito ispu\u0161ta otpad, ostavljaju\u0107i \u0161koljku \u010distu i praznu.<\/p>\n<p style=\"color: rgb(34, 34, 34); font-family: Arial, Helvetica, sans-serif; font-size: small;\">Za instalacije s vi\u0161e WC-a, jedna pumpa za vodu mo\u017ee opslu\u017eiti sve jedinice, s elektroventilom za svaki WC.<\/p>\n<p style=\"color: rgb(34, 34, 34); font-family: Arial, Helvetica, sans-serif; font-size: small;\">Specifikacije:<\/p>\n<ul style=\"color: rgb(34, 34, 34); font-family: Arial, Helvetica, sans-serif; font-size: small;\">\n<li>Dovod: 19 mm (3\/4&#8243;)<\/li>\n<li>Odvod: 25\/38 mm (1&#8243;-1 1\/2&#8243;)<\/li>\n<li>Potro\u0161nja energije: 30A na 12V<\/li>\n<\/ul>\n<p style=\"color: rgb(34, 34, 34); font-family: Arial, Helvetica, sans-serif; font-size: small;\">Klju\u010dne zna\u010dajke:<\/p>\n<ul style=\"color: rgb(34, 34, 34); font-family: Arial, Helvetica, sans-serif; font-size: small;\">\n<li>Jednostavna instalacija<\/li>\n<li>Poklopac s mekim zatvaranjem<\/li>\n<li>Potpuno zatvoren dizajn<\/li>\n<\/ul>\n<p style=\"color: rgb(34, 34, 34); font-family: Arial, Helvetica, sans-serif; font-size: small;\">Dodatne specifikacije:<\/p>\n<ul style=\"color: rgb(34, 34, 34); font-family: Arial, Helvetica, sans-serif; font-size: small;\">\n<li>Potro\u0161nja vode: 1.5 \u2013 5 litara<\/li>\n<li>Napon: 12\/24V<\/li>\n<li>Potrosnja struje: 18A \u2013 10A<\/li>\n<li>Veza za ispusni vod: 38mm (1 1\/2&#8243;) i 25mm (1&#8243;)<\/li>\n<li>Veza za dovodni vod: 19mm (3\/4&#8243;)<\/li>\n<\/ul>\n<p style=\"color: rgb(34, 34, 34); font-family: Arial, Helvetica, sans-serif; font-size: small;\">Unaprijedite svoje iskustvo u kupaonici s Ocean Luxury Standard WC-om s mekim zatvaranjem<\/p>\n","protected":false},"excerpt":{"rendered":"<p>WC Ocean Luxury Standard 24v H455mm &#8211; Elektri\u010dni WC Ocean Luxury Standard 24v H455mm. Predstavljamo Ocean Luxury Standard WC, savr\u0161enu<\/p>\n","protected":false},"featured_media":5935992,"comment_status":"open","ping_status":"closed","template":"","meta":[],"product_brand":[3141],"product_cat":[1675],"product_tag":[],"class_list":{"0":"post-744047","1":"product","2":"type-product","3":"status-publish","4":"has-post-thumbnail","6":"product_brand-matromarine-hr","7":"product_cat-brodski-wc","9":"first","10":"instock","11":"shipping-taxable","12":"purchasable","13":"product-type-simple"},"_links":{"self":[{"href":"https:\/\/stoic-curie.212-227-153-4.plesk.page\/hr\/wp-json\/wp\/v2\/product\/744047","targetHints":{"allow":["GET"]}}],"collection":[{"href":"https:\/\/stoic-curie.212-227-153-4.plesk.page\/hr\/wp-json\/wp\/v2\/product"}],"about":[{"href":"https:\/\/stoic-curie.212-227-153-4.plesk.page\/hr\/wp-json\/wp\/v2\/types\/product"}],"replies":[{"embeddable":true,"href":"https:\/\/stoic-curie.212-227-153-4.plesk.page\/hr\/wp-json\/wp\/v2\/comments?post=744047"}],"version-history":[{"count":0,"href":"https:\/\/stoic-curie.212-227-153-4.plesk.page\/hr\/wp-json\/wp\/v2\/product\/744047\/revisions"}],"wp:featuredmedia":[{"embeddable":true,"href":"https:\/\/stoic-curie.212-227-153-4.plesk.page\/hr\/wp-json\/wp\/v2\/media\/5935992"}],"wp:attachment":[{"href":"https:\/\/stoic-curie.212-227-153-4.plesk.page\/hr\/wp-json\/wp\/v2\/media?parent=744047"}],"wp:term":[{"taxonomy":"product_brand","embeddable":true,"href":"https:\/\/stoic-curie.212-227-153-4.plesk.page\/hr\/wp-json\/wp\/v2\/product_brand?post=744047"},{"taxonomy":"product_cat","embeddable":true,"href":"https:\/\/stoic-curie.212-227-153-4.plesk.page\/hr\/wp-json\/wp\/v2\/product_cat?post=744047"},{"taxonomy":"product_tag","embeddable":true,"href":"https:\/\/stoic-curie.212-227-153-4.plesk.page\/hr\/wp-json\/wp\/v2\/product_tag?post=744047"}],"curies":[{"name":"wp","href":"https:\/\/api.w.org\/{rel}","templated":true}]}}