{"id":744048,"date":"2025-03-03T18:51:20","date_gmt":"2025-03-03T17:51:20","guid":{"rendered":"https:\/\/stoic-curie.212-227-153-4.plesk.page\/producto\/dalekozor-nikon-sportstar-8-x-24\/"},"modified":"2026-02-25T00:01:11","modified_gmt":"2026-02-25T00:01:11","slug":"dalekozor-nikon-sportstar-8-x-24","status":"publish","type":"product","link":"https:\/\/stoic-curie.212-227-153-4.plesk.page\/hr\/product\/dalekozor-nikon-sportstar-8-x-24\/","title":{"rendered":"Dalekozor Nikon Sportstar 8 x 24"},"content":{"rendered":"<p>Dalekozor Nikon Sportstar 8 x 24 &#8211; <\/p>\n<p>Kompaktne i svestrane dalekozorne gledalice sa izvanredno glatkom mehani\u010dkom kontrolom zumiranja, idealne za zumiranje imena ili broja \u010damca, lica ljudi na brodu ili na doku, ili za sportska promatranja. Ugodno prianjanje i jednostavno rukovanje s gumiranim okularima koji se okre\u0107u i klize za lako postavljanje o\u010diju na pravo vidno mjesto. Vi\u0161eslojni premaz, le\u0107e ispunjene du\u0161ikom koje ne magle za svijetle i kontrastne slike. Jamstvo 10 godina.<\/p>\n","protected":false},"excerpt":{"rendered":"<p>Dalekozor Nikon Sportstar 8 x 24 &#8211; Kompaktne i svestrane dalekozorne gledalice sa izvanredno glatkom mehani\u010dkom kontrolom zumiranja, idealne za<\/p>\n","protected":false},"featured_media":5945932,"comment_status":"open","ping_status":"closed","template":"","meta":[],"product_brand":[3196],"product_cat":[1779],"product_tag":[],"class_list":{"0":"post-744048","1":"product","2":"type-product","3":"status-publish","4":"has-post-thumbnail","6":"product_brand-nikon-marine-hr","7":"product_cat-brodski-dalekozor","9":"first","10":"instock","11":"shipping-taxable","12":"purchasable","13":"product-type-simple"},"_links":{"self":[{"href":"https:\/\/stoic-curie.212-227-153-4.plesk.page\/hr\/wp-json\/wp\/v2\/product\/744048","targetHints":{"allow":["GET"]}}],"collection":[{"href":"https:\/\/stoic-curie.212-227-153-4.plesk.page\/hr\/wp-json\/wp\/v2\/product"}],"about":[{"href":"https:\/\/stoic-curie.212-227-153-4.plesk.page\/hr\/wp-json\/wp\/v2\/types\/product"}],"replies":[{"embeddable":true,"href":"https:\/\/stoic-curie.212-227-153-4.plesk.page\/hr\/wp-json\/wp\/v2\/comments?post=744048"}],"version-history":[{"count":0,"href":"https:\/\/stoic-curie.212-227-153-4.plesk.page\/hr\/wp-json\/wp\/v2\/product\/744048\/revisions"}],"wp:featuredmedia":[{"embeddable":true,"href":"https:\/\/stoic-curie.212-227-153-4.plesk.page\/hr\/wp-json\/wp\/v2\/media\/5945932"}],"wp:attachment":[{"href":"https:\/\/stoic-curie.212-227-153-4.plesk.page\/hr\/wp-json\/wp\/v2\/media?parent=744048"}],"wp:term":[{"taxonomy":"product_brand","embeddable":true,"href":"https:\/\/stoic-curie.212-227-153-4.plesk.page\/hr\/wp-json\/wp\/v2\/product_brand?post=744048"},{"taxonomy":"product_cat","embeddable":true,"href":"https:\/\/stoic-curie.212-227-153-4.plesk.page\/hr\/wp-json\/wp\/v2\/product_cat?post=744048"},{"taxonomy":"product_tag","embeddable":true,"href":"https:\/\/stoic-curie.212-227-153-4.plesk.page\/hr\/wp-json\/wp\/v2\/product_tag?post=744048"}],"curies":[{"name":"wp","href":"https:\/\/api.w.org\/{rel}","templated":true}]}}