{"id":744049,"date":"2025-03-03T18:51:20","date_gmt":"2025-03-03T17:51:20","guid":{"rendered":"https:\/\/stoic-curie.212-227-153-4.plesk.page\/producto\/brodski-dalekozor-nikon-aculon-a30-crna-8-x-25\/"},"modified":"2026-02-25T00:01:11","modified_gmt":"2026-02-25T00:01:11","slug":"brodski-dalekozor-nikon-aculon-a30-crna-8-x-25","status":"publish","type":"product","link":"https:\/\/stoic-curie.212-227-153-4.plesk.page\/hr\/product\/brodski-dalekozor-nikon-aculon-a30-crna-8-x-25\/","title":{"rendered":"Brodski dalekozor Nikon Aculon A30 Crna 8 x 25"},"content":{"rendered":"<p>Brodski dalekozor Nikon Aculon A30 Crna 8 x 25 &#8211; <\/p>\n<p>Kompaktni i lagani dalekozori s gumenim premazom za bolji i sigurniji prijem. Vi\u0161eslojne, bezmaglene le\u0107e ispunjene du\u0161ikom pru\u017eaju svijetle i visoko kontrastne slike s ekolo\u0161kim staklenim dijelovima bez olova i arsena. Jamstvo od 10 godina.<\/p>\n","protected":false},"excerpt":{"rendered":"<p>Brodski dalekozor Nikon Aculon A30 Crna 8 x 25 &#8211; Kompaktni i lagani dalekozori s gumenim premazom za bolji i<\/p>\n","protected":false},"featured_media":5945933,"comment_status":"open","ping_status":"closed","template":"","meta":[],"product_brand":[3196],"product_cat":[1779],"product_tag":[],"class_list":{"0":"post-744049","1":"product","2":"type-product","3":"status-publish","4":"has-post-thumbnail","6":"product_brand-nikon-marine-hr","7":"product_cat-brodski-dalekozor","9":"first","10":"outofstock","11":"shipping-taxable","12":"purchasable","13":"product-type-simple"},"_links":{"self":[{"href":"https:\/\/stoic-curie.212-227-153-4.plesk.page\/hr\/wp-json\/wp\/v2\/product\/744049","targetHints":{"allow":["GET"]}}],"collection":[{"href":"https:\/\/stoic-curie.212-227-153-4.plesk.page\/hr\/wp-json\/wp\/v2\/product"}],"about":[{"href":"https:\/\/stoic-curie.212-227-153-4.plesk.page\/hr\/wp-json\/wp\/v2\/types\/product"}],"replies":[{"embeddable":true,"href":"https:\/\/stoic-curie.212-227-153-4.plesk.page\/hr\/wp-json\/wp\/v2\/comments?post=744049"}],"version-history":[{"count":0,"href":"https:\/\/stoic-curie.212-227-153-4.plesk.page\/hr\/wp-json\/wp\/v2\/product\/744049\/revisions"}],"wp:featuredmedia":[{"embeddable":true,"href":"https:\/\/stoic-curie.212-227-153-4.plesk.page\/hr\/wp-json\/wp\/v2\/media\/5945933"}],"wp:attachment":[{"href":"https:\/\/stoic-curie.212-227-153-4.plesk.page\/hr\/wp-json\/wp\/v2\/media?parent=744049"}],"wp:term":[{"taxonomy":"product_brand","embeddable":true,"href":"https:\/\/stoic-curie.212-227-153-4.plesk.page\/hr\/wp-json\/wp\/v2\/product_brand?post=744049"},{"taxonomy":"product_cat","embeddable":true,"href":"https:\/\/stoic-curie.212-227-153-4.plesk.page\/hr\/wp-json\/wp\/v2\/product_cat?post=744049"},{"taxonomy":"product_tag","embeddable":true,"href":"https:\/\/stoic-curie.212-227-153-4.plesk.page\/hr\/wp-json\/wp\/v2\/product_tag?post=744049"}],"curies":[{"name":"wp","href":"https:\/\/api.w.org\/{rel}","templated":true}]}}