{"id":744057,"date":"2025-03-03T18:51:22","date_gmt":"2025-03-03T17:51:22","guid":{"rendered":"https:\/\/stoic-curie.212-227-153-4.plesk.page\/producto\/helly-hansen-chelsea-evolution-hlace-plave-boje-velicina-46\/"},"modified":"2026-02-25T00:01:11","modified_gmt":"2026-02-25T00:01:11","slug":"helly-hansen-chelsea-evolution-hlace-plave-boje-velicina-46","status":"publish","type":"product","link":"https:\/\/stoic-curie.212-227-153-4.plesk.page\/hr\/product\/helly-hansen-chelsea-evolution-hlace-plave-boje-velicina-46\/","title":{"rendered":"Helly Hansen Chelsea Evolution hlace plave boje (velicina 46)"},"content":{"rendered":"<p>Helly Hansen Chelsea Evolution hlace plave boje (velicina 46) &#8211; <\/p>\n<p>Helly Hansen Chelsea Evolution servisne hla\u010de pru\u017eaju izdr\u017eljivost i veliku udobnost zahvaljuju\u0107i 4-smjernom rastezljivom materijalu na kriti\u010dnim mjestima, osiguravaju\u0107i potpunu slobodu kretanja. S oja\u010danim materijalom na koljenima i donjem rubu za za\u0161titu nositelja i hla\u010da od svakodnevnog tro\u0161enja. S d\u017eepovima, kukama za \u010deki\u0107, \u0161irokim petljama za remen, stra\u017enjim d\u017eepovima, bo\u010dnim d\u017eepom s zatvara\u010dem, unutarnjim d\u017eepovima za jastu\u010di\u0107e za koljena i mogu\u0107no\u0161\u0107u produljenja du\u017eine nogavica za 5 cm.<\/p>\n","protected":false},"excerpt":{"rendered":"<p>Helly Hansen Chelsea Evolution hlace plave boje (velicina 46) &#8211; Helly Hansen Chelsea Evolution servisne hla\u010de pru\u017eaju izdr\u017eljivost i veliku<\/p>\n","protected":false},"featured_media":5945936,"comment_status":"open","ping_status":"closed","template":"","meta":[],"product_brand":[3001],"product_cat":[1857],"product_tag":[],"class_list":{"0":"post-744057","1":"product","2":"type-product","3":"status-publish","4":"has-post-thumbnail","6":"product_brand-helly-hansen-hr","7":"product_cat-jedrilicarska-odjeca-helly-hansen","9":"first","10":"instock","11":"shipping-taxable","12":"purchasable","13":"product-type-simple"},"_links":{"self":[{"href":"https:\/\/stoic-curie.212-227-153-4.plesk.page\/hr\/wp-json\/wp\/v2\/product\/744057","targetHints":{"allow":["GET"]}}],"collection":[{"href":"https:\/\/stoic-curie.212-227-153-4.plesk.page\/hr\/wp-json\/wp\/v2\/product"}],"about":[{"href":"https:\/\/stoic-curie.212-227-153-4.plesk.page\/hr\/wp-json\/wp\/v2\/types\/product"}],"replies":[{"embeddable":true,"href":"https:\/\/stoic-curie.212-227-153-4.plesk.page\/hr\/wp-json\/wp\/v2\/comments?post=744057"}],"version-history":[{"count":0,"href":"https:\/\/stoic-curie.212-227-153-4.plesk.page\/hr\/wp-json\/wp\/v2\/product\/744057\/revisions"}],"wp:featuredmedia":[{"embeddable":true,"href":"https:\/\/stoic-curie.212-227-153-4.plesk.page\/hr\/wp-json\/wp\/v2\/media\/5945936"}],"wp:attachment":[{"href":"https:\/\/stoic-curie.212-227-153-4.plesk.page\/hr\/wp-json\/wp\/v2\/media?parent=744057"}],"wp:term":[{"taxonomy":"product_brand","embeddable":true,"href":"https:\/\/stoic-curie.212-227-153-4.plesk.page\/hr\/wp-json\/wp\/v2\/product_brand?post=744057"},{"taxonomy":"product_cat","embeddable":true,"href":"https:\/\/stoic-curie.212-227-153-4.plesk.page\/hr\/wp-json\/wp\/v2\/product_cat?post=744057"},{"taxonomy":"product_tag","embeddable":true,"href":"https:\/\/stoic-curie.212-227-153-4.plesk.page\/hr\/wp-json\/wp\/v2\/product_tag?post=744057"}],"curies":[{"name":"wp","href":"https:\/\/api.w.org\/{rel}","templated":true}]}}