{"id":744060,"date":"2025-03-03T18:51:23","date_gmt":"2025-03-03T17:51:23","guid":{"rendered":"https:\/\/stoic-curie.212-227-153-4.plesk.page\/producto\/okretna-i-sklopiva-slavina-od-nehrdajuceg-celika-h350-mm\/"},"modified":"2026-02-25T00:01:11","modified_gmt":"2026-02-25T00:01:11","slug":"okretna-i-sklopiva-slavina-od-nehrdajuceg-celika-h350-mm","status":"publish","type":"product","link":"https:\/\/stoic-curie.212-227-153-4.plesk.page\/hr\/product\/okretna-i-sklopiva-slavina-od-nehrdajuceg-celika-h350-mm\/","title":{"rendered":"Okretna i sklopiva slavina od nehr\u0111aju\u0107eg \u010delika H350 mm"},"content":{"rendered":"<p>Okretna i sklopiva slavina od nehr\u0111aju\u0107eg \u010delika H350 mm &#8211; <\/p>\n<p>Pojedina\u010dni mije\u0161alni slavinac od nehr\u0111aju\u0107eg \u010delika s rotiraju\u0107im i preklopnim izljevom za sudopera.<\/p>\n","protected":false},"excerpt":{"rendered":"<p>Okretna i sklopiva slavina od nehr\u0111aju\u0107eg \u010delika H350 mm &#8211; Pojedina\u010dni mije\u0161alni slavinac od nehr\u0111aju\u0107eg \u010delika s rotiraju\u0107im i preklopnim<\/p>\n","protected":false},"featured_media":5945944,"comment_status":"open","ping_status":"closed","template":"","meta":[],"product_brand":[3201],"product_cat":[1676],"product_tag":[],"class_list":{"0":"post-744060","1":"product","2":"type-product","3":"status-publish","4":"has-post-thumbnail","6":"product_brand-nobili-hr","7":"product_cat-brodske-slavine","9":"first","10":"instock","11":"shipping-taxable","12":"purchasable","13":"product-type-simple"},"_links":{"self":[{"href":"https:\/\/stoic-curie.212-227-153-4.plesk.page\/hr\/wp-json\/wp\/v2\/product\/744060","targetHints":{"allow":["GET"]}}],"collection":[{"href":"https:\/\/stoic-curie.212-227-153-4.plesk.page\/hr\/wp-json\/wp\/v2\/product"}],"about":[{"href":"https:\/\/stoic-curie.212-227-153-4.plesk.page\/hr\/wp-json\/wp\/v2\/types\/product"}],"replies":[{"embeddable":true,"href":"https:\/\/stoic-curie.212-227-153-4.plesk.page\/hr\/wp-json\/wp\/v2\/comments?post=744060"}],"version-history":[{"count":0,"href":"https:\/\/stoic-curie.212-227-153-4.plesk.page\/hr\/wp-json\/wp\/v2\/product\/744060\/revisions"}],"wp:featuredmedia":[{"embeddable":true,"href":"https:\/\/stoic-curie.212-227-153-4.plesk.page\/hr\/wp-json\/wp\/v2\/media\/5945944"}],"wp:attachment":[{"href":"https:\/\/stoic-curie.212-227-153-4.plesk.page\/hr\/wp-json\/wp\/v2\/media?parent=744060"}],"wp:term":[{"taxonomy":"product_brand","embeddable":true,"href":"https:\/\/stoic-curie.212-227-153-4.plesk.page\/hr\/wp-json\/wp\/v2\/product_brand?post=744060"},{"taxonomy":"product_cat","embeddable":true,"href":"https:\/\/stoic-curie.212-227-153-4.plesk.page\/hr\/wp-json\/wp\/v2\/product_cat?post=744060"},{"taxonomy":"product_tag","embeddable":true,"href":"https:\/\/stoic-curie.212-227-153-4.plesk.page\/hr\/wp-json\/wp\/v2\/product_tag?post=744060"}],"curies":[{"name":"wp","href":"https:\/\/api.w.org\/{rel}","templated":true}]}}