{"id":744065,"date":"2025-03-03T18:51:24","date_gmt":"2025-03-03T17:51:24","guid":{"rendered":"https:\/\/stoic-curie.212-227-153-4.plesk.page\/producto\/sidreni-konop-126-mm-x-40-m-s-lancem-od-nehrdajuceg-celika-6-mm-x-10-m\/"},"modified":"2026-02-25T00:01:11","modified_gmt":"2026-02-25T00:01:11","slug":"sidreni-konop-126-mm-x-40-m-s-lancem-od-nehrdajuceg-celika-6-mm-x-10-m","status":"publish","type":"product","link":"https:\/\/stoic-curie.212-227-153-4.plesk.page\/hr\/product\/sidreni-konop-126-mm-x-40-m-s-lancem-od-nehrdajuceg-celika-6-mm-x-10-m\/","title":{"rendered":"Sidreni konop 12,6 mm x 40 m s lancem od nehr\u0111aju\u0107eg \u010delika 6 mm x 10 m"},"content":{"rendered":"<p>Sidreni konop 12,6 mm x 40 m s lancem od nehr\u0111aju\u0107eg \u010delika 6 mm x 10 m &#8211; <\/p>\n<p>Ahnkarski sustav spreman za upotrebu s savr\u0161eno oblikovanim splicem. Kalibrirani lanac od nehr\u0111aju\u0107eg \u010delika 316 i 3-strand visoko otpornog poliester u\u017eeta otporan na habanje. Mo\u017ee se lako podi\u0107i rukom ili okrenuti u gypsy.<\/p>\n","protected":false},"excerpt":{"rendered":"<p>Sidreni konop 12,6 mm x 40 m s lancem od nehr\u0111aju\u0107eg \u010delika 6 mm x 10 m &#8211; Ahnkarski sustav<\/p>\n","protected":false},"featured_media":5945977,"comment_status":"open","ping_status":"closed","template":"","meta":[],"product_brand":[3086],"product_cat":[1862],"product_tag":[],"class_list":{"0":"post-744065","1":"product","2":"type-product","3":"status-publish","4":"has-post-thumbnail","6":"product_brand-maggigroup-hr","7":"product_cat-sidreno-uze","9":"first","10":"instock","11":"shipping-taxable","12":"purchasable","13":"product-type-simple"},"_links":{"self":[{"href":"https:\/\/stoic-curie.212-227-153-4.plesk.page\/hr\/wp-json\/wp\/v2\/product\/744065","targetHints":{"allow":["GET"]}}],"collection":[{"href":"https:\/\/stoic-curie.212-227-153-4.plesk.page\/hr\/wp-json\/wp\/v2\/product"}],"about":[{"href":"https:\/\/stoic-curie.212-227-153-4.plesk.page\/hr\/wp-json\/wp\/v2\/types\/product"}],"replies":[{"embeddable":true,"href":"https:\/\/stoic-curie.212-227-153-4.plesk.page\/hr\/wp-json\/wp\/v2\/comments?post=744065"}],"version-history":[{"count":0,"href":"https:\/\/stoic-curie.212-227-153-4.plesk.page\/hr\/wp-json\/wp\/v2\/product\/744065\/revisions"}],"wp:featuredmedia":[{"embeddable":true,"href":"https:\/\/stoic-curie.212-227-153-4.plesk.page\/hr\/wp-json\/wp\/v2\/media\/5945977"}],"wp:attachment":[{"href":"https:\/\/stoic-curie.212-227-153-4.plesk.page\/hr\/wp-json\/wp\/v2\/media?parent=744065"}],"wp:term":[{"taxonomy":"product_brand","embeddable":true,"href":"https:\/\/stoic-curie.212-227-153-4.plesk.page\/hr\/wp-json\/wp\/v2\/product_brand?post=744065"},{"taxonomy":"product_cat","embeddable":true,"href":"https:\/\/stoic-curie.212-227-153-4.plesk.page\/hr\/wp-json\/wp\/v2\/product_cat?post=744065"},{"taxonomy":"product_tag","embeddable":true,"href":"https:\/\/stoic-curie.212-227-153-4.plesk.page\/hr\/wp-json\/wp\/v2\/product_tag?post=744065"}],"curies":[{"name":"wp","href":"https:\/\/api.w.org\/{rel}","templated":true}]}}