{"id":744067,"date":"2025-03-03T18:51:25","date_gmt":"2025-03-03T17:51:25","guid":{"rendered":"https:\/\/stoic-curie.212-227-153-4.plesk.page\/producto\/rotirajuci-konektor-od-nehrdajuceg-celika-douglas-marine-6-8-mm-8500kg\/"},"modified":"2026-02-25T00:01:11","modified_gmt":"2026-02-25T00:01:11","slug":"rotirajuci-konektor-od-nehrdajuceg-celika-douglas-marine-6-8-mm-8500kg","status":"publish","type":"product","link":"https:\/\/stoic-curie.212-227-153-4.plesk.page\/hr\/product\/rotirajuci-konektor-od-nehrdajuceg-celika-douglas-marine-6-8-mm-8500kg\/","title":{"rendered":"Rotirajuci konektor od nehr\u0111aju\u0107eg \u010delika Douglas Marine 6-8 mm (8500kg)"},"content":{"rendered":"<p>Rotirajuci konektor od nehr\u0111aju\u0107eg \u010delika Douglas Marine 6-8 mm (8500kg) &#8211; <\/p>\n<p>Duglasov oja\u010dani rotacijski spojnik od nehr\u0111aju\u0107eg \u010delika. Glatko se klizi preko mre\u017eastih kota\u010di\u0107a, sprje\u010davaju\u0107i zaplitanje lanca. S osigura\u010dem i oja\u010danom vilicom protiv uvijanja. 0123309 za sidra od 7 do 17 kg. 0123313 za sidra od 30 do 50 kg.<\/p>\n","protected":false},"excerpt":{"rendered":"<p>Rotirajuci konektor od nehr\u0111aju\u0107eg \u010delika Douglas Marine 6-8 mm (8500kg) &#8211; Duglasov oja\u010dani rotacijski spojnik od nehr\u0111aju\u0107eg \u010delika. Glatko se<\/p>\n","protected":false},"featured_media":5945980,"comment_status":"open","ping_status":"closed","template":"","meta":[],"product_brand":[2901],"product_cat":[1865],"product_tag":[],"class_list":{"0":"post-744067","1":"product","2":"type-product","3":"status-publish","4":"has-post-thumbnail","6":"product_brand-douglas-marine-hr","7":"product_cat-vrtuljci-za-sidra","9":"first","10":"instock","11":"shipping-taxable","12":"purchasable","13":"product-type-simple"},"_links":{"self":[{"href":"https:\/\/stoic-curie.212-227-153-4.plesk.page\/hr\/wp-json\/wp\/v2\/product\/744067","targetHints":{"allow":["GET"]}}],"collection":[{"href":"https:\/\/stoic-curie.212-227-153-4.plesk.page\/hr\/wp-json\/wp\/v2\/product"}],"about":[{"href":"https:\/\/stoic-curie.212-227-153-4.plesk.page\/hr\/wp-json\/wp\/v2\/types\/product"}],"replies":[{"embeddable":true,"href":"https:\/\/stoic-curie.212-227-153-4.plesk.page\/hr\/wp-json\/wp\/v2\/comments?post=744067"}],"version-history":[{"count":0,"href":"https:\/\/stoic-curie.212-227-153-4.plesk.page\/hr\/wp-json\/wp\/v2\/product\/744067\/revisions"}],"wp:featuredmedia":[{"embeddable":true,"href":"https:\/\/stoic-curie.212-227-153-4.plesk.page\/hr\/wp-json\/wp\/v2\/media\/5945980"}],"wp:attachment":[{"href":"https:\/\/stoic-curie.212-227-153-4.plesk.page\/hr\/wp-json\/wp\/v2\/media?parent=744067"}],"wp:term":[{"taxonomy":"product_brand","embeddable":true,"href":"https:\/\/stoic-curie.212-227-153-4.plesk.page\/hr\/wp-json\/wp\/v2\/product_brand?post=744067"},{"taxonomy":"product_cat","embeddable":true,"href":"https:\/\/stoic-curie.212-227-153-4.plesk.page\/hr\/wp-json\/wp\/v2\/product_cat?post=744067"},{"taxonomy":"product_tag","embeddable":true,"href":"https:\/\/stoic-curie.212-227-153-4.plesk.page\/hr\/wp-json\/wp\/v2\/product_tag?post=744067"}],"curies":[{"name":"wp","href":"https:\/\/api.w.org\/{rel}","templated":true}]}}