{"id":744071,"date":"2025-03-03T18:51:26","date_gmt":"2025-03-03T17:51:26","guid":{"rendered":"https:\/\/stoic-curie.212-227-153-4.plesk.page\/producto\/kuhalo-od-nehrdajuceg-celika-techimpex-lipari-2-plamenika-470-x-340-mm\/"},"modified":"2026-02-25T00:01:11","modified_gmt":"2026-02-25T00:01:11","slug":"kuhalo-od-nehrdajuceg-celika-techimpex-lipari-2-plamenika-470-x-340-mm","status":"publish","type":"product","link":"https:\/\/stoic-curie.212-227-153-4.plesk.page\/hr\/product\/kuhalo-od-nehrdajuceg-celika-techimpex-lipari-2-plamenika-470-x-340-mm\/","title":{"rendered":"Kuhalo od nehr\u0111aju\u0107eg \u010delika Techimpex Lipari 2 plamenika 470 x 340 mm"},"content":{"rendered":"<p>Kuhalo od nehr\u0111aju\u0107eg \u010delika Techimpex Lipari 2 plamenika 470 x 340 mm &#8211; <\/p>\n<p>Lagani i kompaktni ugradni plinski kuhala Techimpex od nehr\u0111aju\u0107eg \u010delika, opremljeni termoparovima i re\u0161etkom sa zatvaranjem pod tlakom. Snaga plamenika: Ischia 2300W, Lipari 1700+3000W, Burano 1000+1700+3000W<\/p>\n","protected":false},"excerpt":{"rendered":"<p>Kuhalo od nehr\u0111aju\u0107eg \u010delika Techimpex Lipari 2 plamenika 470 x 340 mm &#8211; Lagani i kompaktni ugradni plinski kuhala Techimpex<\/p>\n","protected":false},"featured_media":5945982,"comment_status":"open","ping_status":"closed","template":"","meta":[],"product_brand":[3461],"product_cat":[1641],"product_tag":[],"class_list":{"0":"post-744071","1":"product","2":"type-product","3":"status-publish","4":"has-post-thumbnail","6":"product_brand-techimpex-hr","7":"product_cat-brodski-stednjaci","9":"first","10":"instock","11":"shipping-taxable","12":"purchasable","13":"product-type-simple"},"_links":{"self":[{"href":"https:\/\/stoic-curie.212-227-153-4.plesk.page\/hr\/wp-json\/wp\/v2\/product\/744071","targetHints":{"allow":["GET"]}}],"collection":[{"href":"https:\/\/stoic-curie.212-227-153-4.plesk.page\/hr\/wp-json\/wp\/v2\/product"}],"about":[{"href":"https:\/\/stoic-curie.212-227-153-4.plesk.page\/hr\/wp-json\/wp\/v2\/types\/product"}],"replies":[{"embeddable":true,"href":"https:\/\/stoic-curie.212-227-153-4.plesk.page\/hr\/wp-json\/wp\/v2\/comments?post=744071"}],"version-history":[{"count":0,"href":"https:\/\/stoic-curie.212-227-153-4.plesk.page\/hr\/wp-json\/wp\/v2\/product\/744071\/revisions"}],"wp:featuredmedia":[{"embeddable":true,"href":"https:\/\/stoic-curie.212-227-153-4.plesk.page\/hr\/wp-json\/wp\/v2\/media\/5945982"}],"wp:attachment":[{"href":"https:\/\/stoic-curie.212-227-153-4.plesk.page\/hr\/wp-json\/wp\/v2\/media?parent=744071"}],"wp:term":[{"taxonomy":"product_brand","embeddable":true,"href":"https:\/\/stoic-curie.212-227-153-4.plesk.page\/hr\/wp-json\/wp\/v2\/product_brand?post=744071"},{"taxonomy":"product_cat","embeddable":true,"href":"https:\/\/stoic-curie.212-227-153-4.plesk.page\/hr\/wp-json\/wp\/v2\/product_cat?post=744071"},{"taxonomy":"product_tag","embeddable":true,"href":"https:\/\/stoic-curie.212-227-153-4.plesk.page\/hr\/wp-json\/wp\/v2\/product_tag?post=744071"}],"curies":[{"name":"wp","href":"https:\/\/api.w.org\/{rel}","templated":true}]}}