{"id":744072,"date":"2025-03-03T18:51:26","date_gmt":"2025-03-03T17:51:26","guid":{"rendered":"https:\/\/stoic-curie.212-227-153-4.plesk.page\/producto\/kuhalo-od-nehrdajuceg-celika-techimpex-burano-3-plamenika-470-x-390-mm\/"},"modified":"2026-02-25T00:01:11","modified_gmt":"2026-02-25T00:01:11","slug":"kuhalo-od-nehrdajuceg-celika-techimpex-burano-3-plamenika-470-x-390-mm","status":"publish","type":"product","link":"https:\/\/stoic-curie.212-227-153-4.plesk.page\/hr\/product\/kuhalo-od-nehrdajuceg-celika-techimpex-burano-3-plamenika-470-x-390-mm\/","title":{"rendered":"Kuhalo od nehr\u0111aju\u0107eg \u010delika Techimpex Burano 3-plamenika 470 x 390 mm"},"content":{"rendered":"<p>Kuhalo od nehr\u0111aju\u0107eg \u010delika Techimpex Burano 3-plamenika 470 x 390 mm &#8211; <\/p>\n<p>Lagana i kompaktna, Techimpex ugra\u0111ena plinska kuhala od nehr\u0111aju\u0107eg \u010delika opremljena su termoelementima i re\u0161etkom s pre\u010dnim zaklju\u010davanjem. Snaga plamenika:<br \/>Ischia 2300W<br \/>Lipari 1700+3000W<br \/>Burano 1000+1700+3000W<\/p>\n","protected":false},"excerpt":{"rendered":"<p>Kuhalo od nehr\u0111aju\u0107eg \u010delika Techimpex Burano 3-plamenika 470 x 390 mm &#8211; Lagana i kompaktna, Techimpex ugra\u0111ena plinska kuhala od<\/p>\n","protected":false},"featured_media":5945982,"comment_status":"open","ping_status":"closed","template":"","meta":[],"product_brand":[3461],"product_cat":[1641],"product_tag":[],"class_list":{"0":"post-744072","1":"product","2":"type-product","3":"status-publish","4":"has-post-thumbnail","6":"product_brand-techimpex-hr","7":"product_cat-brodski-stednjaci","9":"first","10":"instock","11":"shipping-taxable","12":"purchasable","13":"product-type-simple"},"_links":{"self":[{"href":"https:\/\/stoic-curie.212-227-153-4.plesk.page\/hr\/wp-json\/wp\/v2\/product\/744072","targetHints":{"allow":["GET"]}}],"collection":[{"href":"https:\/\/stoic-curie.212-227-153-4.plesk.page\/hr\/wp-json\/wp\/v2\/product"}],"about":[{"href":"https:\/\/stoic-curie.212-227-153-4.plesk.page\/hr\/wp-json\/wp\/v2\/types\/product"}],"replies":[{"embeddable":true,"href":"https:\/\/stoic-curie.212-227-153-4.plesk.page\/hr\/wp-json\/wp\/v2\/comments?post=744072"}],"version-history":[{"count":0,"href":"https:\/\/stoic-curie.212-227-153-4.plesk.page\/hr\/wp-json\/wp\/v2\/product\/744072\/revisions"}],"wp:featuredmedia":[{"embeddable":true,"href":"https:\/\/stoic-curie.212-227-153-4.plesk.page\/hr\/wp-json\/wp\/v2\/media\/5945982"}],"wp:attachment":[{"href":"https:\/\/stoic-curie.212-227-153-4.plesk.page\/hr\/wp-json\/wp\/v2\/media?parent=744072"}],"wp:term":[{"taxonomy":"product_brand","embeddable":true,"href":"https:\/\/stoic-curie.212-227-153-4.plesk.page\/hr\/wp-json\/wp\/v2\/product_brand?post=744072"},{"taxonomy":"product_cat","embeddable":true,"href":"https:\/\/stoic-curie.212-227-153-4.plesk.page\/hr\/wp-json\/wp\/v2\/product_cat?post=744072"},{"taxonomy":"product_tag","embeddable":true,"href":"https:\/\/stoic-curie.212-227-153-4.plesk.page\/hr\/wp-json\/wp\/v2\/product_tag?post=744072"}],"curies":[{"name":"wp","href":"https:\/\/api.w.org\/{rel}","templated":true}]}}