{"id":744077,"date":"2025-03-03T18:51:28","date_gmt":"2025-03-03T17:51:28","guid":{"rendered":"https:\/\/stoic-curie.212-227-153-4.plesk.page\/producto\/keramicki-stednjak-techimpex-torres-4-plamenika-500-x-510-mm\/"},"modified":"2026-02-25T00:01:11","modified_gmt":"2026-02-25T00:01:11","slug":"keramicki-stednjak-techimpex-torres-4-plamenika-500-x-510-mm","status":"publish","type":"product","link":"https:\/\/stoic-curie.212-227-153-4.plesk.page\/hr\/product\/keramicki-stednjak-techimpex-torres-4-plamenika-500-x-510-mm\/","title":{"rendered":"Keramicki \u0161tednjak Techimpex Torres 4 plamenika 500 x 510 mm"},"content":{"rendered":"<p>Keramicki \u0161tednjak Techimpex Torres 4 plamenika 500 x 510 mm &#8211; <\/p>\n<p>Ugra\u0111eni Techimpex 220V kuhalo sa staklenim kerami\u010dkim radnim plohama, senzorima dodirnog upravljanja i ku\u0107i\u0161tem od nehr\u0111aju\u0107eg \u010delika. U kompletu s indikatorom napajanja &#8216;uklju\u010deno&#8217; i indikatorom ostatne topline. Opcionalni dr\u017ea\u010di posuda s toplinskim za\u0161titama. Snaga plo\u010da: Linosa 1200 + 1700W, Torres 1200 + 1200 + 1700 + 1700W<\/p>\n","protected":false},"excerpt":{"rendered":"<p>Keramicki \u0161tednjak Techimpex Torres 4 plamenika 500 x 510 mm &#8211; Ugra\u0111eni Techimpex 220V kuhalo sa staklenim kerami\u010dkim radnim plohama,<\/p>\n","protected":false},"featured_media":5945985,"comment_status":"open","ping_status":"closed","template":"","meta":[],"product_brand":[3461],"product_cat":[1641],"product_tag":[],"class_list":{"0":"post-744077","1":"product","2":"type-product","3":"status-publish","4":"has-post-thumbnail","6":"product_brand-techimpex-hr","7":"product_cat-brodski-stednjaci","9":"first","10":"instock","11":"shipping-taxable","12":"purchasable","13":"product-type-simple"},"_links":{"self":[{"href":"https:\/\/stoic-curie.212-227-153-4.plesk.page\/hr\/wp-json\/wp\/v2\/product\/744077","targetHints":{"allow":["GET"]}}],"collection":[{"href":"https:\/\/stoic-curie.212-227-153-4.plesk.page\/hr\/wp-json\/wp\/v2\/product"}],"about":[{"href":"https:\/\/stoic-curie.212-227-153-4.plesk.page\/hr\/wp-json\/wp\/v2\/types\/product"}],"replies":[{"embeddable":true,"href":"https:\/\/stoic-curie.212-227-153-4.plesk.page\/hr\/wp-json\/wp\/v2\/comments?post=744077"}],"version-history":[{"count":0,"href":"https:\/\/stoic-curie.212-227-153-4.plesk.page\/hr\/wp-json\/wp\/v2\/product\/744077\/revisions"}],"wp:featuredmedia":[{"embeddable":true,"href":"https:\/\/stoic-curie.212-227-153-4.plesk.page\/hr\/wp-json\/wp\/v2\/media\/5945985"}],"wp:attachment":[{"href":"https:\/\/stoic-curie.212-227-153-4.plesk.page\/hr\/wp-json\/wp\/v2\/media?parent=744077"}],"wp:term":[{"taxonomy":"product_brand","embeddable":true,"href":"https:\/\/stoic-curie.212-227-153-4.plesk.page\/hr\/wp-json\/wp\/v2\/product_brand?post=744077"},{"taxonomy":"product_cat","embeddable":true,"href":"https:\/\/stoic-curie.212-227-153-4.plesk.page\/hr\/wp-json\/wp\/v2\/product_cat?post=744077"},{"taxonomy":"product_tag","embeddable":true,"href":"https:\/\/stoic-curie.212-227-153-4.plesk.page\/hr\/wp-json\/wp\/v2\/product_tag?post=744077"}],"curies":[{"name":"wp","href":"https:\/\/api.w.org\/{rel}","templated":true}]}}