{"id":744080,"date":"2025-03-03T18:54:23","date_gmt":"2025-03-03T17:54:23","guid":{"rendered":"https:\/\/stoic-curie.212-227-153-4.plesk.page\/producto\/keramicki-stednjak-techimpex-giglio-2-ploce-za-kuhanje-500-x-300-mm\/"},"modified":"2026-02-25T00:01:11","modified_gmt":"2026-02-25T00:01:11","slug":"keramicki-stednjak-techimpex-giglio-2-ploce-za-kuhanje-500-x-300-mm","status":"publish","type":"product","link":"https:\/\/stoic-curie.212-227-153-4.plesk.page\/hr\/product\/keramicki-stednjak-techimpex-giglio-2-ploce-za-kuhanje-500-x-300-mm\/","title":{"rendered":"Keramicki \u0161tednjak Techimpex Giglio 2"},"content":{"rendered":"<p>Keramicki \u0161tednjak Techimpex Giglio 2 &#8211; <\/p>\n<p>Sa zadovoljstvom predstavljamo Techimpex Giglio 2 Vitrokerami\u010dku Kuhalicu, izvanredan dodatak va\u0161oj kuhinji koji kombinira funkcionalnost s modernim dizajnom. Ova ugradna 220V kuhala pa\u017eljivo je dizajnirana s vitrefinim kerami\u010dkim indukcijskim plo\u010dama, osiguravaju\u0107i u\u010dinkovito kuhanje uz odr\u017eavanje elegantnog izgleda. Kuhalica sadr\u017ei senzore za dodir koji su jednostavni za kori\u0161tenje, \u0161to olak\u0161ava rad svakome.<\/p>\n<p>Za va\u0161u sigurnost i prakti\u010dnost, uklju\u010duje indikator napajanja koji pokazuje kada je kuhalica aktivna, indikator ostatne topline koji vas obavijesti kada je povr\u0161ina jo\u0161 vru\u0107a, i senzor protiv prelijevanja koji poma\u017ee u sprje\u010davanju prolijevanja. Osim toga, dostupan je tajmer za kuhanje kako bi vam pomogao u u\u010dinkovitom upravljanju vremenom kuhanja.<\/p>\n<p>Za one koji \u017eele dodatnu sigurnost, opcionalni dr\u017ea\u010di posuda s za\u0161titama od topline dostupni su za pobolj\u0161anje va\u0161eg iskustva kuhanja. Indukcijske plo\u010de su mo\u0107ne, s izlazima od 1400W i 2300W, omogu\u0107uju\u0107i brzu i u\u010dinkovitu pripremu obroka. Ukupne dimenzije kuhalice su 500 x 300 mm, a te\u017eina od 5 kg \u010dini je prakti\u010dnim izborom za bilo koju kuhinjsku opremu.<\/p>\n","protected":false},"excerpt":{"rendered":"<p>Keramicki \u0161tednjak Techimpex Giglio 2 &#8211; Sa zadovoljstvom predstavljamo Techimpex Giglio 2 Vitrokerami\u010dku Kuhalicu, izvanredan dodatak va\u0161oj kuhinji koji kombinira<\/p>\n","protected":false},"featured_media":5945988,"comment_status":"open","ping_status":"closed","template":"","meta":[],"product_brand":[3461],"product_cat":[1641],"product_tag":[],"class_list":{"0":"post-744080","1":"product","2":"type-product","3":"status-publish","4":"has-post-thumbnail","6":"product_brand-techimpex-hr","7":"product_cat-brodski-stednjaci","9":"first","10":"instock","11":"shipping-taxable","12":"purchasable","13":"product-type-simple"},"_links":{"self":[{"href":"https:\/\/stoic-curie.212-227-153-4.plesk.page\/hr\/wp-json\/wp\/v2\/product\/744080","targetHints":{"allow":["GET"]}}],"collection":[{"href":"https:\/\/stoic-curie.212-227-153-4.plesk.page\/hr\/wp-json\/wp\/v2\/product"}],"about":[{"href":"https:\/\/stoic-curie.212-227-153-4.plesk.page\/hr\/wp-json\/wp\/v2\/types\/product"}],"replies":[{"embeddable":true,"href":"https:\/\/stoic-curie.212-227-153-4.plesk.page\/hr\/wp-json\/wp\/v2\/comments?post=744080"}],"version-history":[{"count":0,"href":"https:\/\/stoic-curie.212-227-153-4.plesk.page\/hr\/wp-json\/wp\/v2\/product\/744080\/revisions"}],"wp:featuredmedia":[{"embeddable":true,"href":"https:\/\/stoic-curie.212-227-153-4.plesk.page\/hr\/wp-json\/wp\/v2\/media\/5945988"}],"wp:attachment":[{"href":"https:\/\/stoic-curie.212-227-153-4.plesk.page\/hr\/wp-json\/wp\/v2\/media?parent=744080"}],"wp:term":[{"taxonomy":"product_brand","embeddable":true,"href":"https:\/\/stoic-curie.212-227-153-4.plesk.page\/hr\/wp-json\/wp\/v2\/product_brand?post=744080"},{"taxonomy":"product_cat","embeddable":true,"href":"https:\/\/stoic-curie.212-227-153-4.plesk.page\/hr\/wp-json\/wp\/v2\/product_cat?post=744080"},{"taxonomy":"product_tag","embeddable":true,"href":"https:\/\/stoic-curie.212-227-153-4.plesk.page\/hr\/wp-json\/wp\/v2\/product_tag?post=744080"}],"curies":[{"name":"wp","href":"https:\/\/api.w.org\/{rel}","templated":true}]}}