{"id":744081,"date":"2025-03-03T18:54:24","date_gmt":"2025-03-03T17:54:24","guid":{"rendered":"https:\/\/stoic-curie.212-227-153-4.plesk.page\/producto\/keramicki-stednjak-techimpex-grado-4-ploce-za-kuhanje-580-x-510-mm\/"},"modified":"2026-02-25T00:01:11","modified_gmt":"2026-02-25T00:01:11","slug":"keramicki-stednjak-techimpex-grado-4-ploce-za-kuhanje-580-x-510-mm","status":"publish","type":"product","link":"https:\/\/stoic-curie.212-227-153-4.plesk.page\/hr\/product\/keramicki-stednjak-techimpex-grado-4-ploce-za-kuhanje-580-x-510-mm\/","title":{"rendered":"Keramicki \u0161tednjak Techimpex Grado 4"},"content":{"rendered":"<p>Keramicki \u0161tednjak Techimpex Grado 4 &#8211; <\/p>\n<p>Sa zadovoljstvom predstavljamo indukcijske plo\u010de Boata Vitroceramic Cooker Techimpex 220V, koje su dizajnirane s naglaskom na izdr\u017eljivost i funkcionalnost. Ove plo\u010de imaju robusne vitrene kerami\u010dke indukcijske povr\u0161ine koje ne samo da pru\u017eaju izvrsne performanse kuhanja, ve\u0107 tako\u0111er osiguravaju dugovje\u010dnost. Korisnici \u0107e lako upravljati plo\u010dama zahvaljuju\u0107i prakti\u010dnim dodirnim senzorima koji omogu\u0107uju preciznu kontrolu. Svaka plo\u010da opremljena je brojnim prakti\u010dnim zna\u010dajkama, uklju\u010duju\u0107i indikator napajanja koji vas obavje\u0161tava kada je ure\u0111aj uklju\u010den, indikator preostale topline radi sigurnosti, senzor protiv prelijevanja kako bi se sprije\u010dile izlijevanja, i tajmer za kuhanje koji poma\u017ee u pra\u0107enju va\u0161ih kulinarskih kreacija.<\/p>\n<p>Dodatno, dostupni su opcionalni dr\u017ea\u010di posuda s za\u0161titama od topline kako bi se pobolj\u0161alo va\u0161e iskustvo kuhanja. Specifikacije snage za indukcijske plo\u010de su sljede\u0107e: Grado4, koje uklju\u010duju dvije plo\u010de snage 1400W svaka i dvije plo\u010de snage 2300W svaka, pru\u017eaju\u0107i dovoljno snage za pripremu raznih jela. Dimenzije plo\u010da su 580 x 510 mm, a te\u017eina im je 6 kg, \u0161to ih \u010dini prakti\u010dnim izborom za svaku kuhinju.<\/p>\n","protected":false},"excerpt":{"rendered":"<p>Keramicki \u0161tednjak Techimpex Grado 4 &#8211; Sa zadovoljstvom predstavljamo indukcijske plo\u010de Boata Vitroceramic Cooker Techimpex 220V, koje su dizajnirane s<\/p>\n","protected":false},"featured_media":5945990,"comment_status":"open","ping_status":"closed","template":"","meta":[],"product_brand":[3461],"product_cat":[1641],"product_tag":[],"class_list":{"0":"post-744081","1":"product","2":"type-product","3":"status-publish","4":"has-post-thumbnail","6":"product_brand-techimpex-hr","7":"product_cat-brodski-stednjaci","9":"first","10":"instock","11":"shipping-taxable","12":"purchasable","13":"product-type-simple"},"_links":{"self":[{"href":"https:\/\/stoic-curie.212-227-153-4.plesk.page\/hr\/wp-json\/wp\/v2\/product\/744081","targetHints":{"allow":["GET"]}}],"collection":[{"href":"https:\/\/stoic-curie.212-227-153-4.plesk.page\/hr\/wp-json\/wp\/v2\/product"}],"about":[{"href":"https:\/\/stoic-curie.212-227-153-4.plesk.page\/hr\/wp-json\/wp\/v2\/types\/product"}],"replies":[{"embeddable":true,"href":"https:\/\/stoic-curie.212-227-153-4.plesk.page\/hr\/wp-json\/wp\/v2\/comments?post=744081"}],"version-history":[{"count":0,"href":"https:\/\/stoic-curie.212-227-153-4.plesk.page\/hr\/wp-json\/wp\/v2\/product\/744081\/revisions"}],"wp:featuredmedia":[{"embeddable":true,"href":"https:\/\/stoic-curie.212-227-153-4.plesk.page\/hr\/wp-json\/wp\/v2\/media\/5945990"}],"wp:attachment":[{"href":"https:\/\/stoic-curie.212-227-153-4.plesk.page\/hr\/wp-json\/wp\/v2\/media?parent=744081"}],"wp:term":[{"taxonomy":"product_brand","embeddable":true,"href":"https:\/\/stoic-curie.212-227-153-4.plesk.page\/hr\/wp-json\/wp\/v2\/product_brand?post=744081"},{"taxonomy":"product_cat","embeddable":true,"href":"https:\/\/stoic-curie.212-227-153-4.plesk.page\/hr\/wp-json\/wp\/v2\/product_cat?post=744081"},{"taxonomy":"product_tag","embeddable":true,"href":"https:\/\/stoic-curie.212-227-153-4.plesk.page\/hr\/wp-json\/wp\/v2\/product_tag?post=744081"}],"curies":[{"name":"wp","href":"https:\/\/api.w.org\/{rel}","templated":true}]}}