{"id":744082,"date":"2025-03-03T18:54:24","date_gmt":"2025-03-03T17:54:24","guid":{"rendered":"https:\/\/stoic-curie.212-227-153-4.plesk.page\/producto\/kuhalo-od-nehrdajuceg-celika-techimpex-portofino-cl-2plamenika\/"},"modified":"2026-02-25T00:01:12","modified_gmt":"2026-02-25T00:01:12","slug":"kuhalo-od-nehrdajuceg-celika-techimpex-portofino-cl-2plamenika","status":"publish","type":"product","link":"https:\/\/stoic-curie.212-227-153-4.plesk.page\/hr\/product\/kuhalo-od-nehrdajuceg-celika-techimpex-portofino-cl-2plamenika\/","title":{"rendered":"Nehr\u0111aju\u0107i Kuhar Techimpex Portofino Classic"},"content":{"rendered":"<p>Nehr\u0111aju\u0107i Kuhar Techimpex Portofino Classic &#8211; <\/p>\n<p style=\"color: rgb(34, 34, 34); font-family: Arial, Helvetica, sans-serif; font-size: small;\">S zadovoljstvom predstavljamo Techimpex plinske \u0161tednjake, dizajnirane s robusnim okvirom od nehr\u0111aju\u0107eg \u010delika i emajliranim pe\u0107nicama. Svaka jedinica uklju\u010duje osnovne zna\u010dajke poput termopara, \u010dvrstih mjedenih poklopaca za plamenike, dr\u017ea\u010da za lonce, gimbala, re\u0161etke za pe\u0107nicu, dvostrukog stakla i brave za sigurnost. Osim toga, dostupna je opcionalna za\u0161tita od topline za dodatnu sigurnost.<\/p>\n<p style=\"color: rgb(34, 34, 34); font-family: Arial, Helvetica, sans-serif; font-size: small;\">Model Portofino CLASSIC SHINY je kompaktna \u0161tednjaka s 2 plamenika, a uklju\u010duje i stra\u017enji plamenik pe\u0107nice. Svaki plamenik isporu\u010duje snagu od 2000W, dok pe\u0107nica radi na 1550W.<\/p>\n<p style=\"color: rgb(34, 34, 34); font-family: Arial, Helvetica, sans-serif; font-size: small;\">Glavne zna\u010dajke ovog modela uklju\u010duju:<\/p>\n<ul style=\"color: rgb(34, 34, 34); font-family: Arial, Helvetica, sans-serif; font-size: small;\">\n<li>Kompaktna \u0161tednjaka s dva plamenika s pe\u0107nicom, gimbalima i dr\u017ea\u010dima za lonce, dimenzija 45 cm u \u0161irini (napominjemo da bo\u010dne za\u0161tite nisu uklju\u010dene).<\/li>\n<li>Ure\u0111aji za otkrivanje plamena za sve plamenike, osiguravaju\u0107i sigurnu upotrebu.<\/li>\n<li>Termometar za pe\u0107nicu za to\u010dno kuhanje.<\/li>\n<\/ul>\n<p style=\"color: rgb(34, 34, 34); font-family: Arial, Helvetica, sans-serif; font-size: small;\">Ova \u0161tednjaka je izvrsan izbor za pripremu obroka na brodu, s ocjenama snage plamenika:<\/p>\n<ul style=\"color: rgb(34, 34, 34); font-family: Arial, Helvetica, sans-serif; font-size: small;\">\n<li>Veliki plamenik: 2,3 kW<\/li>\n<li>Srednji plamenik: 1,7 kW<\/li>\n<li>Pe\u0107nica: 1,44 kW<\/li>\n<\/ul>\n<p style=\"color: rgb(34, 34, 34); font-family: Arial, Helvetica, sans-serif; font-size: small;\">Ukupna te\u017eina jedinice je 21 kg.<\/p>\n<p style=\"color: rgb(34, 34, 34); font-family: Arial, Helvetica, sans-serif; font-size: small;\">Otkrijte prakti\u010dnost i u\u010dinkovitost na\u0161e kompaktne \u0161tednjake s dvostrukim plamenicima, posebno dizajnirane za kuhanje na brodovima.<\/p>\n","protected":false},"excerpt":{"rendered":"<p>Nehr\u0111aju\u0107i Kuhar Techimpex Portofino Classic &#8211; S zadovoljstvom predstavljamo Techimpex plinske \u0161tednjake, dizajnirane s robusnim okvirom od nehr\u0111aju\u0107eg \u010delika i<\/p>\n","protected":false},"featured_media":5945991,"comment_status":"open","ping_status":"closed","template":"","meta":[],"product_brand":[3461],"product_cat":[1641],"product_tag":[],"class_list":{"0":"post-744082","1":"product","2":"type-product","3":"status-publish","4":"has-post-thumbnail","6":"product_brand-techimpex-hr","7":"product_cat-brodski-stednjaci","9":"first","10":"instock","11":"shipping-taxable","12":"purchasable","13":"product-type-simple"},"_links":{"self":[{"href":"https:\/\/stoic-curie.212-227-153-4.plesk.page\/hr\/wp-json\/wp\/v2\/product\/744082","targetHints":{"allow":["GET"]}}],"collection":[{"href":"https:\/\/stoic-curie.212-227-153-4.plesk.page\/hr\/wp-json\/wp\/v2\/product"}],"about":[{"href":"https:\/\/stoic-curie.212-227-153-4.plesk.page\/hr\/wp-json\/wp\/v2\/types\/product"}],"replies":[{"embeddable":true,"href":"https:\/\/stoic-curie.212-227-153-4.plesk.page\/hr\/wp-json\/wp\/v2\/comments?post=744082"}],"version-history":[{"count":0,"href":"https:\/\/stoic-curie.212-227-153-4.plesk.page\/hr\/wp-json\/wp\/v2\/product\/744082\/revisions"}],"wp:featuredmedia":[{"embeddable":true,"href":"https:\/\/stoic-curie.212-227-153-4.plesk.page\/hr\/wp-json\/wp\/v2\/media\/5945991"}],"wp:attachment":[{"href":"https:\/\/stoic-curie.212-227-153-4.plesk.page\/hr\/wp-json\/wp\/v2\/media?parent=744082"}],"wp:term":[{"taxonomy":"product_brand","embeddable":true,"href":"https:\/\/stoic-curie.212-227-153-4.plesk.page\/hr\/wp-json\/wp\/v2\/product_brand?post=744082"},{"taxonomy":"product_cat","embeddable":true,"href":"https:\/\/stoic-curie.212-227-153-4.plesk.page\/hr\/wp-json\/wp\/v2\/product_cat?post=744082"},{"taxonomy":"product_tag","embeddable":true,"href":"https:\/\/stoic-curie.212-227-153-4.plesk.page\/hr\/wp-json\/wp\/v2\/product_tag?post=744082"}],"curies":[{"name":"wp","href":"https:\/\/api.w.org\/{rel}","templated":true}]}}