{"id":744084,"date":"2025-03-03T18:54:25","date_gmt":"2025-03-03T17:54:25","guid":{"rendered":"https:\/\/stoic-curie.212-227-153-4.plesk.page\/producto\/brodsko-kuhalo-techimpex-maratea-xl-3-ploca-za-kuhanje\/"},"modified":"2026-02-25T00:01:12","modified_gmt":"2026-02-25T00:01:12","slug":"brodsko-kuhalo-techimpex-maratea-xl-3-ploca-za-kuhanje","status":"publish","type":"product","link":"https:\/\/stoic-curie.212-227-153-4.plesk.page\/hr\/product\/brodsko-kuhalo-techimpex-maratea-xl-3-ploca-za-kuhanje\/","title":{"rendered":"Nehr\u0111aju\u0107i kuha\u010d Techimpex Maratea XL3"},"content":{"rendered":"<p>Nehr\u0111aju\u0107i kuha\u010d Techimpex Maratea XL3 &#8211; <\/p>\n<p style=\"color: rgb(34, 34, 34); font-family: Arial, Helvetica, sans-serif; font-size: small;\">Predstavljamo Marine Cooker Techimpex Maratea XL3, dizajniran za va\u0161e potrebe na brodu s dimenzijama od 500 x 480 x H460 mm. Ova kuhinja ima robusnu konstrukciju od nehr\u0111aju\u0107eg \u010delika i emajliranu pe\u0107nicu, osiguravaju\u0107i izdr\u017eljivost i jednostavnost kori\u0161tenja. Opremljena je termoelementima, \u010dvrstim mjedenim poklopcima za plamenike, jednim dr\u017ea\u010dem za posude, gimbalima, re\u0161etkom za pe\u0107nicu, dvostrukim staklom i sigurnosnom bravom na vratima.<\/p>\n<p style=\"color: rgb(34, 34, 34); font-family: Arial, Helvetica, sans-serif; font-size: small;\">EXTRALARGE model ima tri plamenika, prostranu kuhinju i pe\u0107nicu, pru\u017eaju\u0107i vam udobnost kuhanja sli\u010dnu onoj kod ku\u0107e. Kuhinjska plo\u010da je lako \u010di\u0161\u0107a, a mjedenim plamenici nude razli\u010dite snage grijanja: visokoenergetski plamenik od 2,3 kW, standardni plamenik od 1,7 kW i pomo\u0107ni plamenik od 1,0 kW. Plamenik pe\u0107nice tako\u0111er radi na 1,7 kW.<\/p>\n<p style=\"color: rgb(34, 34, 34); font-family: Arial, Helvetica, sans-serif; font-size: small;\">Ova pe\u0107 ima dizajn s tri plamenika i pe\u0107nicom. Cijelo ku\u0107i\u0161te je od nehr\u0111aju\u0107eg \u010delika, a vrata pe\u0107nice sadr\u017ee izolirano stakleno prozor, bravu i mjera\u010d temperature. Plamenik za\u0161ti\u0107en od paljenja radi na ulaznom tlaku od 30 mbar, a pe\u0107 je CE odobrena za sigurnost.<\/p>\n<p style=\"color: rgb(34, 34, 34); font-family: Arial, Helvetica, sans-serif; font-size: small;\">Uklju\u010deno u va\u0161u kupnju su:<\/p>\n<ul style=\"color: rgb(34, 34, 34); font-family: Arial, Helvetica, sans-serif; font-size: small;\">\n<li>Galvanizirana konzola s lukom za vezivanje<\/li>\n<li>Dva para dr\u017ea\u010da za posude<\/li>\n<li>Jedna re\u0161etka za pe\u0107nicu<\/li>\n<li>Jedna uklonjiva podna plo\u010da za jednostavno \u010di\u0161\u0107enje<\/li>\n<\/ul>\n<p style=\"color: rgb(34, 34, 34); font-family: Arial, Helvetica, sans-serif; font-size: small;\">Iskusite udobnost i pouzdanost Techimpex Maratea XL3 za sve va\u0161e potrebe kuhanja na vodi.<\/p>\n","protected":false},"excerpt":{"rendered":"<p>Nehr\u0111aju\u0107i kuha\u010d Techimpex Maratea XL3 &#8211; Predstavljamo Marine Cooker Techimpex Maratea XL3, dizajniran za va\u0161e potrebe na brodu s dimenzijama<\/p>\n","protected":false},"featured_media":5945997,"comment_status":"open","ping_status":"closed","template":"","meta":[],"product_brand":[3461],"product_cat":[1641],"product_tag":[],"class_list":{"0":"post-744084","1":"product","2":"type-product","3":"status-publish","4":"has-post-thumbnail","6":"product_brand-techimpex-hr","7":"product_cat-brodski-stednjaci","9":"first","10":"instock","11":"shipping-taxable","12":"purchasable","13":"product-type-simple"},"_links":{"self":[{"href":"https:\/\/stoic-curie.212-227-153-4.plesk.page\/hr\/wp-json\/wp\/v2\/product\/744084","targetHints":{"allow":["GET"]}}],"collection":[{"href":"https:\/\/stoic-curie.212-227-153-4.plesk.page\/hr\/wp-json\/wp\/v2\/product"}],"about":[{"href":"https:\/\/stoic-curie.212-227-153-4.plesk.page\/hr\/wp-json\/wp\/v2\/types\/product"}],"replies":[{"embeddable":true,"href":"https:\/\/stoic-curie.212-227-153-4.plesk.page\/hr\/wp-json\/wp\/v2\/comments?post=744084"}],"version-history":[{"count":0,"href":"https:\/\/stoic-curie.212-227-153-4.plesk.page\/hr\/wp-json\/wp\/v2\/product\/744084\/revisions"}],"wp:featuredmedia":[{"embeddable":true,"href":"https:\/\/stoic-curie.212-227-153-4.plesk.page\/hr\/wp-json\/wp\/v2\/media\/5945997"}],"wp:attachment":[{"href":"https:\/\/stoic-curie.212-227-153-4.plesk.page\/hr\/wp-json\/wp\/v2\/media?parent=744084"}],"wp:term":[{"taxonomy":"product_brand","embeddable":true,"href":"https:\/\/stoic-curie.212-227-153-4.plesk.page\/hr\/wp-json\/wp\/v2\/product_brand?post=744084"},{"taxonomy":"product_cat","embeddable":true,"href":"https:\/\/stoic-curie.212-227-153-4.plesk.page\/hr\/wp-json\/wp\/v2\/product_cat?post=744084"},{"taxonomy":"product_tag","embeddable":true,"href":"https:\/\/stoic-curie.212-227-153-4.plesk.page\/hr\/wp-json\/wp\/v2\/product_tag?post=744084"}],"curies":[{"name":"wp","href":"https:\/\/api.w.org\/{rel}","templated":true}]}}