{"id":744085,"date":"2025-03-03T18:54:25","date_gmt":"2025-03-03T17:54:25","guid":{"rendered":"https:\/\/stoic-curie.212-227-153-4.plesk.page\/producto\/kuhalo-od-nehrdajuceg-celika-techimpex-capri-1-plamenik-240-x-300-x-h130-mm\/"},"modified":"2026-02-25T00:01:12","modified_gmt":"2026-02-25T00:01:12","slug":"kuhalo-od-nehrdajuceg-celika-techimpex-capri-1-plamenik-240-x-300-x-h130-mm","status":"publish","type":"product","link":"https:\/\/stoic-curie.212-227-153-4.plesk.page\/hr\/product\/kuhalo-od-nehrdajuceg-celika-techimpex-capri-1-plamenik-240-x-300-x-h130-mm\/","title":{"rendered":"Kuhalo od nehr\u0111aju\u0107eg \u010delika Techimpex Capri 1 plamenik 240 x 300 x H130 mm"},"content":{"rendered":"<p>Kuhalo od nehr\u0111aju\u0107eg \u010delika Techimpex Capri 1 plamenik 240 x 300 x H130 mm &#8211; <\/p>\n<p>Lagana i kompaktna Techimpex kuhala od nehr\u0111aju\u0107eg \u010delika. S termoparametrima i re\u0161etkom s pritiskom. Capri kuhalo s jednim plamenikom, snaga plamenika 1600W. Ponza kuhalo s dva plamenika, snaga plamenika 2000W.<\/p>\n","protected":false},"excerpt":{"rendered":"<p>Kuhalo od nehr\u0111aju\u0107eg \u010delika Techimpex Capri 1 plamenik 240 x 300 x H130 mm &#8211; Lagana i kompaktna Techimpex kuhala<\/p>\n","protected":false},"featured_media":5945998,"comment_status":"open","ping_status":"closed","template":"","meta":[],"product_brand":[3461],"product_cat":[1641],"product_tag":[],"class_list":{"0":"post-744085","1":"product","2":"type-product","3":"status-publish","4":"has-post-thumbnail","6":"product_brand-techimpex-hr","7":"product_cat-brodski-stednjaci","9":"first","10":"instock","11":"shipping-taxable","12":"purchasable","13":"product-type-simple"},"_links":{"self":[{"href":"https:\/\/stoic-curie.212-227-153-4.plesk.page\/hr\/wp-json\/wp\/v2\/product\/744085","targetHints":{"allow":["GET"]}}],"collection":[{"href":"https:\/\/stoic-curie.212-227-153-4.plesk.page\/hr\/wp-json\/wp\/v2\/product"}],"about":[{"href":"https:\/\/stoic-curie.212-227-153-4.plesk.page\/hr\/wp-json\/wp\/v2\/types\/product"}],"replies":[{"embeddable":true,"href":"https:\/\/stoic-curie.212-227-153-4.plesk.page\/hr\/wp-json\/wp\/v2\/comments?post=744085"}],"version-history":[{"count":0,"href":"https:\/\/stoic-curie.212-227-153-4.plesk.page\/hr\/wp-json\/wp\/v2\/product\/744085\/revisions"}],"wp:featuredmedia":[{"embeddable":true,"href":"https:\/\/stoic-curie.212-227-153-4.plesk.page\/hr\/wp-json\/wp\/v2\/media\/5945998"}],"wp:attachment":[{"href":"https:\/\/stoic-curie.212-227-153-4.plesk.page\/hr\/wp-json\/wp\/v2\/media?parent=744085"}],"wp:term":[{"taxonomy":"product_brand","embeddable":true,"href":"https:\/\/stoic-curie.212-227-153-4.plesk.page\/hr\/wp-json\/wp\/v2\/product_brand?post=744085"},{"taxonomy":"product_cat","embeddable":true,"href":"https:\/\/stoic-curie.212-227-153-4.plesk.page\/hr\/wp-json\/wp\/v2\/product_cat?post=744085"},{"taxonomy":"product_tag","embeddable":true,"href":"https:\/\/stoic-curie.212-227-153-4.plesk.page\/hr\/wp-json\/wp\/v2\/product_tag?post=744085"}],"curies":[{"name":"wp","href":"https:\/\/api.w.org\/{rel}","templated":true}]}}