{"id":744090,"date":"2025-03-03T18:54:27","date_gmt":"2025-03-03T17:54:27","guid":{"rendered":"https:\/\/stoic-curie.212-227-153-4.plesk.page\/producto\/rostilj-od-nehrdajuceg-celika-techimpex-510-x-288mm\/"},"modified":"2026-02-25T00:01:12","modified_gmt":"2026-02-25T00:01:12","slug":"rostilj-od-nehrdajuceg-celika-techimpex-510-x-288mm","status":"publish","type":"product","link":"https:\/\/stoic-curie.212-227-153-4.plesk.page\/hr\/product\/rostilj-od-nehrdajuceg-celika-techimpex-510-x-288mm\/","title":{"rendered":"Ro\u0161tilj od nehr\u0111aju\u0107eg \u010delika Techimpex 510 x 288mm"},"content":{"rendered":"<p>Ro\u0161tilj od nehr\u0111aju\u0107eg \u010delika Techimpex 510 x 288mm &#8211; <\/p>\n<p>Ugra\u0111eni Techimpex inoxni \u0161tednjak koji se mo\u017ee koristiti kao elektri\u010dni ro\u0161tilj i kuhalo za pe\u010denje mesa, ribe i povr\u0107a. Snaga 500 W &#8211; 220V s vitrefuznom kerami\u010dkom povr\u0161inom.<\/p>\n","protected":false},"excerpt":{"rendered":"<p>Ro\u0161tilj od nehr\u0111aju\u0107eg \u010delika Techimpex 510 x 288mm &#8211; Ugra\u0111eni Techimpex inoxni \u0161tednjak koji se mo\u017ee koristiti kao elektri\u010dni ro\u0161tilj<\/p>\n","protected":false},"featured_media":5946002,"comment_status":"open","ping_status":"closed","template":"","meta":[],"product_brand":[3461],"product_cat":[1641],"product_tag":[],"class_list":{"0":"post-744090","1":"product","2":"type-product","3":"status-publish","4":"has-post-thumbnail","6":"product_brand-techimpex-hr","7":"product_cat-brodski-stednjaci","9":"first","10":"instock","11":"shipping-taxable","12":"purchasable","13":"product-type-simple"},"_links":{"self":[{"href":"https:\/\/stoic-curie.212-227-153-4.plesk.page\/hr\/wp-json\/wp\/v2\/product\/744090","targetHints":{"allow":["GET"]}}],"collection":[{"href":"https:\/\/stoic-curie.212-227-153-4.plesk.page\/hr\/wp-json\/wp\/v2\/product"}],"about":[{"href":"https:\/\/stoic-curie.212-227-153-4.plesk.page\/hr\/wp-json\/wp\/v2\/types\/product"}],"replies":[{"embeddable":true,"href":"https:\/\/stoic-curie.212-227-153-4.plesk.page\/hr\/wp-json\/wp\/v2\/comments?post=744090"}],"version-history":[{"count":0,"href":"https:\/\/stoic-curie.212-227-153-4.plesk.page\/hr\/wp-json\/wp\/v2\/product\/744090\/revisions"}],"wp:featuredmedia":[{"embeddable":true,"href":"https:\/\/stoic-curie.212-227-153-4.plesk.page\/hr\/wp-json\/wp\/v2\/media\/5946002"}],"wp:attachment":[{"href":"https:\/\/stoic-curie.212-227-153-4.plesk.page\/hr\/wp-json\/wp\/v2\/media?parent=744090"}],"wp:term":[{"taxonomy":"product_brand","embeddable":true,"href":"https:\/\/stoic-curie.212-227-153-4.plesk.page\/hr\/wp-json\/wp\/v2\/product_brand?post=744090"},{"taxonomy":"product_cat","embeddable":true,"href":"https:\/\/stoic-curie.212-227-153-4.plesk.page\/hr\/wp-json\/wp\/v2\/product_cat?post=744090"},{"taxonomy":"product_tag","embeddable":true,"href":"https:\/\/stoic-curie.212-227-153-4.plesk.page\/hr\/wp-json\/wp\/v2\/product_tag?post=744090"}],"curies":[{"name":"wp","href":"https:\/\/api.w.org\/{rel}","templated":true}]}}