{"id":744091,"date":"2025-03-03T18:54:27","date_gmt":"2025-03-03T17:54:27","guid":{"rendered":"https:\/\/stoic-curie.212-227-153-4.plesk.page\/producto\/punjac-dometic-mca1215-12v-15-ampera\/"},"modified":"2026-02-25T00:01:12","modified_gmt":"2026-02-25T00:01:12","slug":"punjac-dometic-mca1215-12v-15-ampera","status":"publish","type":"product","link":"https:\/\/stoic-curie.212-227-153-4.plesk.page\/hr\/product\/punjac-dometic-mca1215-12v-15-ampera\/","title":{"rendered":"Punjac Dometic MCA1215 12V 15 ampera"},"content":{"rendered":"<p>Punjac Dometic MCA1215 12V 15 ampera &#8211; <\/p>\n<p>Kompaktni i lagani Dometic PerfectCharge punja\u010di za akumulatore, idealni za sve vrste olovno-kiselinskih akumulatora (teku\u0107i, AGM ili gel). Izvode brzu i potpunu punjenje s 6-stupanjskom IUOU tehnologijom i dr\u017ee akumulatore napunjenima. Puni sa CI BUS su\u010deljem za potpunu integraciju s elektronikom broda. Svi punja\u010di imaju dodatni izlaz (+1) za akumulator za pokretanje. Napajanje 90-260V.<\/p>\n","protected":false},"excerpt":{"rendered":"<p>Punjac Dometic MCA1215 12V 15 ampera &#8211; Kompaktni i lagani Dometic PerfectCharge punja\u010di za akumulatore, idealni za sve vrste olovno-kiselinskih<\/p>\n","protected":false},"featured_media":5946004,"comment_status":"open","ping_status":"closed","template":"","meta":[],"product_brand":[2896],"product_cat":[1737],"product_tag":[],"class_list":{"0":"post-744091","1":"product","2":"type-product","3":"status-publish","4":"has-post-thumbnail","6":"product_brand-dometic-hr","7":"product_cat-punjaci-baterija","9":"first","10":"instock","11":"shipping-taxable","12":"purchasable","13":"product-type-simple"},"_links":{"self":[{"href":"https:\/\/stoic-curie.212-227-153-4.plesk.page\/hr\/wp-json\/wp\/v2\/product\/744091","targetHints":{"allow":["GET"]}}],"collection":[{"href":"https:\/\/stoic-curie.212-227-153-4.plesk.page\/hr\/wp-json\/wp\/v2\/product"}],"about":[{"href":"https:\/\/stoic-curie.212-227-153-4.plesk.page\/hr\/wp-json\/wp\/v2\/types\/product"}],"replies":[{"embeddable":true,"href":"https:\/\/stoic-curie.212-227-153-4.plesk.page\/hr\/wp-json\/wp\/v2\/comments?post=744091"}],"version-history":[{"count":0,"href":"https:\/\/stoic-curie.212-227-153-4.plesk.page\/hr\/wp-json\/wp\/v2\/product\/744091\/revisions"}],"wp:featuredmedia":[{"embeddable":true,"href":"https:\/\/stoic-curie.212-227-153-4.plesk.page\/hr\/wp-json\/wp\/v2\/media\/5946004"}],"wp:attachment":[{"href":"https:\/\/stoic-curie.212-227-153-4.plesk.page\/hr\/wp-json\/wp\/v2\/media?parent=744091"}],"wp:term":[{"taxonomy":"product_brand","embeddable":true,"href":"https:\/\/stoic-curie.212-227-153-4.plesk.page\/hr\/wp-json\/wp\/v2\/product_brand?post=744091"},{"taxonomy":"product_cat","embeddable":true,"href":"https:\/\/stoic-curie.212-227-153-4.plesk.page\/hr\/wp-json\/wp\/v2\/product_cat?post=744091"},{"taxonomy":"product_tag","embeddable":true,"href":"https:\/\/stoic-curie.212-227-153-4.plesk.page\/hr\/wp-json\/wp\/v2\/product_tag?post=744091"}],"curies":[{"name":"wp","href":"https:\/\/api.w.org\/{rel}","templated":true}]}}