{"id":744095,"date":"2025-03-03T18:54:28","date_gmt":"2025-03-03T17:54:28","guid":{"rendered":"https:\/\/stoic-curie.212-227-153-4.plesk.page\/producto\/tv-antena-glomex-alya-ra304tv-25-cm\/"},"modified":"2026-02-25T00:01:12","modified_gmt":"2026-02-25T00:01:12","slug":"tv-antena-glomex-alya-ra304tv-25-cm","status":"publish","type":"product","link":"https:\/\/stoic-curie.212-227-153-4.plesk.page\/hr\/product\/tv-antena-glomex-alya-ra304tv-25-cm\/","title":{"rendered":"TV Antena Glomex Alya RA304TV 25 cm"},"content":{"rendered":"<p>TV Antena Glomex Alya RA304TV 25 cm &#8211; <\/p>\n<p>Extremno kompaktna omnidirekcijska digitalna zemaljska TV i FM\/DAB radio antena Glomex Alya RA304TV. S unutarnjim poja\u010dalom koje omogu\u0107uje prijem TV i FM\/DAB frekvencija s jednom antenom. FME 5\/8&#8243; x 14 spoj omogu\u0107uje brzo i jednostavno postavljanje koriste\u0107i gotove konektore i kabele na jedrilicama i motornih \u010damcima. Opremljena konektorima, 5 m koaksijalnog kabela, 2 napajanja i 1,5 m TV kabela.<\/p>\n","protected":false},"excerpt":{"rendered":"<p>TV Antena Glomex Alya RA304TV 25 cm &#8211; Extremno kompaktna omnidirekcijska digitalna zemaljska TV i FM\/DAB radio antena Glomex Alya<\/p>\n","protected":false},"featured_media":5946010,"comment_status":"open","ping_status":"closed","template":"","meta":[],"product_brand":[2981],"product_cat":[1754],"product_tag":[],"class_list":{"0":"post-744095","1":"product","2":"type-product","3":"status-publish","4":"has-post-thumbnail","6":"product_brand-glomex-hr","7":"product_cat-tv-antene","9":"first","10":"instock","11":"shipping-taxable","12":"purchasable","13":"product-type-simple"},"_links":{"self":[{"href":"https:\/\/stoic-curie.212-227-153-4.plesk.page\/hr\/wp-json\/wp\/v2\/product\/744095","targetHints":{"allow":["GET"]}}],"collection":[{"href":"https:\/\/stoic-curie.212-227-153-4.plesk.page\/hr\/wp-json\/wp\/v2\/product"}],"about":[{"href":"https:\/\/stoic-curie.212-227-153-4.plesk.page\/hr\/wp-json\/wp\/v2\/types\/product"}],"replies":[{"embeddable":true,"href":"https:\/\/stoic-curie.212-227-153-4.plesk.page\/hr\/wp-json\/wp\/v2\/comments?post=744095"}],"version-history":[{"count":0,"href":"https:\/\/stoic-curie.212-227-153-4.plesk.page\/hr\/wp-json\/wp\/v2\/product\/744095\/revisions"}],"wp:featuredmedia":[{"embeddable":true,"href":"https:\/\/stoic-curie.212-227-153-4.plesk.page\/hr\/wp-json\/wp\/v2\/media\/5946010"}],"wp:attachment":[{"href":"https:\/\/stoic-curie.212-227-153-4.plesk.page\/hr\/wp-json\/wp\/v2\/media?parent=744095"}],"wp:term":[{"taxonomy":"product_brand","embeddable":true,"href":"https:\/\/stoic-curie.212-227-153-4.plesk.page\/hr\/wp-json\/wp\/v2\/product_brand?post=744095"},{"taxonomy":"product_cat","embeddable":true,"href":"https:\/\/stoic-curie.212-227-153-4.plesk.page\/hr\/wp-json\/wp\/v2\/product_cat?post=744095"},{"taxonomy":"product_tag","embeddable":true,"href":"https:\/\/stoic-curie.212-227-153-4.plesk.page\/hr\/wp-json\/wp\/v2\/product_tag?post=744095"}],"curies":[{"name":"wp","href":"https:\/\/api.w.org\/{rel}","templated":true}]}}