{"id":744096,"date":"2025-03-03T18:54:28","date_gmt":"2025-03-03T17:54:28","guid":{"rendered":"https:\/\/stoic-curie.212-227-153-4.plesk.page\/producto\/glomex-pandora-42-x-h45cm-satelitska-tv-antena\/"},"modified":"2026-02-25T00:01:12","modified_gmt":"2026-02-25T00:01:12","slug":"glomex-pandora-42-x-h45cm-satelitska-tv-antena","status":"publish","type":"product","link":"https:\/\/stoic-curie.212-227-153-4.plesk.page\/hr\/product\/glomex-pandora-42-x-h45cm-satelitska-tv-antena\/","title":{"rendered":"Glomex Pandora 42 x H45cm Satelitska TV Antena"},"content":{"rendered":"<p>Glomex Pandora 42 x H45cm Satelitska TV Antena &#8211; <\/p>\n<p style=\"color: rgb(34, 34, 34); font-family: Arial, Helvetica, sans-serif; font-size: small;\">Predstavljamo Glomex Pandora NEO antenu, sustav stabiliziranih satelita koji je dizajniran za isporuku full-HD DVB-S2 4K TV signala. Ova napredna antena ima parabolic dish promjera 39 cm i radi s niskom potro\u0161njom energije (1,5A na 12V). Njene izvanredne performanse rezultat su inovativnog softvera za istra\u017eivanje signala, sustava smanjenja buke Silent Tracking Operation (STO) i napredne elektronike koja kompenzira gubitke kvalitete uzrokovane pove\u0107anjem broja satelita u terestri\u010dkoj orbiti.<\/p>\n<p style=\"color: rgb(34, 34, 34); font-family: Arial, Helvetica, sans-serif; font-size: small;\">Antena ima opseg elevacije od 0\u00b0 do +90\u00b0, osiguravaju\u0107i pouzdano primanje signala \u010dak i na rubovima podru\u010dja pokrivanja. Uklju\u010duje jedan TV izlaz i jednostavna je za instalaciju, dolaze\u0107i s 10 m koaksijalnim kablom, produ\u017enim kablom za antenu i kontrolnom jedinicom. Prazni dvostruki radom tako\u0111er je opremljen s odgovaraju\u0107im vijcima i gumenim pe\u010datom. Potpuno automatska, samonastavljiva Pandora NEO pomorska satelitska TV antena iz Glomexa jam\u010di izvrsnu udobnost gledanja, bilo da ste na moru za vrijeme oluje, ankirani ili u luci. Njen kompaktni dizajn \u010dini je posebno pogodnom za manje plovila s ograni\u010denim prostorom. Antena je unaprijed programirana za povezivanje s tri satelita: ASTRA1, ASTRA2 i HOTBIRD.<\/p>\n<p style=\"color: rgb(34, 34, 34); font-family: Arial, Helvetica, sans-serif; font-size: small;\"><strong>Jednostavna instalacija i be\u017ei\u010dna konfiguracija<\/strong><br \/>Instalacija je jednostavna, zahtijeva samo jedan kabel za povezivanje kontrolne jedinice s antenom, koja tako\u0111er opskrbljuje napajanjem. Pandora NEO antena podr\u017eava be\u017ei\u010dnu kompatibilnost, omogu\u0107uju\u0107i brzu i jednostavnu konfiguraciju putem Glomex aplikacije. To zna\u010di da mo\u017eete u\u017eivati u svom TV iskustvu na brodu u najkra\u0107em mogu\u0107em vremenu.<\/p>\n<p style=\"color: rgb(34, 34, 34); font-family: Arial, Helvetica, sans-serif; font-size: small;\"><strong>Integrirani GPS i Bluetooth<\/strong><br \/>Glomex NEO satelitske antene opremljene su integriranom GPS antenom koja pru\u017ea precizne podatke o lokaciji za optimalno uskla\u0111ivanje, osiguravaju\u0107i stabilan TV prijem tijekom kretanja. Dodatno, Bluetooth funkcija omogu\u0107ava udobno postavljanje i upravljanje antenom putem va\u0161eg pametnog telefona ili tableta. Tako\u0111er mo\u017eete odr\u017eavati svoju Glomex NEO satelitsku antenu a\u017euriranjem preko preuzimanja a\u017euriranja softvera online i transferom putem Glomex NEO aplikacije.<\/p>\n<p style=\"color: rgb(34, 34, 34); font-family: Arial, Helvetica, sans-serif; font-size: small;\"><strong>Tehni\u010dke specifikacije<\/strong><\/p>\n<ul style=\"color: rgb(34, 34, 34); font-family: Arial, Helvetica, sans-serif; font-size: small;\">\n<li>Promjer diska: 39 cm<\/li>\n<li>Veli\u010dina radoma: 42 x 45 cm<\/li>\n<li>Peso antene: 6,0 kg<\/li>\n<li>Brzina pra\u0107enja: 50\u00b0\/sec<\/li>\n<li>Dobit: 33 dB na 12 GHz<\/li>\n<li>Izvor napajanja: 12 V DC<\/li>\n<li>Potro\u0161nja energije: 1,5 A<\/li>\n<li>Temperaturni raspon rada: -20 \u00b0C do +55 \u00b0C<\/li>\n<li>Raspon okretanja azimuta: Neograni\u010deno<\/li>\n<li>LNB: 1<\/li>\n<li>Autoskew: Ne<\/li>\n<\/ul>\n<p style=\"color: rgb(34, 34, 34); font-family: Arial, Helvetica, sans-serif; font-size: small;\">Glomex Pandora NEO antena je idealno rje\u0161enje za vlasnike brodova koji tra\u017ee pouzdano, visokokvalitetno prijem satelitske TV-a, osiguravaju\u0107i da se zabavljate bez obzira na to gdje vas avanture odvedu.<\/p>\n","protected":false},"excerpt":{"rendered":"<p>Glomex Pandora 42 x H45cm Satelitska TV Antena &#8211; Predstavljamo Glomex Pandora NEO antenu, sustav stabiliziranih satelita koji je dizajniran<\/p>\n","protected":false},"featured_media":5946014,"comment_status":"open","ping_status":"closed","template":"","meta":[],"product_brand":[2981],"product_cat":[1754],"product_tag":[],"class_list":{"0":"post-744096","1":"product","2":"type-product","3":"status-publish","4":"has-post-thumbnail","6":"product_brand-glomex-hr","7":"product_cat-tv-antene","9":"first","10":"instock","11":"shipping-taxable","12":"purchasable","13":"product-type-simple"},"_links":{"self":[{"href":"https:\/\/stoic-curie.212-227-153-4.plesk.page\/hr\/wp-json\/wp\/v2\/product\/744096","targetHints":{"allow":["GET"]}}],"collection":[{"href":"https:\/\/stoic-curie.212-227-153-4.plesk.page\/hr\/wp-json\/wp\/v2\/product"}],"about":[{"href":"https:\/\/stoic-curie.212-227-153-4.plesk.page\/hr\/wp-json\/wp\/v2\/types\/product"}],"replies":[{"embeddable":true,"href":"https:\/\/stoic-curie.212-227-153-4.plesk.page\/hr\/wp-json\/wp\/v2\/comments?post=744096"}],"version-history":[{"count":0,"href":"https:\/\/stoic-curie.212-227-153-4.plesk.page\/hr\/wp-json\/wp\/v2\/product\/744096\/revisions"}],"wp:featuredmedia":[{"embeddable":true,"href":"https:\/\/stoic-curie.212-227-153-4.plesk.page\/hr\/wp-json\/wp\/v2\/media\/5946014"}],"wp:attachment":[{"href":"https:\/\/stoic-curie.212-227-153-4.plesk.page\/hr\/wp-json\/wp\/v2\/media?parent=744096"}],"wp:term":[{"taxonomy":"product_brand","embeddable":true,"href":"https:\/\/stoic-curie.212-227-153-4.plesk.page\/hr\/wp-json\/wp\/v2\/product_brand?post=744096"},{"taxonomy":"product_cat","embeddable":true,"href":"https:\/\/stoic-curie.212-227-153-4.plesk.page\/hr\/wp-json\/wp\/v2\/product_cat?post=744096"},{"taxonomy":"product_tag","embeddable":true,"href":"https:\/\/stoic-curie.212-227-153-4.plesk.page\/hr\/wp-json\/wp\/v2\/product_tag?post=744096"}],"curies":[{"name":"wp","href":"https:\/\/api.w.org\/{rel}","templated":true}]}}