{"id":744102,"date":"2025-03-03T18:54:30","date_gmt":"2025-03-03T17:54:30","guid":{"rendered":"https:\/\/stoic-curie.212-227-153-4.plesk.page\/producto\/privezni-pojas-12-m-douglas-marine-nosivosti-do-11800-kg\/"},"modified":"2026-02-25T00:01:12","modified_gmt":"2026-02-25T00:01:12","slug":"privezni-pojas-12-m-douglas-marine-nosivosti-do-11800-kg","status":"publish","type":"product","link":"https:\/\/stoic-curie.212-227-153-4.plesk.page\/hr\/product\/privezni-pojas-12-m-douglas-marine-nosivosti-do-11800-kg\/","title":{"rendered":"Privezni pojas 1,2 m Douglas Marine nosivosti do 11800 kg"},"content":{"rendered":"<p>Privezni pojas 1,2 m Douglas Marine nosivosti do 11800 kg &#8211; <\/p>\n<p>Trajne vrpce otporne na habanje s vrlo visokom prekidnom snagom (11800 Kg). Idealne za to\u010dke vezanja gdje bi konop mogao biti o\u0161te\u0107en uslijed habanja. Lako se koriste, omogu\u0107uju brzo vezivanje s okomitim vezanjem.<\/p>\n","protected":false},"excerpt":{"rendered":"<p>Privezni pojas 1,2 m Douglas Marine nosivosti do 11800 kg &#8211; Trajne vrpce otporne na habanje s vrlo visokom prekidnom<\/p>\n","protected":false},"featured_media":5946027,"comment_status":"open","ping_status":"closed","template":"","meta":[],"product_brand":[2901],"product_cat":[1624],"product_tag":[],"class_list":{"0":"post-744102","1":"product","2":"type-product","3":"status-publish","4":"has-post-thumbnail","6":"product_brand-douglas-marine-hr","7":"product_cat-amortizeri-za-konope-za-vez","9":"first","10":"instock","11":"shipping-taxable","12":"purchasable","13":"product-type-simple"},"_links":{"self":[{"href":"https:\/\/stoic-curie.212-227-153-4.plesk.page\/hr\/wp-json\/wp\/v2\/product\/744102","targetHints":{"allow":["GET"]}}],"collection":[{"href":"https:\/\/stoic-curie.212-227-153-4.plesk.page\/hr\/wp-json\/wp\/v2\/product"}],"about":[{"href":"https:\/\/stoic-curie.212-227-153-4.plesk.page\/hr\/wp-json\/wp\/v2\/types\/product"}],"replies":[{"embeddable":true,"href":"https:\/\/stoic-curie.212-227-153-4.plesk.page\/hr\/wp-json\/wp\/v2\/comments?post=744102"}],"version-history":[{"count":0,"href":"https:\/\/stoic-curie.212-227-153-4.plesk.page\/hr\/wp-json\/wp\/v2\/product\/744102\/revisions"}],"wp:featuredmedia":[{"embeddable":true,"href":"https:\/\/stoic-curie.212-227-153-4.plesk.page\/hr\/wp-json\/wp\/v2\/media\/5946027"}],"wp:attachment":[{"href":"https:\/\/stoic-curie.212-227-153-4.plesk.page\/hr\/wp-json\/wp\/v2\/media?parent=744102"}],"wp:term":[{"taxonomy":"product_brand","embeddable":true,"href":"https:\/\/stoic-curie.212-227-153-4.plesk.page\/hr\/wp-json\/wp\/v2\/product_brand?post=744102"},{"taxonomy":"product_cat","embeddable":true,"href":"https:\/\/stoic-curie.212-227-153-4.plesk.page\/hr\/wp-json\/wp\/v2\/product_cat?post=744102"},{"taxonomy":"product_tag","embeddable":true,"href":"https:\/\/stoic-curie.212-227-153-4.plesk.page\/hr\/wp-json\/wp\/v2\/product_tag?post=744102"}],"curies":[{"name":"wp","href":"https:\/\/api.w.org\/{rel}","templated":true}]}}