{"id":744103,"date":"2025-03-03T18:54:30","date_gmt":"2025-03-03T17:54:30","guid":{"rendered":"https:\/\/stoic-curie.212-227-153-4.plesk.page\/producto\/privezni-pojas-2-m-douglas-marine-nosivosti-do-11800-kg\/"},"modified":"2026-02-25T00:01:12","modified_gmt":"2026-02-25T00:01:12","slug":"privezni-pojas-2-m-douglas-marine-nosivosti-do-11800-kg","status":"publish","type":"product","link":"https:\/\/stoic-curie.212-227-153-4.plesk.page\/hr\/product\/privezni-pojas-2-m-douglas-marine-nosivosti-do-11800-kg\/","title":{"rendered":"privezni pojas 2 m Douglas Marine nosivosti do 11800 kg"},"content":{"rendered":"<p>privezni pojas 2 m Douglas Marine nosivosti do 11800 kg &#8211; <\/p>\n<p>Remenice za vezanje otporne na abraziju s vrlo visokim optere\u0107enjem pucanja (11800 kg). Idealne za vezne to\u010dke gdje bi se u\u017ee moglo o\u0161tetiti zbog abrazije. Lako se koriste, omogu\u0107uju brzo vezivanje s oka.<\/p>\n","protected":false},"excerpt":{"rendered":"<p>privezni pojas 2 m Douglas Marine nosivosti do 11800 kg &#8211; Remenice za vezanje otporne na abraziju s vrlo visokim<\/p>\n","protected":false},"featured_media":5946027,"comment_status":"open","ping_status":"closed","template":"","meta":[],"product_brand":[2901],"product_cat":[1624],"product_tag":[],"class_list":{"0":"post-744103","1":"product","2":"type-product","3":"status-publish","4":"has-post-thumbnail","6":"product_brand-douglas-marine-hr","7":"product_cat-amortizeri-za-konope-za-vez","9":"first","10":"instock","11":"shipping-taxable","12":"purchasable","13":"product-type-simple"},"_links":{"self":[{"href":"https:\/\/stoic-curie.212-227-153-4.plesk.page\/hr\/wp-json\/wp\/v2\/product\/744103","targetHints":{"allow":["GET"]}}],"collection":[{"href":"https:\/\/stoic-curie.212-227-153-4.plesk.page\/hr\/wp-json\/wp\/v2\/product"}],"about":[{"href":"https:\/\/stoic-curie.212-227-153-4.plesk.page\/hr\/wp-json\/wp\/v2\/types\/product"}],"replies":[{"embeddable":true,"href":"https:\/\/stoic-curie.212-227-153-4.plesk.page\/hr\/wp-json\/wp\/v2\/comments?post=744103"}],"version-history":[{"count":0,"href":"https:\/\/stoic-curie.212-227-153-4.plesk.page\/hr\/wp-json\/wp\/v2\/product\/744103\/revisions"}],"wp:featuredmedia":[{"embeddable":true,"href":"https:\/\/stoic-curie.212-227-153-4.plesk.page\/hr\/wp-json\/wp\/v2\/media\/5946027"}],"wp:attachment":[{"href":"https:\/\/stoic-curie.212-227-153-4.plesk.page\/hr\/wp-json\/wp\/v2\/media?parent=744103"}],"wp:term":[{"taxonomy":"product_brand","embeddable":true,"href":"https:\/\/stoic-curie.212-227-153-4.plesk.page\/hr\/wp-json\/wp\/v2\/product_brand?post=744103"},{"taxonomy":"product_cat","embeddable":true,"href":"https:\/\/stoic-curie.212-227-153-4.plesk.page\/hr\/wp-json\/wp\/v2\/product_cat?post=744103"},{"taxonomy":"product_tag","embeddable":true,"href":"https:\/\/stoic-curie.212-227-153-4.plesk.page\/hr\/wp-json\/wp\/v2\/product_tag?post=744103"}],"curies":[{"name":"wp","href":"https:\/\/api.w.org\/{rel}","templated":true}]}}