{"id":744106,"date":"2025-03-03T18:54:31","date_gmt":"2025-03-03T17:54:31","guid":{"rendered":"https:\/\/stoic-curie.212-227-153-4.plesk.page\/producto\/brodska-baterija-vetus-smf-70amp\/"},"modified":"2026-02-25T00:01:12","modified_gmt":"2026-02-25T00:01:12","slug":"brodska-baterija-vetus-smf-70amp","status":"publish","type":"product","link":"https:\/\/stoic-curie.212-227-153-4.plesk.page\/hr\/product\/brodska-baterija-vetus-smf-70amp\/","title":{"rendered":"Brodska baterija Vetus SMF 70amp"},"content":{"rendered":"<p>Brodska baterija Vetus SMF 70amp &#8211; <\/p>\n<p>Vetus SMF (hermeti\u010dki zatvorene baterije bez potrebe za odr\u017eavanjem) ne zahtijevaju odr\u017eavanje. Dizajnirane za pomorsku upotrebu, imaju nisku samopra\u017enjenje, \u0161to ih \u010dini idealnima za ponovno pokretanje motora na po\u010detku sljede\u0107e sezone. Izra\u0111ene su od olovno-kalcijevih plo\u010da koje smanjuju potro\u0161nju vode i regeneriraju plinove koji nastaju tijekom upotrebe.<\/p>\n","protected":false},"excerpt":{"rendered":"<p>Brodska baterija Vetus SMF 70amp &#8211; Vetus SMF (hermeti\u010dki zatvorene baterije bez potrebe za odr\u017eavanjem) ne zahtijevaju odr\u017eavanje. Dizajnirane za<\/p>\n","protected":false},"featured_media":5946030,"comment_status":"open","ping_status":"closed","template":"","meta":[],"product_brand":[3521],"product_cat":[1729],"product_tag":[],"class_list":{"0":"post-744106","1":"product","2":"type-product","3":"status-publish","4":"has-post-thumbnail","6":"product_brand-vetus-hr","7":"product_cat-baterije","9":"first","10":"instock","11":"shipping-taxable","12":"purchasable","13":"product-type-simple"},"_links":{"self":[{"href":"https:\/\/stoic-curie.212-227-153-4.plesk.page\/hr\/wp-json\/wp\/v2\/product\/744106","targetHints":{"allow":["GET"]}}],"collection":[{"href":"https:\/\/stoic-curie.212-227-153-4.plesk.page\/hr\/wp-json\/wp\/v2\/product"}],"about":[{"href":"https:\/\/stoic-curie.212-227-153-4.plesk.page\/hr\/wp-json\/wp\/v2\/types\/product"}],"replies":[{"embeddable":true,"href":"https:\/\/stoic-curie.212-227-153-4.plesk.page\/hr\/wp-json\/wp\/v2\/comments?post=744106"}],"version-history":[{"count":0,"href":"https:\/\/stoic-curie.212-227-153-4.plesk.page\/hr\/wp-json\/wp\/v2\/product\/744106\/revisions"}],"wp:featuredmedia":[{"embeddable":true,"href":"https:\/\/stoic-curie.212-227-153-4.plesk.page\/hr\/wp-json\/wp\/v2\/media\/5946030"}],"wp:attachment":[{"href":"https:\/\/stoic-curie.212-227-153-4.plesk.page\/hr\/wp-json\/wp\/v2\/media?parent=744106"}],"wp:term":[{"taxonomy":"product_brand","embeddable":true,"href":"https:\/\/stoic-curie.212-227-153-4.plesk.page\/hr\/wp-json\/wp\/v2\/product_brand?post=744106"},{"taxonomy":"product_cat","embeddable":true,"href":"https:\/\/stoic-curie.212-227-153-4.plesk.page\/hr\/wp-json\/wp\/v2\/product_cat?post=744106"},{"taxonomy":"product_tag","embeddable":true,"href":"https:\/\/stoic-curie.212-227-153-4.plesk.page\/hr\/wp-json\/wp\/v2\/product_tag?post=744106"}],"curies":[{"name":"wp","href":"https:\/\/api.w.org\/{rel}","templated":true}]}}