{"id":744111,"date":"2025-03-03T18:54:33","date_gmt":"2025-03-03T17:54:33","guid":{"rendered":"https:\/\/stoic-curie.212-227-153-4.plesk.page\/producto\/reflektor-od-nehrdajuceg-celika-guest-12v-s-daljinskim-upravljacem\/"},"modified":"2026-02-25T00:01:12","modified_gmt":"2026-02-25T00:01:12","slug":"reflektor-od-nehrdajuceg-celika-guest-12v-s-daljinskim-upravljacem","status":"publish","type":"product","link":"https:\/\/stoic-curie.212-227-153-4.plesk.page\/hr\/product\/reflektor-od-nehrdajuceg-celika-guest-12v-s-daljinskim-upravljacem\/","title":{"rendered":"Reflektor od nehr\u0111aju\u0107eg \u010delika Guest 12v s daljinskim upravlja\u010dem"},"content":{"rendered":"<p>Reflektor od nehr\u0111aju\u0107eg \u010delika Guest 12v s daljinskim upravlja\u010dem &#8211; <\/p>\n<p>Sa zadovoljstvom predstavljamo be\u017ei\u010dni daljinski kontrolni podesivi reflektor iz Guest Marinco. Ovaj reflektor je dizajniran s IP67 vodootpornim ku\u0107i\u0161tem od nehr\u0111aju\u0107eg \u010delika i opremljen je H4 55W halogenskom \u017earuljom. Omogu\u0107uje horizontalnu rotaciju od 350\u00b0 i vertikalnu rotaciju od 60\u00b0. Imate mogu\u0107nost odabrati izme\u0111u dvije vrste svjetlosnih snopova: spot snop (8,3A-12V) i flood snop (7,5A-12V). Njegove dimenzije su 121 x 212 x H250 mm.<\/p>\n<p><strong>Guest Marine Elektri\u010dni Proizvodi<\/strong><\/p>\n<p>Za pouzdana morskih elektri\u010dna rje\u0161enja, Guest Marine se isti\u010de kao vode\u0107a opcija u industriji. U Fisheries Supply-u nudimo opse\u017ean asortiman elektri\u010dnih proizvoda Guest Marine kako bismo zadovoljili sve va\u0161e potrebe za plovidbu.<\/p>\n<p><strong>Naslje\u0111e Guest Marine<\/strong><\/p>\n<p>Guest Marine je izgradio solidnu reputaciju za svoju inovaciju i izdr\u017eljivost u morskom elektri\u010dnom sektoru. Tvrtka je osnovana kako bi zadovoljila specifi\u010dne energetske zahtjeve brodova i jahti, neprestano nude\u0107i proizvode visoke kvalitete koji podnose rigore morskog okru\u017eenja.<\/p>\n<p><strong>Ponu\u0111a\u010d kroz strate\u0161ka partnerstva<\/strong><\/p>\n<p>Kao dio Marinco-a, koji je podru\u017enica tvrtke Power Products LLC, Guest Marine je pro\u0161irio svoju ponudu proizvoda kako bi pru\u017eio jo\u0161 sveobuhvatnija morska rje\u0161enja. Ova suradnja je omogu\u0107ila Guest-u pristup dodatnoj stru\u010dnosti i resursima, \u0161to je rezultiralo pobolj\u0161anim izborom morskih elektri\u010dnih proizvoda.<\/p>\n","protected":false},"excerpt":{"rendered":"<p>Reflektor od nehr\u0111aju\u0107eg \u010delika Guest 12v s daljinskim upravlja\u010dem &#8211; Sa zadovoljstvom predstavljamo be\u017ei\u010dni daljinski kontrolni podesivi reflektor iz Guest<\/p>\n","protected":false},"featured_media":5946031,"comment_status":"open","ping_status":"closed","template":"","meta":[],"product_brand":[3106],"product_cat":[1734],"product_tag":[],"class_list":{"0":"post-744111","1":"product","2":"type-product","3":"status-publish","4":"has-post-thumbnail","6":"product_brand-marinco-hr","7":"product_cat-brodski-reflektori","9":"first","10":"instock","11":"shipping-taxable","12":"purchasable","13":"product-type-simple"},"_links":{"self":[{"href":"https:\/\/stoic-curie.212-227-153-4.plesk.page\/hr\/wp-json\/wp\/v2\/product\/744111","targetHints":{"allow":["GET"]}}],"collection":[{"href":"https:\/\/stoic-curie.212-227-153-4.plesk.page\/hr\/wp-json\/wp\/v2\/product"}],"about":[{"href":"https:\/\/stoic-curie.212-227-153-4.plesk.page\/hr\/wp-json\/wp\/v2\/types\/product"}],"replies":[{"embeddable":true,"href":"https:\/\/stoic-curie.212-227-153-4.plesk.page\/hr\/wp-json\/wp\/v2\/comments?post=744111"}],"version-history":[{"count":0,"href":"https:\/\/stoic-curie.212-227-153-4.plesk.page\/hr\/wp-json\/wp\/v2\/product\/744111\/revisions"}],"wp:featuredmedia":[{"embeddable":true,"href":"https:\/\/stoic-curie.212-227-153-4.plesk.page\/hr\/wp-json\/wp\/v2\/media\/5946031"}],"wp:attachment":[{"href":"https:\/\/stoic-curie.212-227-153-4.plesk.page\/hr\/wp-json\/wp\/v2\/media?parent=744111"}],"wp:term":[{"taxonomy":"product_brand","embeddable":true,"href":"https:\/\/stoic-curie.212-227-153-4.plesk.page\/hr\/wp-json\/wp\/v2\/product_brand?post=744111"},{"taxonomy":"product_cat","embeddable":true,"href":"https:\/\/stoic-curie.212-227-153-4.plesk.page\/hr\/wp-json\/wp\/v2\/product_cat?post=744111"},{"taxonomy":"product_tag","embeddable":true,"href":"https:\/\/stoic-curie.212-227-153-4.plesk.page\/hr\/wp-json\/wp\/v2\/product_tag?post=744111"}],"curies":[{"name":"wp","href":"https:\/\/api.w.org\/{rel}","templated":true}]}}