{"id":744112,"date":"2025-03-03T18:54:33","date_gmt":"2025-03-03T17:54:33","guid":{"rendered":"https:\/\/stoic-curie.212-227-153-4.plesk.page\/producto\/reflektor-od-nehrdajuceg-celika-gost-24v-s-daljinskim-upravljacem\/"},"modified":"2026-02-25T00:01:12","modified_gmt":"2026-02-25T00:01:12","slug":"reflektor-od-nehrdajuceg-celika-gost-24v-s-daljinskim-upravljacem","status":"publish","type":"product","link":"https:\/\/stoic-curie.212-227-153-4.plesk.page\/hr\/product\/reflektor-od-nehrdajuceg-celika-gost-24v-s-daljinskim-upravljacem\/","title":{"rendered":"Reflektor od nehr\u0111aju\u0107eg \u010delika Guest 24v s Daljinskim Upravlja\u010dem"},"content":{"rendered":"<p>Reflektor od nehr\u0111aju\u0107eg \u010delika Guest 24v s Daljinskim Upravlja\u010dem &#8211; <\/p>\n<p style=\"color: rgb(34, 34, 34); font-family: Arial, Helvetica, sans-serif; font-size: small;\">Predstavljamo Be\u017ei\u010dni Daljinski Upravlja\u010d Podesivi Reflektor od Guest Marinco. Ovaj reflektor ima IP67 vodootporan ku\u0107i\u0161te od nehr\u0111aju\u0107eg \u010delika i opremljen je H4 55W halogenom \u017earuljom. Nudi rotaciju od 350\u00b0 horizontalno i 60\u00b0 vertikalno. Mo\u017eete birati izme\u0111u dva snopa svjetlosti: to\u010dkastog snopa (8,3A-12V) i poplavnog snopa (7,5A-12V). Njegove dimenzije su 121 x 212 x H250 mm.<\/p>\n<p style=\"color: rgb(34, 34, 34); font-family: Arial, Helvetica, sans-serif; font-size: small;\"><strong>Guest Marine Elektri\u010dni Proizvodi<\/strong><\/p>\n<p style=\"color: rgb(34, 34, 34); font-family: Arial, Helvetica, sans-serif; font-size: small;\">Kada trebate pouzdana morska elektri\u010dna rje\u0161enja, Guest Marine je jedan od najboljih izbora u industriji. U Fisheries Supplyu nudimo \u0161irok spektar Guest Marine elektri\u010dnih proizvoda koji zadovoljavaju sve va\u0161e brodske potrebe.<\/p>\n<p style=\"color: rgb(34, 34, 34); font-family: Arial, Helvetica, sans-serif; font-size: small;\"><strong>Naslje\u0111e Guest Marine<\/strong><\/p>\n<p style=\"color: rgb(34, 34, 34); font-family: Arial, Helvetica, sans-serif; font-size: small;\">Guest Marine je stekao \u010dvrst ugled po inovacijama i izdr\u017eljivosti u morskom elektri\u010dnom polju. Tvrtka je osnovana kako bi zadovoljila jedinstvene energetske potrebe brodova i jahti, neprekidno isporu\u010duju\u0107i visokokvalitetne proizvode koji izdr\u017eavaju izazove morskog okoli\u0161a.<\/p>\n<p style=\"color: rgb(34, 34, 34); font-family: Arial, Helvetica, sans-serif; font-size: small;\"><strong>Ponude Kroz Strate\u0161ka Partnerstva<\/strong><\/p>\n<p style=\"color: rgb(34, 34, 34); font-family: Arial, Helvetica, sans-serif; font-size: small;\">Kao dio Marinco, odjela Power Products LLC, Guest Marine je pro\u0161irio svoju ponudu proizvoda kako bi pru\u017eio sveobuhvatnija morska rje\u0161enja. Ovo partnerstvo omogu\u0107ilo je Guestu pristup dodatnoj stru\u010dnosti i resursima, \u0161to je rezultiralo ja\u010dim portfeljem morskih elektri\u010dnih proizvoda.<\/p>\n","protected":false},"excerpt":{"rendered":"<p>Reflektor od nehr\u0111aju\u0107eg \u010delika Guest 24v s Daljinskim Upravlja\u010dem &#8211; Predstavljamo Be\u017ei\u010dni Daljinski Upravlja\u010d Podesivi Reflektor od Guest Marinco. Ovaj<\/p>\n","protected":false},"featured_media":5946031,"comment_status":"open","ping_status":"closed","template":"","meta":[],"product_brand":[3106],"product_cat":[1734],"product_tag":[],"class_list":{"0":"post-744112","1":"product","2":"type-product","3":"status-publish","4":"has-post-thumbnail","6":"product_brand-marinco-hr","7":"product_cat-brodski-reflektori","9":"first","10":"instock","11":"shipping-taxable","12":"purchasable","13":"product-type-simple"},"_links":{"self":[{"href":"https:\/\/stoic-curie.212-227-153-4.plesk.page\/hr\/wp-json\/wp\/v2\/product\/744112","targetHints":{"allow":["GET"]}}],"collection":[{"href":"https:\/\/stoic-curie.212-227-153-4.plesk.page\/hr\/wp-json\/wp\/v2\/product"}],"about":[{"href":"https:\/\/stoic-curie.212-227-153-4.plesk.page\/hr\/wp-json\/wp\/v2\/types\/product"}],"replies":[{"embeddable":true,"href":"https:\/\/stoic-curie.212-227-153-4.plesk.page\/hr\/wp-json\/wp\/v2\/comments?post=744112"}],"version-history":[{"count":0,"href":"https:\/\/stoic-curie.212-227-153-4.plesk.page\/hr\/wp-json\/wp\/v2\/product\/744112\/revisions"}],"wp:featuredmedia":[{"embeddable":true,"href":"https:\/\/stoic-curie.212-227-153-4.plesk.page\/hr\/wp-json\/wp\/v2\/media\/5946031"}],"wp:attachment":[{"href":"https:\/\/stoic-curie.212-227-153-4.plesk.page\/hr\/wp-json\/wp\/v2\/media?parent=744112"}],"wp:term":[{"taxonomy":"product_brand","embeddable":true,"href":"https:\/\/stoic-curie.212-227-153-4.plesk.page\/hr\/wp-json\/wp\/v2\/product_brand?post=744112"},{"taxonomy":"product_cat","embeddable":true,"href":"https:\/\/stoic-curie.212-227-153-4.plesk.page\/hr\/wp-json\/wp\/v2\/product_cat?post=744112"},{"taxonomy":"product_tag","embeddable":true,"href":"https:\/\/stoic-curie.212-227-153-4.plesk.page\/hr\/wp-json\/wp\/v2\/product_tag?post=744112"}],"curies":[{"name":"wp","href":"https:\/\/api.w.org\/{rel}","templated":true}]}}