{"id":744113,"date":"2025-03-03T18:54:33","date_gmt":"2025-03-03T17:54:33","guid":{"rendered":"https:\/\/stoic-curie.212-227-153-4.plesk.page\/producto\/vhf-icom-ic-m94de\/"},"modified":"2026-02-25T00:01:12","modified_gmt":"2026-02-25T00:01:12","slug":"vhf-icom-ic-m94de","status":"publish","type":"product","link":"https:\/\/stoic-curie.212-227-153-4.plesk.page\/hr\/product\/vhf-icom-ic-m94de\/","title":{"rendered":"VHF Icom IC-M94DE"},"content":{"rendered":"<p>VHF Icom IC-M94DE &#8211; <\/p>\n<p>Prijenosni VHF ICOM IC-M94DE s klasom H DSC i integriranim AIS i GPS prijemnicima. Tanka i ergonomi\u010dna dr\u0161ka, s velikim LCD zaslonom i pozadinskim osvjetljenjem tipki. IPx7 vodootporan i plovak s alarmom koji se aktivira u slu\u010daju slu\u010dajnog pada u vodu. Opremljen AquaQuake funkcijom za uklanjanje vode iz re\u0161etke, ANC za smanjenje buke, dual\/tri pra\u0107enje, MOB tipkom, dodijeljenom tipkom za kanal 16 i TAG. Snaga 6W s 10 sati autonomije. Kompletnu s baterijom, punja\u010dem za stol, kop\u010dom za remen, antenskom, u\u017ee i priru\u010dnikom. Dimenzije: 61 x 44 x H146 mm.<\/p>\n","protected":false},"excerpt":{"rendered":"<p>VHF Icom IC-M94DE &#8211; Prijenosni VHF ICOM IC-M94DE s klasom H DSC i integriranim AIS i GPS prijemnicima. Tanka i<\/p>\n","protected":false},"featured_media":5946033,"comment_status":"open","ping_status":"closed","template":"","meta":[],"product_brand":[3011],"product_cat":[1744],"product_tag":[],"class_list":{"0":"post-744113","1":"product","2":"type-product","3":"status-publish","4":"has-post-thumbnail","6":"product_brand-icom-marine-hr","7":"product_cat-brodska-elektronika","9":"first","10":"instock","11":"shipping-taxable","12":"purchasable","13":"product-type-simple"},"_links":{"self":[{"href":"https:\/\/stoic-curie.212-227-153-4.plesk.page\/hr\/wp-json\/wp\/v2\/product\/744113","targetHints":{"allow":["GET"]}}],"collection":[{"href":"https:\/\/stoic-curie.212-227-153-4.plesk.page\/hr\/wp-json\/wp\/v2\/product"}],"about":[{"href":"https:\/\/stoic-curie.212-227-153-4.plesk.page\/hr\/wp-json\/wp\/v2\/types\/product"}],"replies":[{"embeddable":true,"href":"https:\/\/stoic-curie.212-227-153-4.plesk.page\/hr\/wp-json\/wp\/v2\/comments?post=744113"}],"version-history":[{"count":0,"href":"https:\/\/stoic-curie.212-227-153-4.plesk.page\/hr\/wp-json\/wp\/v2\/product\/744113\/revisions"}],"wp:featuredmedia":[{"embeddable":true,"href":"https:\/\/stoic-curie.212-227-153-4.plesk.page\/hr\/wp-json\/wp\/v2\/media\/5946033"}],"wp:attachment":[{"href":"https:\/\/stoic-curie.212-227-153-4.plesk.page\/hr\/wp-json\/wp\/v2\/media?parent=744113"}],"wp:term":[{"taxonomy":"product_brand","embeddable":true,"href":"https:\/\/stoic-curie.212-227-153-4.plesk.page\/hr\/wp-json\/wp\/v2\/product_brand?post=744113"},{"taxonomy":"product_cat","embeddable":true,"href":"https:\/\/stoic-curie.212-227-153-4.plesk.page\/hr\/wp-json\/wp\/v2\/product_cat?post=744113"},{"taxonomy":"product_tag","embeddable":true,"href":"https:\/\/stoic-curie.212-227-153-4.plesk.page\/hr\/wp-json\/wp\/v2\/product_tag?post=744113"}],"curies":[{"name":"wp","href":"https:\/\/api.w.org\/{rel}","templated":true}]}}