{"id":744114,"date":"2025-03-03T18:54:33","date_gmt":"2025-03-03T17:54:33","guid":{"rendered":"https:\/\/stoic-curie.212-227-153-4.plesk.page\/producto\/dizelski-filtar-griffin-gtb228mac-228lt-hour\/"},"modified":"2026-02-25T00:01:12","modified_gmt":"2026-02-25T00:01:12","slug":"dizelski-filtar-griffin-gtb228mac-228lt-hour","status":"publish","type":"product","link":"https:\/\/stoic-curie.212-227-153-4.plesk.page\/hr\/product\/dizelski-filtar-griffin-gtb228mac-228lt-hour\/","title":{"rendered":"Dizelski filtar Griffin GTB228MAC 228lt\/hour"},"content":{"rendered":"<p>Dizelski filtar Griffin GTB228MAC 228lt\/hour &#8211; <\/p>\n<p>Filteri za dizel Griffin vrhunske kvalitete s MICROBLOC vi\u0161eslojnim filtracijskim elementima (99,8% u\u010dinkovitosti u odvojenju vode od dizela). Svi filteri su serijski opremljeni s 30 mikronskim ulo\u0161kom. Aluminijska posuda za brodove koji zahtijevaju odobrenu strojarnicu. GTB228MAC s ulazom UNF3\/4&#8243; GTB455MAC s ulazom UNF3\/4&#8243; GTB681MAC s ulazom UNF7\/8&#8243; Mo\u017ee zamijeniti Racor MAM tip filtere.<\/p>\n","protected":false},"excerpt":{"rendered":"<p>Dizelski filtar Griffin GTB228MAC 228lt\/hour &#8211; Filteri za dizel Griffin vrhunske kvalitete s MICROBLOC vi\u0161eslojnim filtracijskim elementima (99,8% u\u010dinkovitosti u<\/p>\n","protected":false},"featured_media":5946037,"comment_status":"open","ping_status":"closed","template":"","meta":[],"product_brand":[2986],"product_cat":[1797,1829],"product_tag":[],"class_list":{"0":"post-744114","1":"product","2":"type-product","3":"status-publish","4":"has-post-thumbnail","6":"product_brand-griffin-hr","7":"product_cat-filtri-separatora-vode-za-gorivo","8":"product_cat-rezervni-dijelovi-za-motore-volvo-penta","10":"first","11":"instock","12":"shipping-taxable","13":"purchasable","14":"product-type-simple"},"_links":{"self":[{"href":"https:\/\/stoic-curie.212-227-153-4.plesk.page\/hr\/wp-json\/wp\/v2\/product\/744114","targetHints":{"allow":["GET"]}}],"collection":[{"href":"https:\/\/stoic-curie.212-227-153-4.plesk.page\/hr\/wp-json\/wp\/v2\/product"}],"about":[{"href":"https:\/\/stoic-curie.212-227-153-4.plesk.page\/hr\/wp-json\/wp\/v2\/types\/product"}],"replies":[{"embeddable":true,"href":"https:\/\/stoic-curie.212-227-153-4.plesk.page\/hr\/wp-json\/wp\/v2\/comments?post=744114"}],"version-history":[{"count":0,"href":"https:\/\/stoic-curie.212-227-153-4.plesk.page\/hr\/wp-json\/wp\/v2\/product\/744114\/revisions"}],"wp:featuredmedia":[{"embeddable":true,"href":"https:\/\/stoic-curie.212-227-153-4.plesk.page\/hr\/wp-json\/wp\/v2\/media\/5946037"}],"wp:attachment":[{"href":"https:\/\/stoic-curie.212-227-153-4.plesk.page\/hr\/wp-json\/wp\/v2\/media?parent=744114"}],"wp:term":[{"taxonomy":"product_brand","embeddable":true,"href":"https:\/\/stoic-curie.212-227-153-4.plesk.page\/hr\/wp-json\/wp\/v2\/product_brand?post=744114"},{"taxonomy":"product_cat","embeddable":true,"href":"https:\/\/stoic-curie.212-227-153-4.plesk.page\/hr\/wp-json\/wp\/v2\/product_cat?post=744114"},{"taxonomy":"product_tag","embeddable":true,"href":"https:\/\/stoic-curie.212-227-153-4.plesk.page\/hr\/wp-json\/wp\/v2\/product_tag?post=744114"}],"curies":[{"name":"wp","href":"https:\/\/api.w.org\/{rel}","templated":true}]}}