{"id":744117,"date":"2025-03-03T18:54:34","date_gmt":"2025-03-03T17:54:34","guid":{"rendered":"https:\/\/stoic-curie.212-227-153-4.plesk.page\/producto\/sklopivi-stolovi-forma-marathon-m400t-88-x-63-x-h61-cm\/"},"modified":"2026-02-25T00:01:12","modified_gmt":"2026-02-25T00:01:12","slug":"sklopivi-stolovi-forma-marathon-m400t-88-x-63-x-h61-cm","status":"publish","type":"product","link":"https:\/\/stoic-curie.212-227-153-4.plesk.page\/hr\/product\/sklopivi-stolovi-forma-marathon-m400t-88-x-63-x-h61-cm\/","title":{"rendered":"Sklopivi stolovi Forma Marathon M400t 88 x 63 x H61 cm"},"content":{"rendered":"<p>Sklopivi stolovi Forma Marathon M400t 88 x 63 x H61 cm &#8211; <\/p>\n<p>Elegantni preklopni stolovi Marathon M400T i M600T. Savr\u0161eno zavr\u0161eni anodizirani aluminijski okvire. Vrhunska kvaliteta, otporna na vlagu i UV zrake, teak drveni stol. \u010cvrsti tikovina kutovi. Nehr\u0111aju\u0107i \u010delik. M600T stol mo\u017ee se postaviti na dvije visine: 56 i 73 cm.<\/p>\n","protected":false},"excerpt":{"rendered":"<p>Sklopivi stolovi Forma Marathon M400t 88 x 63 x H61 cm &#8211; Elegantni preklopni stolovi Marathon M400T i M600T. Savr\u0161eno<\/p>\n","protected":false},"featured_media":5946044,"comment_status":"open","ping_status":"closed","template":"","meta":[],"product_brand":[2951],"product_cat":[1642],"product_tag":[],"class_list":{"0":"post-744117","1":"product","2":"type-product","3":"status-publish","4":"has-post-thumbnail","6":"product_brand-forma-hr","7":"product_cat-brodske-stolice-i-stolovi","9":"first","10":"instock","11":"shipping-taxable","12":"purchasable","13":"product-type-simple"},"_links":{"self":[{"href":"https:\/\/stoic-curie.212-227-153-4.plesk.page\/hr\/wp-json\/wp\/v2\/product\/744117","targetHints":{"allow":["GET"]}}],"collection":[{"href":"https:\/\/stoic-curie.212-227-153-4.plesk.page\/hr\/wp-json\/wp\/v2\/product"}],"about":[{"href":"https:\/\/stoic-curie.212-227-153-4.plesk.page\/hr\/wp-json\/wp\/v2\/types\/product"}],"replies":[{"embeddable":true,"href":"https:\/\/stoic-curie.212-227-153-4.plesk.page\/hr\/wp-json\/wp\/v2\/comments?post=744117"}],"version-history":[{"count":0,"href":"https:\/\/stoic-curie.212-227-153-4.plesk.page\/hr\/wp-json\/wp\/v2\/product\/744117\/revisions"}],"wp:featuredmedia":[{"embeddable":true,"href":"https:\/\/stoic-curie.212-227-153-4.plesk.page\/hr\/wp-json\/wp\/v2\/media\/5946044"}],"wp:attachment":[{"href":"https:\/\/stoic-curie.212-227-153-4.plesk.page\/hr\/wp-json\/wp\/v2\/media?parent=744117"}],"wp:term":[{"taxonomy":"product_brand","embeddable":true,"href":"https:\/\/stoic-curie.212-227-153-4.plesk.page\/hr\/wp-json\/wp\/v2\/product_brand?post=744117"},{"taxonomy":"product_cat","embeddable":true,"href":"https:\/\/stoic-curie.212-227-153-4.plesk.page\/hr\/wp-json\/wp\/v2\/product_cat?post=744117"},{"taxonomy":"product_tag","embeddable":true,"href":"https:\/\/stoic-curie.212-227-153-4.plesk.page\/hr\/wp-json\/wp\/v2\/product_tag?post=744117"}],"curies":[{"name":"wp","href":"https:\/\/api.w.org\/{rel}","templated":true}]}}