{"id":744119,"date":"2025-03-03T18:54:35","date_gmt":"2025-03-03T17:54:35","guid":{"rendered":"https:\/\/stoic-curie.212-227-153-4.plesk.page\/producto\/jabsco-par-max-3-pumpa-za-opskrbu-slatkom-vodom-12-v-11-o-min-40-psi\/"},"modified":"2026-02-25T00:01:12","modified_gmt":"2026-02-25T00:01:12","slug":"jabsco-par-max-3-pumpa-za-opskrbu-slatkom-vodom-12-v-11-o-min-40-psi","status":"publish","type":"product","link":"https:\/\/stoic-curie.212-227-153-4.plesk.page\/hr\/product\/jabsco-par-max-3-pumpa-za-opskrbu-slatkom-vodom-12-v-11-o-min-40-psi\/","title":{"rendered":"Jabsco Par-Max HD3 40PSI 12v"},"content":{"rendered":"<p>Jabsco Par-Max HD3 40PSI 12v &#8211; <\/p>\n<div class=\"col-24 col-md-15\">\n<p>U\u010dinkovita 12V DC, visokotla\u010dna, samo-podizna pumpa koja pru\u017ea dobru izvedbu u ekonomi\u010dnom formatu. Jabsco Xylem Par-Max 3 ima sposobnost suhog podizanja od 2,13 metara (7 stopa) i mo\u017ee se raditi bez o\u0161te\u0107enja. Dizajnirana je za opskrbu s dva ili vi\u0161e izlaza.<\/p>\n<p>Zna\u010dajke pumpe uklju\u010duju ku\u0107i\u0161te od plastike koje \u0161titi motore od korozije, noge za prigu\u0161enje vibracija za ti\u0161i rad i integrirani, zatvoreni prekida\u010d pritiska za rad na zahtjev. Pumpa s kontroliranim tlakom isporu\u010duje se s dva 1\/2&#8243; brzo spajanja i brzo spajanje inline filtra s 40 mre\u017eom.<\/p>\n<p>\u2022 Napon: 12V DC<\/p>\n<p>\u2022 Otvoreni protok GPM (LPM): 3 (11)<\/p>\n<p>\u2022 Priklju\u010dni tlak PSI (BAR): 40 (2,8)<\/p>\n<p>\u2022 Maks. struja AMPERA: 6.2<\/p>\n<p>\u2022 Preporu\u010dena veli\u010dina osigura\u010da: 10<\/p>\n<p>\u2022 Priklju\u010dci luka: 2 x 1\/2&#8243; Ravni spojni dijelovi<\/p>\n<p>\u2022 Dimenzije: 9,1&#8243; du\u017eina, 4,2&#8243; \u0161irina, 4,2&#8243; visina \/ 231(L) x 107(W) x 107(H)mm<\/p>\n<\/div>\n<p><\/p>\n<table class=\"table\">\n<tbody>\n<tr>\n<td><strong>Napon<\/strong><\/td>\n<td>12V DC<\/td>\n<\/tr>\n<tr>\n<td><strong>Brand<\/strong><\/td>\n<td>Jabsco<\/td>\n<\/tr>\n<tr>\n<td><strong>Model<\/strong><\/td>\n<td>31395-4012-3A<\/td>\n<\/tr>\n<tr>\n<td><strong>Zamjenjuje<\/strong><\/td>\n<td>JAB-31395-0392<\/td>\n<\/tr>\n<\/tbody>\n<\/table>\n","protected":false},"excerpt":{"rendered":"<p>Jabsco Par-Max HD3 40PSI 12v &#8211; U\u010dinkovita 12V DC, visokotla\u010dna, samo-podizna pumpa koja pru\u017ea dobru izvedbu u ekonomi\u010dnom formatu. Jabsco<\/p>\n","protected":false},"featured_media":5946046,"comment_status":"open","ping_status":"closed","template":"","meta":[],"product_brand":[3031],"product_cat":[1660],"product_tag":[],"class_list":{"0":"post-744119","1":"product","2":"type-product","3":"status-publish","4":"has-post-thumbnail","6":"product_brand-jabsco-marine-hr","7":"product_cat-pumpe-za-tlak-vode","9":"first","10":"instock","11":"shipping-taxable","12":"purchasable","13":"product-type-simple"},"_links":{"self":[{"href":"https:\/\/stoic-curie.212-227-153-4.plesk.page\/hr\/wp-json\/wp\/v2\/product\/744119","targetHints":{"allow":["GET"]}}],"collection":[{"href":"https:\/\/stoic-curie.212-227-153-4.plesk.page\/hr\/wp-json\/wp\/v2\/product"}],"about":[{"href":"https:\/\/stoic-curie.212-227-153-4.plesk.page\/hr\/wp-json\/wp\/v2\/types\/product"}],"replies":[{"embeddable":true,"href":"https:\/\/stoic-curie.212-227-153-4.plesk.page\/hr\/wp-json\/wp\/v2\/comments?post=744119"}],"version-history":[{"count":0,"href":"https:\/\/stoic-curie.212-227-153-4.plesk.page\/hr\/wp-json\/wp\/v2\/product\/744119\/revisions"}],"wp:featuredmedia":[{"embeddable":true,"href":"https:\/\/stoic-curie.212-227-153-4.plesk.page\/hr\/wp-json\/wp\/v2\/media\/5946046"}],"wp:attachment":[{"href":"https:\/\/stoic-curie.212-227-153-4.plesk.page\/hr\/wp-json\/wp\/v2\/media?parent=744119"}],"wp:term":[{"taxonomy":"product_brand","embeddable":true,"href":"https:\/\/stoic-curie.212-227-153-4.plesk.page\/hr\/wp-json\/wp\/v2\/product_brand?post=744119"},{"taxonomy":"product_cat","embeddable":true,"href":"https:\/\/stoic-curie.212-227-153-4.plesk.page\/hr\/wp-json\/wp\/v2\/product_cat?post=744119"},{"taxonomy":"product_tag","embeddable":true,"href":"https:\/\/stoic-curie.212-227-153-4.plesk.page\/hr\/wp-json\/wp\/v2\/product_tag?post=744119"}],"curies":[{"name":"wp","href":"https:\/\/api.w.org\/{rel}","templated":true}]}}