{"id":744120,"date":"2025-03-03T18:54:35","date_gmt":"2025-03-03T17:54:35","guid":{"rendered":"https:\/\/stoic-curie.212-227-153-4.plesk.page\/producto\/ultraflex-a96-73-87-cm\/"},"modified":"2026-02-25T00:01:12","modified_gmt":"2026-02-25T00:01:12","slug":"ultraflex-a96-73-87-cm","status":"publish","type":"product","link":"https:\/\/stoic-curie.212-227-153-4.plesk.page\/hr\/product\/ultraflex-a96-73-87-cm\/","title":{"rendered":"Ultraflex A96 73-87 cm"},"content":{"rendered":"<p>Ultraflex A96 73-87 cm &#8211; <\/p>\n<p style=\"color: rgb(34, 34, 34); font-family: Arial, Helvetica, sans-serif; font-size: small;\">A96 vezni \u0161ipka je pa\u017eljivo izra\u0111ena za twin vanbrodske motore i kompatibilna je s UC128-OBF i UC130-SVS cilindrima.<\/p>\n<p style=\"color: rgb(34, 34, 34); font-family: Arial, Helvetica, sans-serif; font-size: small;\"><strong>Klju\u010dne zna\u010dajke:<\/strong><\/p>\n<ul style=\"color: rgb(34, 34, 34); font-family: Arial, Helvetica, sans-serif; font-size: small;\">\n<li>Be\u0161avno radi s jednim UC128-OBF ili UC130-SVS prednjim montiranim cilindrom.<\/li>\n<li>Olak\u0161ava neovisno naginjanje oba motora.<\/li>\n<li>Izra\u0111ena od robusnog nehr\u0111aju\u0107eg \u010delika za pove\u0107anu izdr\u017eljivost.<\/li>\n<li>Opremljena elektropoliranim nehr\u0111aju\u0107im \u010deli\u010dnim zglobovima za pobolj\u0161anje performansi.<\/li>\n<\/ul>\n<p style=\"color: rgb(34, 34, 34); font-family: Arial, Helvetica, sans-serif; font-size: small;\"><strong>Dostupne du\u017eine:<\/strong><\/p>\n<ul style=\"color: rgb(34, 34, 34); font-family: Arial, Helvetica, sans-serif; font-size: small;\">\n<li>Od 26&#8243; (660.4 mm) do 29&#8243; (736.6 mm) za sredi\u0161ta dvostrukog motora.<\/li>\n<li>Od 29&#8243; (736.6 mm) do 34.5&#8243; (873.76 mm) za sredi\u0161ta dvostrukog motora.<\/li>\n<\/ul>\n<p style=\"color: rgb(34, 34, 34); font-family: Arial, Helvetica, sans-serif; font-size: small;\"><strong>Va\u017ena napomena:<\/strong>&nbsp;Polo\u017eaj rukohvata mo\u017ee varirati izme\u0111u razli\u010ditih motora, a razmak izme\u0111u motora tako\u0111er mo\u017ee biti razli\u010dit. To mo\u017ee dovesti do nepredvi\u0111enih smetnji tijekom naginjanja. O\u0161tro savjetujemo provo\u0111enje sveobuhvatne inspekcije instalacije vezne \u0161ipke. Za dodatnu podr\u0161ku, molimo kontaktirajte na\u0161 Tim tehni\u010dke podr\u0161ke.<\/p>\n<p style=\"color: rgb(34, 34, 34); font-family: Arial, Helvetica, sans-serif; font-size: small;\"><strong>Ultraflex A96-29 vezna \u0161ipka za dvostruke Mercury\/Yamaha vanbrodske motore (66-73 cm)<\/strong><\/p>\n<p style=\"color: rgb(34, 34, 34); font-family: Arial, Helvetica, sans-serif; font-size: small;\">Ova potpuno nehr\u0111aju\u0107a vezna \u0161ipka lako se pode\u0161ava prije i nakon instalacije.<\/p>\n<ul style=\"color: rgb(34, 34, 34); font-family: Arial, Helvetica, sans-serif; font-size: small;\">\n<li>Omogu\u0107uje neovisno naginjanje motora.<\/li>\n<li>Uklju\u010duje elektropolirane nehr\u0111aju\u0107e \u010deli\u010dne zglobove.<\/li>\n<\/ul>\n<p style=\"color: rgb(34, 34, 34); font-family: Arial, Helvetica, sans-serif; font-size: small;\"><strong>Molimo napomena:<\/strong>&nbsp;Zbog razlika u polo\u017eajima rukohvata i nepredvidivih udaljenosti izme\u0111u motora, nepredvi\u0111ene smetnje mogu nastati prilikom naginjanja. Ultraflex toplo preporu\u010duje profesionalnu procjenu instalacije vezne \u0161ipke. Za vi\u0161e informacija, molimo obratite se Tehni\u010dkoj slu\u017ebi Ultraflex.<br \/><strong>Materijal:<\/strong>&nbsp;Nehr\u0111aju\u0107i \u010delik s elektropoliranim nehr\u0111aju\u0107im \u010deli\u010dnim zglobovima<br \/><strong>Primarna konstrukcija:<\/strong>&nbsp;Nehr\u0111aju\u0107i \u010delik<br \/><strong>Pogodno za:<\/strong>&nbsp;Mercury | Yamaha<br \/><strong>Brand:<\/strong>&nbsp;Ultraflex<br \/><strong>Du\u017eina:<\/strong>&nbsp;660.4 mm (26&#8243;) do 736.6 mm (29&#8243;)<br \/><strong>Dr\u017eava podrijetla:<\/strong>&nbsp;Italija<\/p>\n","protected":false},"excerpt":{"rendered":"<p>Ultraflex A96 73-87 cm &#8211; A96 vezni \u0161ipka je pa\u017eljivo izra\u0111ena za twin vanbrodske motore i kompatibilna je s UC128-OBF<\/p>\n","protected":false},"featured_media":5946052,"comment_status":"open","ping_status":"closed","template":"","meta":[],"product_brand":[3501],"product_cat":[1823],"product_tag":[],"class_list":{"0":"post-744120","1":"product","2":"type-product","3":"status-publish","4":"has-post-thumbnail","6":"product_brand-ultraflex-uflex-hr","7":"product_cat-hidraulicno-kormilarenje","9":"first","10":"instock","11":"shipping-taxable","12":"purchasable","13":"product-type-simple"},"_links":{"self":[{"href":"https:\/\/stoic-curie.212-227-153-4.plesk.page\/hr\/wp-json\/wp\/v2\/product\/744120","targetHints":{"allow":["GET"]}}],"collection":[{"href":"https:\/\/stoic-curie.212-227-153-4.plesk.page\/hr\/wp-json\/wp\/v2\/product"}],"about":[{"href":"https:\/\/stoic-curie.212-227-153-4.plesk.page\/hr\/wp-json\/wp\/v2\/types\/product"}],"replies":[{"embeddable":true,"href":"https:\/\/stoic-curie.212-227-153-4.plesk.page\/hr\/wp-json\/wp\/v2\/comments?post=744120"}],"version-history":[{"count":0,"href":"https:\/\/stoic-curie.212-227-153-4.plesk.page\/hr\/wp-json\/wp\/v2\/product\/744120\/revisions"}],"wp:featuredmedia":[{"embeddable":true,"href":"https:\/\/stoic-curie.212-227-153-4.plesk.page\/hr\/wp-json\/wp\/v2\/media\/5946052"}],"wp:attachment":[{"href":"https:\/\/stoic-curie.212-227-153-4.plesk.page\/hr\/wp-json\/wp\/v2\/media?parent=744120"}],"wp:term":[{"taxonomy":"product_brand","embeddable":true,"href":"https:\/\/stoic-curie.212-227-153-4.plesk.page\/hr\/wp-json\/wp\/v2\/product_brand?post=744120"},{"taxonomy":"product_cat","embeddable":true,"href":"https:\/\/stoic-curie.212-227-153-4.plesk.page\/hr\/wp-json\/wp\/v2\/product_cat?post=744120"},{"taxonomy":"product_tag","embeddable":true,"href":"https:\/\/stoic-curie.212-227-153-4.plesk.page\/hr\/wp-json\/wp\/v2\/product_tag?post=744120"}],"curies":[{"name":"wp","href":"https:\/\/api.w.org\/{rel}","templated":true}]}}