{"id":744121,"date":"2025-03-03T18:54:35","date_gmt":"2025-03-03T17:54:35","guid":{"rendered":"https:\/\/stoic-curie.212-227-153-4.plesk.page\/producto\/roca-93-x-23-mm-zasun-od-nehrdajuceg-celika\/"},"modified":"2026-02-25T00:01:12","modified_gmt":"2026-02-25T00:01:12","slug":"roca-93-x-23-mm-zasun-od-nehrdajuceg-celika","status":"publish","type":"product","link":"https:\/\/stoic-curie.212-227-153-4.plesk.page\/hr\/product\/roca-93-x-23-mm-zasun-od-nehrdajuceg-celika\/","title":{"rendered":"Roca 93 x 23 mm zasun od nehr\u0111aju\u0107eg \u010delika"},"content":{"rendered":"<p>Roca 93 x 23 mm zasun od nehr\u0111aju\u0107eg \u010delika &#8211; <\/p>\n<p>Rocina polirana 316 nehr\u0111aju\u0107i \u010delik ili crni nehr\u0111aju\u0107i \u010delik za zakretne brave. Potpuno zatvoren kako bi se izbjegla o\u0161te\u0107enja stvari i ljudi. Idealno za otvorene ulaze i kov\u010dege.<\/p>\n","protected":false},"excerpt":{"rendered":"<p>Roca 93 x 23 mm zasun od nehr\u0111aju\u0107eg \u010delika &#8211; Rocina polirana 316 nehr\u0111aju\u0107i \u010delik ili crni nehr\u0111aju\u0107i \u010delik za<\/p>\n","protected":false},"featured_media":3080773,"comment_status":"open","ping_status":"closed","template":"","meta":[],"product_brand":[2208,3316],"product_cat":[1708,1687],"product_tag":[],"class_list":{"0":"post-744121","1":"product","2":"type-product","3":"status-publish","4":"has-post-thumbnail","6":"product_brand-roca-marine","7":"product_brand-roca-marine-hr","8":"product_cat-brave-za-vrata","9":"product_cat-brodski-zasuni","11":"first","12":"instock","13":"shipping-taxable","14":"purchasable","15":"product-type-simple"},"_links":{"self":[{"href":"https:\/\/stoic-curie.212-227-153-4.plesk.page\/hr\/wp-json\/wp\/v2\/product\/744121","targetHints":{"allow":["GET"]}}],"collection":[{"href":"https:\/\/stoic-curie.212-227-153-4.plesk.page\/hr\/wp-json\/wp\/v2\/product"}],"about":[{"href":"https:\/\/stoic-curie.212-227-153-4.plesk.page\/hr\/wp-json\/wp\/v2\/types\/product"}],"replies":[{"embeddable":true,"href":"https:\/\/stoic-curie.212-227-153-4.plesk.page\/hr\/wp-json\/wp\/v2\/comments?post=744121"}],"version-history":[{"count":0,"href":"https:\/\/stoic-curie.212-227-153-4.plesk.page\/hr\/wp-json\/wp\/v2\/product\/744121\/revisions"}],"wp:featuredmedia":[{"embeddable":true,"href":"https:\/\/stoic-curie.212-227-153-4.plesk.page\/hr\/wp-json\/wp\/v2\/media\/3080773"}],"wp:attachment":[{"href":"https:\/\/stoic-curie.212-227-153-4.plesk.page\/hr\/wp-json\/wp\/v2\/media?parent=744121"}],"wp:term":[{"taxonomy":"product_brand","embeddable":true,"href":"https:\/\/stoic-curie.212-227-153-4.plesk.page\/hr\/wp-json\/wp\/v2\/product_brand?post=744121"},{"taxonomy":"product_cat","embeddable":true,"href":"https:\/\/stoic-curie.212-227-153-4.plesk.page\/hr\/wp-json\/wp\/v2\/product_cat?post=744121"},{"taxonomy":"product_tag","embeddable":true,"href":"https:\/\/stoic-curie.212-227-153-4.plesk.page\/hr\/wp-json\/wp\/v2\/product_tag?post=744121"}],"curies":[{"name":"wp","href":"https:\/\/api.w.org\/{rel}","templated":true}]}}