{"id":744122,"date":"2025-03-03T18:54:35","date_gmt":"2025-03-03T17:54:35","guid":{"rendered":"https:\/\/stoic-curie.212-227-153-4.plesk.page\/producto\/roca-145-x-31-mm-zasun-od-nehrdajuceg-celika\/"},"modified":"2026-02-25T00:01:12","modified_gmt":"2026-02-25T00:01:12","slug":"roca-145-x-31-mm-zasun-od-nehrdajuceg-celika","status":"publish","type":"product","link":"https:\/\/stoic-curie.212-227-153-4.plesk.page\/hr\/product\/roca-145-x-31-mm-zasun-od-nehrdajuceg-celika\/","title":{"rendered":"Roca 145 x 31 mm zasun od nehr\u0111aju\u0107eg \u010delika"},"content":{"rendered":"<p>Roca 145 x 31 mm zasun od nehr\u0111aju\u0107eg \u010delika &#8211; <\/p>\n<p>Polo\u017eeni Roca brava od nehr\u0111aju\u0107eg \u010delika 316 ili crnog nehr\u0111aju\u0107eg \u010delika. Potpuno pokriven kako bi se izbjegla o\u0161te\u0107enja stvari i ljudi. Idealno za otvore i kov\u010dege.<\/p>\n","protected":false},"excerpt":{"rendered":"<p>Roca 145 x 31 mm zasun od nehr\u0111aju\u0107eg \u010delika &#8211; Polo\u017eeni Roca brava od nehr\u0111aju\u0107eg \u010delika 316 ili crnog nehr\u0111aju\u0107eg<\/p>\n","protected":false},"featured_media":3080773,"comment_status":"open","ping_status":"closed","template":"","meta":[],"product_brand":[3316],"product_cat":[1708,1687],"product_tag":[],"class_list":{"0":"post-744122","1":"product","2":"type-product","3":"status-publish","4":"has-post-thumbnail","6":"product_brand-roca-marine-hr","7":"product_cat-brave-za-vrata","8":"product_cat-brodski-zasuni","10":"first","11":"instock","12":"shipping-taxable","13":"purchasable","14":"product-type-simple"},"_links":{"self":[{"href":"https:\/\/stoic-curie.212-227-153-4.plesk.page\/hr\/wp-json\/wp\/v2\/product\/744122","targetHints":{"allow":["GET"]}}],"collection":[{"href":"https:\/\/stoic-curie.212-227-153-4.plesk.page\/hr\/wp-json\/wp\/v2\/product"}],"about":[{"href":"https:\/\/stoic-curie.212-227-153-4.plesk.page\/hr\/wp-json\/wp\/v2\/types\/product"}],"replies":[{"embeddable":true,"href":"https:\/\/stoic-curie.212-227-153-4.plesk.page\/hr\/wp-json\/wp\/v2\/comments?post=744122"}],"version-history":[{"count":0,"href":"https:\/\/stoic-curie.212-227-153-4.plesk.page\/hr\/wp-json\/wp\/v2\/product\/744122\/revisions"}],"wp:featuredmedia":[{"embeddable":true,"href":"https:\/\/stoic-curie.212-227-153-4.plesk.page\/hr\/wp-json\/wp\/v2\/media\/3080773"}],"wp:attachment":[{"href":"https:\/\/stoic-curie.212-227-153-4.plesk.page\/hr\/wp-json\/wp\/v2\/media?parent=744122"}],"wp:term":[{"taxonomy":"product_brand","embeddable":true,"href":"https:\/\/stoic-curie.212-227-153-4.plesk.page\/hr\/wp-json\/wp\/v2\/product_brand?post=744122"},{"taxonomy":"product_cat","embeddable":true,"href":"https:\/\/stoic-curie.212-227-153-4.plesk.page\/hr\/wp-json\/wp\/v2\/product_cat?post=744122"},{"taxonomy":"product_tag","embeddable":true,"href":"https:\/\/stoic-curie.212-227-153-4.plesk.page\/hr\/wp-json\/wp\/v2\/product_tag?post=744122"}],"curies":[{"name":"wp","href":"https:\/\/api.w.org\/{rel}","templated":true}]}}