{"id":744130,"date":"2025-03-03T18:54:38","date_gmt":"2025-03-03T17:54:38","guid":{"rendered":"https:\/\/stoic-curie.212-227-153-4.plesk.page\/producto\/roca-rakego-sklopivi-nosac-za-stolove-549-mm-140-kg\/"},"modified":"2026-02-25T00:01:12","modified_gmt":"2026-02-25T00:01:12","slug":"roca-rakego-sklopivi-nosac-za-stolove-549-mm-140-kg","status":"publish","type":"product","link":"https:\/\/stoic-curie.212-227-153-4.plesk.page\/hr\/product\/roca-rakego-sklopivi-nosac-za-stolove-549-mm-140-kg\/","title":{"rendered":"Roca Rakego sklopivi nosa\u010d za stolove 549 mm 140 kg"},"content":{"rendered":"<p>Roca Rakego sklopivi nosa\u010d za stolove 549 mm 140 kg &#8211; <\/p>\n<p>Pli\u0107ni stol i nosa\u010di polica Roca Rakego od anodiziranog aluminija u satenastoj ili crnoj boji. Vrlo svestrani, prilago\u0111avaju se svakoj poziciji i potrebama zahvaljuju\u0107i teleskopskoj dr\u0161ci i mehanizmu za zaklju\u010davanje na klik.<\/p>\n","protected":false},"excerpt":{"rendered":"<p>Roca Rakego sklopivi nosa\u010d za stolove 549 mm 140 kg &#8211; Pli\u0107ni stol i nosa\u010di polica Roca Rakego od anodiziranog<\/p>\n","protected":false},"featured_media":5946054,"comment_status":"open","ping_status":"closed","template":"","meta":[],"product_brand":[3316],"product_cat":[1642],"product_tag":[],"class_list":{"0":"post-744130","1":"product","2":"type-product","3":"status-publish","4":"has-post-thumbnail","6":"product_brand-roca-marine-hr","7":"product_cat-brodske-stolice-i-stolovi","9":"first","10":"instock","11":"shipping-taxable","12":"purchasable","13":"product-type-simple"},"_links":{"self":[{"href":"https:\/\/stoic-curie.212-227-153-4.plesk.page\/hr\/wp-json\/wp\/v2\/product\/744130","targetHints":{"allow":["GET"]}}],"collection":[{"href":"https:\/\/stoic-curie.212-227-153-4.plesk.page\/hr\/wp-json\/wp\/v2\/product"}],"about":[{"href":"https:\/\/stoic-curie.212-227-153-4.plesk.page\/hr\/wp-json\/wp\/v2\/types\/product"}],"replies":[{"embeddable":true,"href":"https:\/\/stoic-curie.212-227-153-4.plesk.page\/hr\/wp-json\/wp\/v2\/comments?post=744130"}],"version-history":[{"count":0,"href":"https:\/\/stoic-curie.212-227-153-4.plesk.page\/hr\/wp-json\/wp\/v2\/product\/744130\/revisions"}],"wp:featuredmedia":[{"embeddable":true,"href":"https:\/\/stoic-curie.212-227-153-4.plesk.page\/hr\/wp-json\/wp\/v2\/media\/5946054"}],"wp:attachment":[{"href":"https:\/\/stoic-curie.212-227-153-4.plesk.page\/hr\/wp-json\/wp\/v2\/media?parent=744130"}],"wp:term":[{"taxonomy":"product_brand","embeddable":true,"href":"https:\/\/stoic-curie.212-227-153-4.plesk.page\/hr\/wp-json\/wp\/v2\/product_brand?post=744130"},{"taxonomy":"product_cat","embeddable":true,"href":"https:\/\/stoic-curie.212-227-153-4.plesk.page\/hr\/wp-json\/wp\/v2\/product_cat?post=744130"},{"taxonomy":"product_tag","embeddable":true,"href":"https:\/\/stoic-curie.212-227-153-4.plesk.page\/hr\/wp-json\/wp\/v2\/product_tag?post=744130"}],"curies":[{"name":"wp","href":"https:\/\/api.w.org\/{rel}","templated":true}]}}