{"id":744133,"date":"2025-03-03T18:54:39","date_gmt":"2025-03-03T17:54:39","guid":{"rendered":"https:\/\/stoic-curie.212-227-153-4.plesk.page\/producto\/brisac-roca-w12-12v-68mm\/"},"modified":"2026-02-25T00:01:12","modified_gmt":"2026-02-25T00:01:12","slug":"brisac-roca-w12-12v-68mm","status":"publish","type":"product","link":"https:\/\/stoic-curie.212-227-153-4.plesk.page\/hr\/product\/brisac-roca-w12-12v-68mm\/","title":{"rendered":"Brisa\u010d Roca W12 12v -68mm"},"content":{"rendered":"<p>Brisa\u010d Roca W12 12v -68mm &#8211; <\/p>\n<p>Roca W12 brisa\u010di vjetra za srednje i male \u010damce. Vodootporno ku\u0107i\u0161te IP65 od UV-stabilizirane termoplastike. Motor od 12 Nm s 35 ili 55 brisanja u minuti, samo-parking lijevo ili desno i podesivi kut brisanja od 45\u00b0 do 110\u00b0. Standardna osovina 13,8 mm. Potro\u0161nja 2A u stanju mirovanja i 4A pri punom optere\u0107enju na 12V. Treba ga dovr\u0161iti s rukom i brisa\u010dem.<\/p>\n","protected":false},"excerpt":{"rendered":"<p>Brisa\u010d Roca W12 12v -68mm &#8211; Roca W12 brisa\u010di vjetra za srednje i male \u010damce. Vodootporno ku\u0107i\u0161te IP65 od UV-stabilizirane<\/p>\n","protected":false},"featured_media":5939173,"comment_status":"open","ping_status":"closed","template":"","meta":[],"product_brand":[3316],"product_cat":[1735],"product_tag":[],"class_list":{"0":"post-744133","1":"product","2":"type-product","3":"status-publish","4":"has-post-thumbnail","6":"product_brand-roca-marine-hr","7":"product_cat-brisaci-vjetrobranskog-stakla-na-brodu","9":"first","10":"instock","11":"shipping-taxable","12":"purchasable","13":"product-type-simple"},"_links":{"self":[{"href":"https:\/\/stoic-curie.212-227-153-4.plesk.page\/hr\/wp-json\/wp\/v2\/product\/744133","targetHints":{"allow":["GET"]}}],"collection":[{"href":"https:\/\/stoic-curie.212-227-153-4.plesk.page\/hr\/wp-json\/wp\/v2\/product"}],"about":[{"href":"https:\/\/stoic-curie.212-227-153-4.plesk.page\/hr\/wp-json\/wp\/v2\/types\/product"}],"replies":[{"embeddable":true,"href":"https:\/\/stoic-curie.212-227-153-4.plesk.page\/hr\/wp-json\/wp\/v2\/comments?post=744133"}],"version-history":[{"count":0,"href":"https:\/\/stoic-curie.212-227-153-4.plesk.page\/hr\/wp-json\/wp\/v2\/product\/744133\/revisions"}],"wp:featuredmedia":[{"embeddable":true,"href":"https:\/\/stoic-curie.212-227-153-4.plesk.page\/hr\/wp-json\/wp\/v2\/media\/5939173"}],"wp:attachment":[{"href":"https:\/\/stoic-curie.212-227-153-4.plesk.page\/hr\/wp-json\/wp\/v2\/media?parent=744133"}],"wp:term":[{"taxonomy":"product_brand","embeddable":true,"href":"https:\/\/stoic-curie.212-227-153-4.plesk.page\/hr\/wp-json\/wp\/v2\/product_brand?post=744133"},{"taxonomy":"product_cat","embeddable":true,"href":"https:\/\/stoic-curie.212-227-153-4.plesk.page\/hr\/wp-json\/wp\/v2\/product_cat?post=744133"},{"taxonomy":"product_tag","embeddable":true,"href":"https:\/\/stoic-curie.212-227-153-4.plesk.page\/hr\/wp-json\/wp\/v2\/product_tag?post=744133"}],"curies":[{"name":"wp","href":"https:\/\/api.w.org\/{rel}","templated":true}]}}