{"id":744139,"date":"2025-03-03T18:57:41","date_gmt":"2025-03-03T17:57:41","guid":{"rendered":"https:\/\/stoic-curie.212-227-153-4.plesk.page\/producto\/teleskopska-poluga-od-nehrdajuceg-celika-za-roca-w12-crna-455-591-mm\/"},"modified":"2026-02-25T00:01:12","modified_gmt":"2026-02-25T00:01:12","slug":"teleskopska-poluga-od-nehrdajuceg-celika-za-roca-w12-crna-455-591-mm","status":"publish","type":"product","link":"https:\/\/stoic-curie.212-227-153-4.plesk.page\/hr\/product\/teleskopska-poluga-od-nehrdajuceg-celika-za-roca-w12-crna-455-591-mm\/","title":{"rendered":"Teleskopska poluga od nehr\u0111aju\u0107eg \u010delika za Roca W12 (Crna 455-591 mm)"},"content":{"rendered":"<p>Teleskopska poluga od nehr\u0111aju\u0107eg \u010delika za Roca W12 (Crna 455-591 mm) &#8211; <\/p>\n<p>Roca teleskopske brisa\u010de od nehr\u0111aju\u0107eg \u010delika s podesivom J-kukom. Za brisa\u010de W10\/W12 i za sve brisa\u010de s osovinom od 13,8 mm. 90\u00b0 bo\u010dno S-tipa brisanje.<\/p>\n","protected":false},"excerpt":{"rendered":"<p>Teleskopska poluga od nehr\u0111aju\u0107eg \u010delika za Roca W12 (Crna 455-591 mm) &#8211; Roca teleskopske brisa\u010de od nehr\u0111aju\u0107eg \u010delika s podesivom<\/p>\n","protected":false},"featured_media":5946066,"comment_status":"open","ping_status":"closed","template":"","meta":[],"product_brand":[3316],"product_cat":[1735],"product_tag":[],"class_list":{"0":"post-744139","1":"product","2":"type-product","3":"status-publish","4":"has-post-thumbnail","6":"product_brand-roca-marine-hr","7":"product_cat-brisaci-vjetrobranskog-stakla-na-brodu","9":"first","10":"instock","11":"shipping-taxable","12":"purchasable","13":"product-type-simple"},"_links":{"self":[{"href":"https:\/\/stoic-curie.212-227-153-4.plesk.page\/hr\/wp-json\/wp\/v2\/product\/744139","targetHints":{"allow":["GET"]}}],"collection":[{"href":"https:\/\/stoic-curie.212-227-153-4.plesk.page\/hr\/wp-json\/wp\/v2\/product"}],"about":[{"href":"https:\/\/stoic-curie.212-227-153-4.plesk.page\/hr\/wp-json\/wp\/v2\/types\/product"}],"replies":[{"embeddable":true,"href":"https:\/\/stoic-curie.212-227-153-4.plesk.page\/hr\/wp-json\/wp\/v2\/comments?post=744139"}],"version-history":[{"count":0,"href":"https:\/\/stoic-curie.212-227-153-4.plesk.page\/hr\/wp-json\/wp\/v2\/product\/744139\/revisions"}],"wp:featuredmedia":[{"embeddable":true,"href":"https:\/\/stoic-curie.212-227-153-4.plesk.page\/hr\/wp-json\/wp\/v2\/media\/5946066"}],"wp:attachment":[{"href":"https:\/\/stoic-curie.212-227-153-4.plesk.page\/hr\/wp-json\/wp\/v2\/media?parent=744139"}],"wp:term":[{"taxonomy":"product_brand","embeddable":true,"href":"https:\/\/stoic-curie.212-227-153-4.plesk.page\/hr\/wp-json\/wp\/v2\/product_brand?post=744139"},{"taxonomy":"product_cat","embeddable":true,"href":"https:\/\/stoic-curie.212-227-153-4.plesk.page\/hr\/wp-json\/wp\/v2\/product_cat?post=744139"},{"taxonomy":"product_tag","embeddable":true,"href":"https:\/\/stoic-curie.212-227-153-4.plesk.page\/hr\/wp-json\/wp\/v2\/product_tag?post=744139"}],"curies":[{"name":"wp","href":"https:\/\/api.w.org\/{rel}","templated":true}]}}