{"id":744142,"date":"2025-03-03T18:57:42","date_gmt":"2025-03-03T17:57:42","guid":{"rendered":"https:\/\/stoic-curie.212-227-153-4.plesk.page\/producto\/pantograf-od-nehrdajuceg-celika-roca-454-591-mm-za-w12-brisace\/"},"modified":"2026-02-25T00:01:12","modified_gmt":"2026-02-25T00:01:12","slug":"pantograf-od-nehrdajuceg-celika-roca-454-591-mm-za-w12-brisace","status":"publish","type":"product","link":"https:\/\/stoic-curie.212-227-153-4.plesk.page\/hr\/product\/pantograf-od-nehrdajuceg-celika-roca-454-591-mm-za-w12-brisace\/","title":{"rendered":"Pantograf od nehr\u0111aju\u0107eg \u010delika Roca 454<> 591 mm za W12 brisace"},"content":{"rendered":"<p>Pantograf od nehr\u0111aju\u0107eg \u010delika Roca 454<> 591 mm za W12 brisace &#8211; <\/p>\n<p>Roca inoxna prilagodljiva pantografna rame brisa\u010da s J-om priklju\u010dkom. Za W10\/W12 brisa\u010de i za bilo koju brisa\u010du s osovinom od 13,8 mm. P-tip paralelno brisanje rubova.<\/p>\n","protected":false},"excerpt":{"rendered":"<p>Pantograf od nehr\u0111aju\u0107eg \u010delika Roca 454 591 mm za W12 brisace &#8211; Roca inoxna prilagodljiva pantografna rame brisa\u010da s J-om<\/p>\n","protected":false},"featured_media":5946067,"comment_status":"open","ping_status":"closed","template":"","meta":[],"product_brand":[3316],"product_cat":[1735],"product_tag":[],"class_list":{"0":"post-744142","1":"product","2":"type-product","3":"status-publish","4":"has-post-thumbnail","6":"product_brand-roca-marine-hr","7":"product_cat-brisaci-vjetrobranskog-stakla-na-brodu","9":"first","10":"instock","11":"shipping-taxable","12":"purchasable","13":"product-type-simple"},"_links":{"self":[{"href":"https:\/\/stoic-curie.212-227-153-4.plesk.page\/hr\/wp-json\/wp\/v2\/product\/744142","targetHints":{"allow":["GET"]}}],"collection":[{"href":"https:\/\/stoic-curie.212-227-153-4.plesk.page\/hr\/wp-json\/wp\/v2\/product"}],"about":[{"href":"https:\/\/stoic-curie.212-227-153-4.plesk.page\/hr\/wp-json\/wp\/v2\/types\/product"}],"replies":[{"embeddable":true,"href":"https:\/\/stoic-curie.212-227-153-4.plesk.page\/hr\/wp-json\/wp\/v2\/comments?post=744142"}],"version-history":[{"count":0,"href":"https:\/\/stoic-curie.212-227-153-4.plesk.page\/hr\/wp-json\/wp\/v2\/product\/744142\/revisions"}],"wp:featuredmedia":[{"embeddable":true,"href":"https:\/\/stoic-curie.212-227-153-4.plesk.page\/hr\/wp-json\/wp\/v2\/media\/5946067"}],"wp:attachment":[{"href":"https:\/\/stoic-curie.212-227-153-4.plesk.page\/hr\/wp-json\/wp\/v2\/media?parent=744142"}],"wp:term":[{"taxonomy":"product_brand","embeddable":true,"href":"https:\/\/stoic-curie.212-227-153-4.plesk.page\/hr\/wp-json\/wp\/v2\/product_brand?post=744142"},{"taxonomy":"product_cat","embeddable":true,"href":"https:\/\/stoic-curie.212-227-153-4.plesk.page\/hr\/wp-json\/wp\/v2\/product_cat?post=744142"},{"taxonomy":"product_tag","embeddable":true,"href":"https:\/\/stoic-curie.212-227-153-4.plesk.page\/hr\/wp-json\/wp\/v2\/product_tag?post=744142"}],"curies":[{"name":"wp","href":"https:\/\/api.w.org\/{rel}","templated":true}]}}